{"id":39930,"date":"2024-12-28T15:48:52","date_gmt":"2024-12-28T15:48:52","guid":{"rendered":"https:\/\/vitamincic.com\/it\/?post_type=product&#038;p=39930"},"modified":"2024-12-28T15:48:53","modified_gmt":"2024-12-28T15:48:53","slug":"olio-essenziale-di-incenso-bio-5ml","status":"publish","type":"product","link":"https:\/\/vitamincic.com\/it\/prodotto\/olio-essenziale-di-incenso-bio-5ml\/","title":{"rendered":"Olio essenziale di incenso BIO 5ml"},"content":{"rendered":"<p>Esistono diverse specie di boswellia da cui si ricava l'olio essenziale di incenso, in Somalia, Yemen ed Etiopia. Se le loro indicazioni principali sono solo leggermente diverse, i loro profumi non sono gli stessi - ed \u00e8 per questo che abbiamo scelto l'incenso somalo.<\/p>\n<p>Origine: Somalia<br \/>\nCertificazione: AB<br \/>\nProcesso: distillazione a vapore<\/p>\n<p>Caratteristiche:<br \/>\nAspetto: liquido<br \/>\nColore: da giallo pallido a giallo<br \/>\nOdore - Legnoso, resinoso, verde e balsamico<\/p>\n<p>La sua fragranza si armonizza con: bergamotto, camomilla, cardamomo, cannella, cedro, coriandolo, rosa geranio, salvia sclarea e vaniglia<\/p>\n<p>&nbsp;<\/p>\n<p>La Boswellia carterii (meglio conosciuta come incenso) \u00e8 un albero sempreverde alto fino a 8 metri che appartiene alla famiglia delle Burseraceae. \u00c8 originario della penisola arabica (Oman, Yemen) e dell'Africa nord-orientale (Somalia). Da questo albero si ottiene l'incenso, il succo resinoso e secco. La resina di Boswellia carterii viene classificata dopo questo processo in base al gusto, colore, forma e dimensione. La resina fresca ottenuta dall'albero ha un sapore piccante, gradevole e leggermente amaro.<\/p>\n<p>La Boswellia carterii era l'\u201cincenso\u201d degli antichi Egizi, Greci e Romani che lo utilizzavano come pregiato prodotto aromatico a tutto tondo. Inoltre, \u00e8 una delle erbe pi\u00f9 apprezzate nella tradizionale erboristeria indiana, l'Ayurveda, per le sue propriet\u00e0 sui processi digestivi ed epatici.<\/p>\n<p>&nbsp;<\/p>\n<p>COMPOSIZIONE<br \/>\nBOSWELLIA CARTERII<\/p>\n<p>Molecole principali:<br \/>\nAlfa-pinene<br \/>\nGamma-cadinene<br \/>\nLimonene<\/p>\n","protected":false},"excerpt":{"rendered":"<p><span style=\"color: #000000;\">Una fragranza preziosa e sorprendente!<\/span><\/p>\n","protected":false},"featured_media":39931,"comment_status":"open","ping_status":"closed","template":"","meta":[],"product_brand":[],"product_cat":[2539],"product_tag":[2661],"class_list":{"0":"post-39930","1":"product","2":"type-product","3":"status-publish","4":"has-post-thumbnail","6":"product_cat-senza-categoria","7":"product_tag-disttilerie-saint-hilaire","9":"first","10":"instock","11":"taxable","12":"shipping-taxable","13":"purchasable","14":"product-type-simple"},"yoast_head":"<!-- This site is optimized with the Yoast SEO plugin v27.3 - https:\/\/yoast.com\/product\/yoast-seo-wordpress\/ -->\n<title>Olio essenziale di incenso BIO 5ml - Integratori di Collagene per una Pelle pi\u00f9 Bella<\/title>\n<meta name=\"robots\" content=\"index, follow, max-snippet:-1, max-image-preview:large, max-video-preview:-1\" \/>\n<link rel=\"canonical\" href=\"https:\/\/vitamincic.com\/it\/prodotto\/olio-essenziale-di-incenso-bio-5ml\/\" \/>\n<meta property=\"og:locale\" content=\"it_IT\" \/>\n<meta property=\"og:type\" content=\"article\" \/>\n<meta property=\"og:title\" content=\"Olio essenziale di incenso BIO 5ml - Integratori di Collagene per una Pelle pi\u00f9 Bella\" \/>\n<meta property=\"og:description\" content=\"Una fragranza preziosa e sorprendente!\" \/>\n<meta property=\"og:url\" content=\"https:\/\/vitamincic.com\/it\/prodotto\/olio-essenziale-di-incenso-bio-5ml\/\" \/>\n<meta property=\"og:site_name\" content=\"Integratori di Collagene per una Pelle pi\u00f9 Bella\" \/>\n<meta property=\"article:modified_time\" content=\"2024-12-28T15:48:53+00:00\" \/>\n<meta property=\"og:image\" content=\"https:\/\/vitamincic.com\/it\/wp-content\/uploads\/sites\/4\/2024\/12\/encens-bio.webp\" \/>\n\t<meta property=\"og:image:width\" content=\"445\" \/>\n\t<meta property=\"og:image:height\" content=\"445\" \/>\n\t<meta property=\"og:image:type\" content=\"image\/webp\" \/>\n<meta name=\"twitter:card\" content=\"summary_large_image\" \/>\n<meta name=\"twitter:label1\" content=\"Tempo di lettura stimato\" \/>\n\t<meta name=\"twitter:data1\" content=\"2 minuti\" \/>\n<script type=\"application\/ld+json\" class=\"yoast-schema-graph\">{\"@context\":\"https:\\\/\\\/schema.org\",\"@graph\":[{\"@type\":\"WebPage\",\"@id\":\"https:\\\/\\\/vitamincic.com\\\/it\\\/prodotto\\\/olio-essenziale-di-incenso-bio-5ml\\\/\",\"url\":\"https:\\\/\\\/vitamincic.com\\\/it\\\/prodotto\\\/olio-essenziale-di-incenso-bio-5ml\\\/\",\"name\":\"Olio essenziale di incenso BIO 5ml - Integratori di Collagene per una Pelle pi\u00f9 Bella\",\"isPartOf\":{\"@id\":\"https:\\\/\\\/vitamincic.com\\\/it\\\/#website\"},\"primaryImageOfPage\":{\"@id\":\"https:\\\/\\\/vitamincic.com\\\/it\\\/prodotto\\\/olio-essenziale-di-incenso-bio-5ml\\\/#primaryimage\"},\"image\":{\"@id\":\"https:\\\/\\\/vitamincic.com\\\/it\\\/prodotto\\\/olio-essenziale-di-incenso-bio-5ml\\\/#primaryimage\"},\"thumbnailUrl\":\"https:\\\/\\\/vitamincic.com\\\/it\\\/wp-content\\\/uploads\\\/sites\\\/4\\\/2024\\\/12\\\/encens-bio.webp\",\"datePublished\":\"2024-12-28T15:48:52+00:00\",\"dateModified\":\"2024-12-28T15:48:53+00:00\",\"breadcrumb\":{\"@id\":\"https:\\\/\\\/vitamincic.com\\\/it\\\/prodotto\\\/olio-essenziale-di-incenso-bio-5ml\\\/#breadcrumb\"},\"inLanguage\":\"it-IT\",\"potentialAction\":[{\"@type\":\"ReadAction\",\"target\":[\"https:\\\/\\\/vitamincic.com\\\/it\\\/prodotto\\\/olio-essenziale-di-incenso-bio-5ml\\\/\"]}]},{\"@type\":\"ImageObject\",\"inLanguage\":\"it-IT\",\"@id\":\"https:\\\/\\\/vitamincic.com\\\/it\\\/prodotto\\\/olio-essenziale-di-incenso-bio-5ml\\\/#primaryimage\",\"url\":\"https:\\\/\\\/vitamincic.com\\\/it\\\/wp-content\\\/uploads\\\/sites\\\/4\\\/2024\\\/12\\\/encens-bio.webp\",\"contentUrl\":\"https:\\\/\\\/vitamincic.com\\\/it\\\/wp-content\\\/uploads\\\/sites\\\/4\\\/2024\\\/12\\\/encens-bio.webp\",\"width\":445,\"height\":445},{\"@type\":\"BreadcrumbList\",\"@id\":\"https:\\\/\\\/vitamincic.com\\\/it\\\/prodotto\\\/olio-essenziale-di-incenso-bio-5ml\\\/#breadcrumb\",\"itemListElement\":[{\"@type\":\"ListItem\",\"position\":1,\"name\":\"Po\u010detna stranica\",\"item\":\"https:\\\/\\\/vitamincic.com\\\/it\\\/\"},{\"@type\":\"ListItem\",\"position\":2,\"name\":\"Negozio\",\"item\":\"https:\\\/\\\/vitamincic.com\\\/it\\\/negozio\\\/\"},{\"@type\":\"ListItem\",\"position\":3,\"name\":\"Olio essenziale di incenso BIO 5ml\"}]},{\"@type\":\"WebSite\",\"@id\":\"https:\\\/\\\/vitamincic.com\\\/it\\\/#website\",\"url\":\"https:\\\/\\\/vitamincic.com\\\/it\\\/\",\"name\":\"Integratori di Collagene per una Pelle pi\u00f9 Bella\",\"description\":\"Acquista online Collagene - Minerali e Vitamine integratori da un&#039;ampia selezione nel negozio Salute e cura della persona.\",\"publisher\":{\"@id\":\"https:\\\/\\\/vitamincic.com\\\/it\\\/#organization\"},\"potentialAction\":[{\"@type\":\"SearchAction\",\"target\":{\"@type\":\"EntryPoint\",\"urlTemplate\":\"https:\\\/\\\/vitamincic.com\\\/it\\\/?s={search_term_string}\"},\"query-input\":{\"@type\":\"PropertyValueSpecification\",\"valueRequired\":true,\"valueName\":\"search_term_string\"}}],\"inLanguage\":\"it-IT\"},{\"@type\":\"Organization\",\"@id\":\"https:\\\/\\\/vitamincic.com\\\/it\\\/#organization\",\"name\":\"Vitamin\u010di\u0107 - e-Natura\",\"url\":\"https:\\\/\\\/vitamincic.com\\\/it\\\/\",\"logo\":{\"@type\":\"ImageObject\",\"inLanguage\":\"it-IT\",\"@id\":\"https:\\\/\\\/vitamincic.com\\\/it\\\/#\\\/schema\\\/logo\\\/image\\\/\",\"url\":\"https:\\\/\\\/vitamincic.com\\\/it\\\/wp-content\\\/uploads\\\/sites\\\/4\\\/2021\\\/03\\\/Vitaminic-logo-1.png\",\"contentUrl\":\"https:\\\/\\\/vitamincic.com\\\/it\\\/wp-content\\\/uploads\\\/sites\\\/4\\\/2021\\\/03\\\/Vitaminic-logo-1.png\",\"width\":400,\"height\":115,\"caption\":\"Vitamin\u010di\u0107 - e-Natura\"},\"image\":{\"@id\":\"https:\\\/\\\/vitamincic.com\\\/it\\\/#\\\/schema\\\/logo\\\/image\\\/\"}}]}<\/script>\n<!-- \/ Yoast SEO plugin. -->","yoast_head_json":{"title":"Olio essenziale di incenso BIO 5ml - Integratori di Collagene per una Pelle pi\u00f9 Bella","robots":{"index":"index","follow":"follow","max-snippet":"max-snippet:-1","max-image-preview":"max-image-preview:large","max-video-preview":"max-video-preview:-1"},"canonical":"https:\/\/vitamincic.com\/it\/prodotto\/olio-essenziale-di-incenso-bio-5ml\/","og_locale":"it_IT","og_type":"article","og_title":"Olio essenziale di incenso BIO 5ml - Integratori di Collagene per una Pelle pi\u00f9 Bella","og_description":"Una fragranza preziosa e sorprendente!","og_url":"https:\/\/vitamincic.com\/it\/prodotto\/olio-essenziale-di-incenso-bio-5ml\/","og_site_name":"Integratori di Collagene per una Pelle pi\u00f9 Bella","article_modified_time":"2024-12-28T15:48:53+00:00","og_image":[{"width":445,"height":445,"url":"https:\/\/vitamincic.com\/it\/wp-content\/uploads\/sites\/4\/2024\/12\/encens-bio.webp","type":"image\/webp"}],"twitter_card":"summary_large_image","twitter_misc":{"Tempo di lettura stimato":"2 minuti"},"schema":{"@context":"https:\/\/schema.org","@graph":[{"@type":"WebPage","@id":"https:\/\/vitamincic.com\/it\/prodotto\/olio-essenziale-di-incenso-bio-5ml\/","url":"https:\/\/vitamincic.com\/it\/prodotto\/olio-essenziale-di-incenso-bio-5ml\/","name":"Olio essenziale di incenso BIO 5ml - Integratori di Collagene per una Pelle pi\u00f9 Bella","isPartOf":{"@id":"https:\/\/vitamincic.com\/it\/#website"},"primaryImageOfPage":{"@id":"https:\/\/vitamincic.com\/it\/prodotto\/olio-essenziale-di-incenso-bio-5ml\/#primaryimage"},"image":{"@id":"https:\/\/vitamincic.com\/it\/prodotto\/olio-essenziale-di-incenso-bio-5ml\/#primaryimage"},"thumbnailUrl":"https:\/\/vitamincic.com\/it\/wp-content\/uploads\/sites\/4\/2024\/12\/encens-bio.webp","datePublished":"2024-12-28T15:48:52+00:00","dateModified":"2024-12-28T15:48:53+00:00","breadcrumb":{"@id":"https:\/\/vitamincic.com\/it\/prodotto\/olio-essenziale-di-incenso-bio-5ml\/#breadcrumb"},"inLanguage":"it-IT","potentialAction":[{"@type":"ReadAction","target":["https:\/\/vitamincic.com\/it\/prodotto\/olio-essenziale-di-incenso-bio-5ml\/"]}]},{"@type":"ImageObject","inLanguage":"it-IT","@id":"https:\/\/vitamincic.com\/it\/prodotto\/olio-essenziale-di-incenso-bio-5ml\/#primaryimage","url":"https:\/\/vitamincic.com\/it\/wp-content\/uploads\/sites\/4\/2024\/12\/encens-bio.webp","contentUrl":"https:\/\/vitamincic.com\/it\/wp-content\/uploads\/sites\/4\/2024\/12\/encens-bio.webp","width":445,"height":445},{"@type":"BreadcrumbList","@id":"https:\/\/vitamincic.com\/it\/prodotto\/olio-essenziale-di-incenso-bio-5ml\/#breadcrumb","itemListElement":[{"@type":"ListItem","position":1,"name":"Po\u010detna stranica","item":"https:\/\/vitamincic.com\/it\/"},{"@type":"ListItem","position":2,"name":"Negozio","item":"https:\/\/vitamincic.com\/it\/negozio\/"},{"@type":"ListItem","position":3,"name":"Olio essenziale di incenso BIO 5ml"}]},{"@type":"WebSite","@id":"https:\/\/vitamincic.com\/it\/#website","url":"https:\/\/vitamincic.com\/it\/","name":"Integratori di Collagene per una Pelle pi\u00f9 Bella","description":"Acquista online Collagene - Minerali e Vitamine integratori da un&#039;ampia selezione nel negozio Salute e cura della persona.","publisher":{"@id":"https:\/\/vitamincic.com\/it\/#organization"},"potentialAction":[{"@type":"SearchAction","target":{"@type":"EntryPoint","urlTemplate":"https:\/\/vitamincic.com\/it\/?s={search_term_string}"},"query-input":{"@type":"PropertyValueSpecification","valueRequired":true,"valueName":"search_term_string"}}],"inLanguage":"it-IT"},{"@type":"Organization","@id":"https:\/\/vitamincic.com\/it\/#organization","name":"Vitamin\u010di\u0107 - e-Natura","url":"https:\/\/vitamincic.com\/it\/","logo":{"@type":"ImageObject","inLanguage":"it-IT","@id":"https:\/\/vitamincic.com\/it\/#\/schema\/logo\/image\/","url":"https:\/\/vitamincic.com\/it\/wp-content\/uploads\/sites\/4\/2021\/03\/Vitaminic-logo-1.png","contentUrl":"https:\/\/vitamincic.com\/it\/wp-content\/uploads\/sites\/4\/2021\/03\/Vitaminic-logo-1.png","width":400,"height":115,"caption":"Vitamin\u010di\u0107 - e-Natura"},"image":{"@id":"https:\/\/vitamincic.com\/it\/#\/schema\/logo\/image\/"}}]}},"_links":{"self":[{"href":"https:\/\/vitamincic.com\/it\/wp-json\/wp\/v2\/product\/39930","targetHints":{"allow":["GET"]}}],"collection":[{"href":"https:\/\/vitamincic.com\/it\/wp-json\/wp\/v2\/product"}],"about":[{"href":"https:\/\/vitamincic.com\/it\/wp-json\/wp\/v2\/types\/product"}],"replies":[{"embeddable":true,"href":"https:\/\/vitamincic.com\/it\/wp-json\/wp\/v2\/comments?post=39930"}],"wp:featuredmedia":[{"embeddable":true,"href":"https:\/\/vitamincic.com\/it\/wp-json\/wp\/v2\/media\/39931"}],"wp:attachment":[{"href":"https:\/\/vitamincic.com\/it\/wp-json\/wp\/v2\/media?parent=39930"}],"wp:term":[{"taxonomy":"product_brand","embeddable":true,"href":"https:\/\/vitamincic.com\/it\/wp-json\/wp\/v2\/product_brand?post=39930"},{"taxonomy":"product_cat","embeddable":true,"href":"https:\/\/vitamincic.com\/it\/wp-json\/wp\/v2\/product_cat?post=39930"},{"taxonomy":"product_tag","embeddable":true,"href":"https:\/\/vitamincic.com\/it\/wp-json\/wp\/v2\/product_tag?post=39930"}],"curies":[{"name":"wp","href":"https:\/\/api.w.org\/{rel}","templated":true}]}}