{"id":29560,"date":"2021-04-12T16:34:49","date_gmt":"2021-04-12T16:34:49","guid":{"rendered":"https:\/\/vitamincic.com\/si\/zdravlje-ljepota\/ulje-sjemenki-sljive-50ml\/"},"modified":"2023-04-14T18:04:48","modified_gmt":"2023-04-14T18:04:48","slug":"ulje-sjemenki-sljive-50ml","status":"publish","type":"product","link":"https:\/\/vitamincic.com\/si\/product\/ulje-sjemenki-sljive-50ml\/","title":{"rendered":"Olje slivovih ko\u0161\u010dic 50ml"},"content":{"rendered":"<p>BIO OLJE SLIVOVIH KO\u0160\u010cIC \/ Olje iz semen Prunus Domestica \/<\/p>\n<p>Naravno, nerafinirano, kozmeti\u010dno, hladno stiskano olje, pridobljeno iz slivovih ko\u0161\u010dic. Vsebuje visoko vsebnost oleinske kisline, pribli\u017eno 65 % (omega 9), linolne kisline (omega 6), antioksidante ter vitamina B in E. Deluje hidratantno in za\u0161\u010ditno, nevtralizira delovanje prostih radikalov, meh\u010da in zgladi ko\u017eo. Je lahka in se hitro vpije. Ne zama\u0161i por, zaradi \u010desar je polt dlje \u010dasa videti sve\u017ea, nepravilnosti pa so zmanj\u0161ane na minimum. Spodbuja regeneracijo dermisa in povrhnjice. Ko\u017eo vidno napne in izbolj\u0161a njeno strukturo, zaradi \u010desar ostane dlje mladostna. \u0160\u010diti pred izsu\u0161itvijo in razcepljenimi konicami. Namenjeno zreli, suhi in ob\u010dutljivi ko\u017ei.<\/p>\n<p>BIO ETJA olje sliv je 100 % hladno stiskano, nerafinirano v ekolo\u0161ki razli\u010dici.<\/p>\n<p>KAKO UPORABITI<br \/>\nv \u010disti obliki neposredno na ko\u017eo<br \/>\nmasa\u017ea izbranih delov telesa<br \/>\npriporo\u010damo za odstranjevanje li\u010dil<br \/>\nkot nadomestek za kremo in losjon<br \/>\nkot balzam za lase - majhno koli\u010dino vtrite v vla\u017ene konice las<br \/>\nkot balzam za nohte<br \/>\nuporabite kot pripravek, ki zanj krepi u\u010dinke drugih kozmeti\u010dnih izdelkov<br \/>\nkopel - dodajanje majhne koli\u010dine (8-10 ml) v kopel s toplo vodo bo ko\u017eo navla\u017eilo in zmeh\u010dalo<br \/>\nSKLADI\u0160\u010cENJE<\/p>\n<p>Po uporabi dozirno \u010drpalko vedno zaprite in jo hranite na hladnem.<\/p>\n<p>IZVOR<\/p>\n<p>Francija<\/p>\n<p>Nosilno olje je naravni izdelek. Vpliv sezonskih vremenskih sprememb lahko povzro\u010di majhne spremembe barve, vonja in okusa<\/p>\n","protected":false},"excerpt":{"rendered":"<p><span style=\"vertical-align: inherit;\"><span style=\"vertical-align: inherit;\">Prirodno, nerafinirano, kozmeti\u010dko, hladno pre\u0161ano ulje dobiveno iz sjemenki \u0161ljive.<\/span><\/span><\/p>\n<p><strong><span style=\"vertical-align: inherit;\"><span style=\"vertical-align: inherit;\">Kapacitet: 50 ml s prakti\u010dnom pumpicom za doziranje\u00a0<\/span><\/span><\/strong><\/p>\n","protected":false},"featured_media":29900,"comment_status":"open","ping_status":"closed","template":"","meta":[],"product_brand":[],"product_cat":[2539],"product_tag":[],"class_list":{"0":"post-29560","1":"product","2":"type-product","3":"status-publish","4":"has-post-thumbnail","6":"product_cat-nekategorizirane","8":"first","9":"instock","10":"sale","11":"purchasable","12":"product-type-simple"},"yoast_head":"<!-- This site is optimized with the Yoast SEO plugin v27.3 - https:\/\/yoast.com\/product\/yoast-seo-wordpress\/ -->\n<title>Olje slivovih ko\u0161\u010dic 50ml - Vitamincic Slovenia<\/title>\n<meta name=\"robots\" content=\"index, follow, max-snippet:-1, max-image-preview:large, max-video-preview:-1\" \/>\n<link rel=\"canonical\" href=\"https:\/\/vitamincic.com\/si\/product\/ulje-sjemenki-sljive-50ml\/\" \/>\n<meta property=\"og:locale\" content=\"sl_SI\" \/>\n<meta property=\"og:type\" content=\"article\" \/>\n<meta property=\"og:title\" content=\"Olje slivovih ko\u0161\u010dic 50ml - Vitamincic Slovenia\" \/>\n<meta property=\"og:description\" content=\"Prirodno, nerafinirano, kozmeti\u010dko, hladno pre\u0161ano ulje dobiveno iz sjemenki \u0161ljive.  Kapacitet: 50 ml s prakti\u010dnom pumpicom za doziranje\u00a0\" \/>\n<meta property=\"og:url\" content=\"https:\/\/vitamincic.com\/si\/product\/ulje-sjemenki-sljive-50ml\/\" \/>\n<meta property=\"og:site_name\" content=\"Vitamincic Slovenia\" \/>\n<meta property=\"article:modified_time\" content=\"2023-04-14T18:04:48+00:00\" \/>\n<meta property=\"og:image\" content=\"https:\/\/vitamincic.com\/si\/wp-content\/uploads\/sites\/2\/2021\/03\/olej-z-pestek-sliwki-.jpg\" \/>\n\t<meta property=\"og:image:width\" content=\"1100\" \/>\n\t<meta property=\"og:image:height\" content=\"1422\" \/>\n\t<meta property=\"og:image:type\" content=\"image\/jpeg\" \/>\n<meta name=\"twitter:card\" content=\"summary_large_image\" \/>\n<meta name=\"twitter:label1\" content=\"Est. reading time\" \/>\n\t<meta name=\"twitter:data1\" content=\"2 minuti\" \/>\n<script type=\"application\/ld+json\" class=\"yoast-schema-graph\">{\"@context\":\"https:\\\/\\\/schema.org\",\"@graph\":[{\"@type\":\"WebPage\",\"@id\":\"https:\\\/\\\/vitamincic.com\\\/si\\\/product\\\/ulje-sjemenki-sljive-50ml\\\/\",\"url\":\"https:\\\/\\\/vitamincic.com\\\/si\\\/product\\\/ulje-sjemenki-sljive-50ml\\\/\",\"name\":\"Olje slivovih ko\u0161\u010dic 50ml - Vitamincic Slovenia\",\"isPartOf\":{\"@id\":\"https:\\\/\\\/vitamincic.com\\\/si\\\/#website\"},\"primaryImageOfPage\":{\"@id\":\"https:\\\/\\\/vitamincic.com\\\/si\\\/product\\\/ulje-sjemenki-sljive-50ml\\\/#primaryimage\"},\"image\":{\"@id\":\"https:\\\/\\\/vitamincic.com\\\/si\\\/product\\\/ulje-sjemenki-sljive-50ml\\\/#primaryimage\"},\"thumbnailUrl\":\"https:\\\/\\\/vitamincic.com\\\/si\\\/wp-content\\\/uploads\\\/sites\\\/2\\\/2021\\\/03\\\/olej-z-pestek-sliwki-.jpg\",\"datePublished\":\"2021-04-12T16:34:49+00:00\",\"dateModified\":\"2023-04-14T18:04:48+00:00\",\"breadcrumb\":{\"@id\":\"https:\\\/\\\/vitamincic.com\\\/si\\\/product\\\/ulje-sjemenki-sljive-50ml\\\/#breadcrumb\"},\"inLanguage\":\"sl-SI\",\"potentialAction\":[{\"@type\":\"ReadAction\",\"target\":[\"https:\\\/\\\/vitamincic.com\\\/si\\\/product\\\/ulje-sjemenki-sljive-50ml\\\/\"]}]},{\"@type\":\"ImageObject\",\"inLanguage\":\"sl-SI\",\"@id\":\"https:\\\/\\\/vitamincic.com\\\/si\\\/product\\\/ulje-sjemenki-sljive-50ml\\\/#primaryimage\",\"url\":\"https:\\\/\\\/vitamincic.com\\\/si\\\/wp-content\\\/uploads\\\/sites\\\/2\\\/2021\\\/03\\\/olej-z-pestek-sliwki-.jpg\",\"contentUrl\":\"https:\\\/\\\/vitamincic.com\\\/si\\\/wp-content\\\/uploads\\\/sites\\\/2\\\/2021\\\/03\\\/olej-z-pestek-sliwki-.jpg\",\"width\":1100,\"height\":1422},{\"@type\":\"BreadcrumbList\",\"@id\":\"https:\\\/\\\/vitamincic.com\\\/si\\\/product\\\/ulje-sjemenki-sljive-50ml\\\/#breadcrumb\",\"itemListElement\":[{\"@type\":\"ListItem\",\"position\":1,\"name\":\"Po\u010detna stranica\",\"item\":\"https:\\\/\\\/vitamincic.com\\\/si\\\/\"},{\"@type\":\"ListItem\",\"position\":2,\"name\":\"Trgovina\",\"item\":\"https:\\\/\\\/vitamincic.com\\\/si\\\/trgovina\\\/\"},{\"@type\":\"ListItem\",\"position\":3,\"name\":\"Olje slivovih ko\u0161\u010dic 50ml\"}]},{\"@type\":\"WebSite\",\"@id\":\"https:\\\/\\\/vitamincic.com\\\/si\\\/#website\",\"url\":\"https:\\\/\\\/vitamincic.com\\\/si\\\/\",\"name\":\"Vitamincic Slovenia\",\"description\":\"Ponudite vitaminsko naravno kozmetiko beljakovinska prehranska dopolnila za zdravje in lepoto. Kupiti na spletu.\",\"publisher\":{\"@id\":\"https:\\\/\\\/vitamincic.com\\\/si\\\/#organization\"},\"potentialAction\":[{\"@type\":\"SearchAction\",\"target\":{\"@type\":\"EntryPoint\",\"urlTemplate\":\"https:\\\/\\\/vitamincic.com\\\/si\\\/?s={search_term_string}\"},\"query-input\":{\"@type\":\"PropertyValueSpecification\",\"valueRequired\":true,\"valueName\":\"search_term_string\"}}],\"inLanguage\":\"sl-SI\"},{\"@type\":\"Organization\",\"@id\":\"https:\\\/\\\/vitamincic.com\\\/si\\\/#organization\",\"name\":\"Vitamin\u010di\u0107 - e-Natura\",\"url\":\"https:\\\/\\\/vitamincic.com\\\/si\\\/\",\"logo\":{\"@type\":\"ImageObject\",\"inLanguage\":\"sl-SI\",\"@id\":\"https:\\\/\\\/vitamincic.com\\\/si\\\/#\\\/schema\\\/logo\\\/image\\\/\",\"url\":\"https:\\\/\\\/vitamincic.com\\\/si\\\/wp-content\\\/uploads\\\/sites\\\/2\\\/2021\\\/03\\\/Vitaminic-logo-1.png\",\"contentUrl\":\"https:\\\/\\\/vitamincic.com\\\/si\\\/wp-content\\\/uploads\\\/sites\\\/2\\\/2021\\\/03\\\/Vitaminic-logo-1.png\",\"width\":400,\"height\":115,\"caption\":\"Vitamin\u010di\u0107 - e-Natura\"},\"image\":{\"@id\":\"https:\\\/\\\/vitamincic.com\\\/si\\\/#\\\/schema\\\/logo\\\/image\\\/\"}}]}<\/script>\n<!-- \/ Yoast SEO plugin. -->","yoast_head_json":{"title":"Olje slivovih ko\u0161\u010dic 50ml - Vitamincic Slovenia","robots":{"index":"index","follow":"follow","max-snippet":"max-snippet:-1","max-image-preview":"max-image-preview:large","max-video-preview":"max-video-preview:-1"},"canonical":"https:\/\/vitamincic.com\/si\/product\/ulje-sjemenki-sljive-50ml\/","og_locale":"sl_SI","og_type":"article","og_title":"Olje slivovih ko\u0161\u010dic 50ml - Vitamincic Slovenia","og_description":"Prirodno, nerafinirano, kozmeti\u010dko, hladno pre\u0161ano ulje dobiveno iz sjemenki \u0161ljive.  Kapacitet: 50 ml s prakti\u010dnom pumpicom za doziranje\u00a0","og_url":"https:\/\/vitamincic.com\/si\/product\/ulje-sjemenki-sljive-50ml\/","og_site_name":"Vitamincic Slovenia","article_modified_time":"2023-04-14T18:04:48+00:00","og_image":[{"width":1100,"height":1422,"url":"https:\/\/vitamincic.com\/si\/wp-content\/uploads\/sites\/2\/2021\/03\/olej-z-pestek-sliwki-.jpg","type":"image\/jpeg"}],"twitter_card":"summary_large_image","twitter_misc":{"Est. reading time":"2 minuti"},"schema":{"@context":"https:\/\/schema.org","@graph":[{"@type":"WebPage","@id":"https:\/\/vitamincic.com\/si\/product\/ulje-sjemenki-sljive-50ml\/","url":"https:\/\/vitamincic.com\/si\/product\/ulje-sjemenki-sljive-50ml\/","name":"Olje slivovih ko\u0161\u010dic 50ml - Vitamincic Slovenia","isPartOf":{"@id":"https:\/\/vitamincic.com\/si\/#website"},"primaryImageOfPage":{"@id":"https:\/\/vitamincic.com\/si\/product\/ulje-sjemenki-sljive-50ml\/#primaryimage"},"image":{"@id":"https:\/\/vitamincic.com\/si\/product\/ulje-sjemenki-sljive-50ml\/#primaryimage"},"thumbnailUrl":"https:\/\/vitamincic.com\/si\/wp-content\/uploads\/sites\/2\/2021\/03\/olej-z-pestek-sliwki-.jpg","datePublished":"2021-04-12T16:34:49+00:00","dateModified":"2023-04-14T18:04:48+00:00","breadcrumb":{"@id":"https:\/\/vitamincic.com\/si\/product\/ulje-sjemenki-sljive-50ml\/#breadcrumb"},"inLanguage":"sl-SI","potentialAction":[{"@type":"ReadAction","target":["https:\/\/vitamincic.com\/si\/product\/ulje-sjemenki-sljive-50ml\/"]}]},{"@type":"ImageObject","inLanguage":"sl-SI","@id":"https:\/\/vitamincic.com\/si\/product\/ulje-sjemenki-sljive-50ml\/#primaryimage","url":"https:\/\/vitamincic.com\/si\/wp-content\/uploads\/sites\/2\/2021\/03\/olej-z-pestek-sliwki-.jpg","contentUrl":"https:\/\/vitamincic.com\/si\/wp-content\/uploads\/sites\/2\/2021\/03\/olej-z-pestek-sliwki-.jpg","width":1100,"height":1422},{"@type":"BreadcrumbList","@id":"https:\/\/vitamincic.com\/si\/product\/ulje-sjemenki-sljive-50ml\/#breadcrumb","itemListElement":[{"@type":"ListItem","position":1,"name":"Po\u010detna stranica","item":"https:\/\/vitamincic.com\/si\/"},{"@type":"ListItem","position":2,"name":"Trgovina","item":"https:\/\/vitamincic.com\/si\/trgovina\/"},{"@type":"ListItem","position":3,"name":"Olje slivovih ko\u0161\u010dic 50ml"}]},{"@type":"WebSite","@id":"https:\/\/vitamincic.com\/si\/#website","url":"https:\/\/vitamincic.com\/si\/","name":"Vitamincic Slovenia","description":"Ponudite vitaminsko naravno kozmetiko beljakovinska prehranska dopolnila za zdravje in lepoto. Kupiti na spletu.","publisher":{"@id":"https:\/\/vitamincic.com\/si\/#organization"},"potentialAction":[{"@type":"SearchAction","target":{"@type":"EntryPoint","urlTemplate":"https:\/\/vitamincic.com\/si\/?s={search_term_string}"},"query-input":{"@type":"PropertyValueSpecification","valueRequired":true,"valueName":"search_term_string"}}],"inLanguage":"sl-SI"},{"@type":"Organization","@id":"https:\/\/vitamincic.com\/si\/#organization","name":"Vitamin\u010di\u0107 - e-Natura","url":"https:\/\/vitamincic.com\/si\/","logo":{"@type":"ImageObject","inLanguage":"sl-SI","@id":"https:\/\/vitamincic.com\/si\/#\/schema\/logo\/image\/","url":"https:\/\/vitamincic.com\/si\/wp-content\/uploads\/sites\/2\/2021\/03\/Vitaminic-logo-1.png","contentUrl":"https:\/\/vitamincic.com\/si\/wp-content\/uploads\/sites\/2\/2021\/03\/Vitaminic-logo-1.png","width":400,"height":115,"caption":"Vitamin\u010di\u0107 - e-Natura"},"image":{"@id":"https:\/\/vitamincic.com\/si\/#\/schema\/logo\/image\/"}}]}},"_links":{"self":[{"href":"https:\/\/vitamincic.com\/si\/wp-json\/wp\/v2\/product\/29560","targetHints":{"allow":["GET"]}}],"collection":[{"href":"https:\/\/vitamincic.com\/si\/wp-json\/wp\/v2\/product"}],"about":[{"href":"https:\/\/vitamincic.com\/si\/wp-json\/wp\/v2\/types\/product"}],"replies":[{"embeddable":true,"href":"https:\/\/vitamincic.com\/si\/wp-json\/wp\/v2\/comments?post=29560"}],"wp:featuredmedia":[{"embeddable":true,"href":"https:\/\/vitamincic.com\/si\/wp-json\/wp\/v2\/media\/29900"}],"wp:attachment":[{"href":"https:\/\/vitamincic.com\/si\/wp-json\/wp\/v2\/media?parent=29560"}],"wp:term":[{"taxonomy":"product_brand","embeddable":true,"href":"https:\/\/vitamincic.com\/si\/wp-json\/wp\/v2\/product_brand?post=29560"},{"taxonomy":"product_cat","embeddable":true,"href":"https:\/\/vitamincic.com\/si\/wp-json\/wp\/v2\/product_cat?post=29560"},{"taxonomy":"product_tag","embeddable":true,"href":"https:\/\/vitamincic.com\/si\/wp-json\/wp\/v2\/product_tag?post=29560"}],"curies":[{"name":"wp","href":"https:\/\/api.w.org\/{rel}","templated":true}]}}