{"id":29604,"date":"2021-04-12T16:34:54","date_gmt":"2021-04-12T16:34:54","guid":{"rendered":"https:\/\/vitamincic.com\/si\/zdravlje-ljepota\/joint-support-500-ml\/"},"modified":"2025-08-15T10:34:48","modified_gmt":"2025-08-15T10:34:48","slug":"kolagen-za-sklepe-tip-2","status":"publish","type":"product","link":"https:\/\/vitamincic.com\/si\/product\/kolagen-za-sklepe-tip-2\/","title":{"rendered":"Kolagen za sklepe tipa 1,2 i 3 s 5000 mg + glukozamin + hondroitin + MSM + kurkuma + vitamin C, B12, D3"},"content":{"rendered":"","protected":false},"excerpt":{"rendered":"<p><span style=\"vertical-align: inherit;\"><span style=\"vertical-align: inherit;\">Sadr\u017ei 10 aktivnih sastojaka: hidrolizirani kolagen tip 1, 2, 3 s 5000 mg, glukozamin, kondroitin, MSM, L-karnitin kurkuma, zeleni \u010daj, vitamini C, B12 i D3.<\/span><\/span><\/p>\n","protected":false},"featured_media":36669,"comment_status":"closed","ping_status":"closed","template":"","meta":[],"product_brand":[],"product_cat":[2662,2562],"product_tag":[2608],"class_list":{"0":"post-29604","1":"product","2":"type-product","3":"status-publish","4":"has-post-thumbnail","6":"product_cat-kolagen-za-sklepe","7":"product_cat-sklepi","8":"product_tag-swedish-nutra","10":"first","11":"instock","12":"sale","13":"purchasable","14":"product-type-simple"},"yoast_head":"<!-- This site is optimized with the Yoast SEO plugin v27.3 - https:\/\/yoast.com\/product\/yoast-seo-wordpress\/ -->\n<title>Kolagen za sklepe - Joint Support- kolagen tipa 2 | Vitamin\u010di\u0107<\/title>\n<meta name=\"description\" content=\"Kolagen tipa 2 z 9 dodatnimi aktivnimi sestavinami je najbolj\u0161i za sklepe. Zmanj\u0161uje bole\u010dino in vnetje, pospe\u0161uje okrevanje.\" \/>\n<meta name=\"robots\" content=\"index, follow, max-snippet:-1, max-image-preview:large, max-video-preview:-1\" \/>\n<link rel=\"canonical\" href=\"https:\/\/vitamincic.com\/si\/product\/kolagen-za-sklepe-tip-2\/\" \/>\n<meta property=\"og:locale\" content=\"sl_SI\" \/>\n<meta property=\"og:type\" content=\"article\" \/>\n<meta property=\"og:title\" content=\"Kolagen za sklepe - Joint Support- kolagen tipa 2 | Vitamin\u010di\u0107\" \/>\n<meta property=\"og:description\" content=\"Kolagen tipa 2 z 9 dodatnimi aktivnimi sestavinami je najbolj\u0161i za sklepe. Zmanj\u0161uje bole\u010dino in vnetje, pospe\u0161uje okrevanje.\" \/>\n<meta property=\"og:url\" content=\"https:\/\/vitamincic.com\/si\/product\/kolagen-za-sklepe-tip-2\/\" \/>\n<meta property=\"og:site_name\" content=\"Vitamincic Slovenia\" \/>\n<meta property=\"article:modified_time\" content=\"2025-08-15T10:34:48+00:00\" \/>\n<meta property=\"og:image\" content=\"https:\/\/vitamincic.com\/si\/wp-content\/uploads\/sites\/2\/2021\/04\/Joint-Support-768x768-1.jpg\" \/>\n\t<meta property=\"og:image:width\" content=\"768\" \/>\n\t<meta property=\"og:image:height\" content=\"768\" \/>\n\t<meta property=\"og:image:type\" content=\"image\/jpeg\" \/>\n<meta name=\"twitter:card\" content=\"summary_large_image\" \/>\n<meta name=\"twitter:label1\" content=\"Est. reading time\" \/>\n\t<meta name=\"twitter:data1\" content=\"16 minut\" \/>\n<script type=\"application\/ld+json\" class=\"yoast-schema-graph\">{\"@context\":\"https:\\\/\\\/schema.org\",\"@graph\":[{\"@type\":\"WebPage\",\"@id\":\"https:\\\/\\\/vitamincic.com\\\/si\\\/product\\\/kolagen-za-sklepe-tip-2\\\/\",\"url\":\"https:\\\/\\\/vitamincic.com\\\/si\\\/product\\\/kolagen-za-sklepe-tip-2\\\/\",\"name\":\"Kolagen za sklepe - Joint Support- kolagen tipa 2 | Vitamin\u010di\u0107\",\"isPartOf\":{\"@id\":\"https:\\\/\\\/vitamincic.com\\\/si\\\/#website\"},\"primaryImageOfPage\":{\"@id\":\"https:\\\/\\\/vitamincic.com\\\/si\\\/product\\\/kolagen-za-sklepe-tip-2\\\/#primaryimage\"},\"image\":{\"@id\":\"https:\\\/\\\/vitamincic.com\\\/si\\\/product\\\/kolagen-za-sklepe-tip-2\\\/#primaryimage\"},\"thumbnailUrl\":\"https:\\\/\\\/vitamincic.com\\\/si\\\/wp-content\\\/uploads\\\/sites\\\/2\\\/2021\\\/04\\\/Joint-Support-768x768-1.jpg\",\"datePublished\":\"2021-04-12T16:34:54+00:00\",\"dateModified\":\"2025-08-15T10:34:48+00:00\",\"description\":\"Kolagen tipa 2 z 9 dodatnimi aktivnimi sestavinami je najbolj\u0161i za sklepe. Zmanj\u0161uje bole\u010dino in vnetje, pospe\u0161uje okrevanje.\",\"breadcrumb\":{\"@id\":\"https:\\\/\\\/vitamincic.com\\\/si\\\/product\\\/kolagen-za-sklepe-tip-2\\\/#breadcrumb\"},\"inLanguage\":\"sl-SI\",\"potentialAction\":[{\"@type\":\"ReadAction\",\"target\":[\"https:\\\/\\\/vitamincic.com\\\/si\\\/product\\\/kolagen-za-sklepe-tip-2\\\/\"]}]},{\"@type\":\"ImageObject\",\"inLanguage\":\"sl-SI\",\"@id\":\"https:\\\/\\\/vitamincic.com\\\/si\\\/product\\\/kolagen-za-sklepe-tip-2\\\/#primaryimage\",\"url\":\"https:\\\/\\\/vitamincic.com\\\/si\\\/wp-content\\\/uploads\\\/sites\\\/2\\\/2021\\\/04\\\/Joint-Support-768x768-1.jpg\",\"contentUrl\":\"https:\\\/\\\/vitamincic.com\\\/si\\\/wp-content\\\/uploads\\\/sites\\\/2\\\/2021\\\/04\\\/Joint-Support-768x768-1.jpg\",\"width\":768,\"height\":768,\"caption\":\"Joint Support kolagen za sklepe\"},{\"@type\":\"BreadcrumbList\",\"@id\":\"https:\\\/\\\/vitamincic.com\\\/si\\\/product\\\/kolagen-za-sklepe-tip-2\\\/#breadcrumb\",\"itemListElement\":[{\"@type\":\"ListItem\",\"position\":1,\"name\":\"Po\u010detna stranica\",\"item\":\"https:\\\/\\\/vitamincic.com\\\/si\\\/\"},{\"@type\":\"ListItem\",\"position\":2,\"name\":\"Trgovina\",\"item\":\"https:\\\/\\\/vitamincic.com\\\/si\\\/trgovina\\\/\"},{\"@type\":\"ListItem\",\"position\":3,\"name\":\"Kolagen za sklepe tipa 1,2 i 3 s 5000 mg + glukozamin + hondroitin + MSM + kurkuma + vitamin C, B12, D3\"}]},{\"@type\":\"WebSite\",\"@id\":\"https:\\\/\\\/vitamincic.com\\\/si\\\/#website\",\"url\":\"https:\\\/\\\/vitamincic.com\\\/si\\\/\",\"name\":\"Vitamincic Slovenia\",\"description\":\"Ponudite vitaminsko naravno kozmetiko beljakovinska prehranska dopolnila za zdravje in lepoto. Kupiti na spletu.\",\"publisher\":{\"@id\":\"https:\\\/\\\/vitamincic.com\\\/si\\\/#organization\"},\"potentialAction\":[{\"@type\":\"SearchAction\",\"target\":{\"@type\":\"EntryPoint\",\"urlTemplate\":\"https:\\\/\\\/vitamincic.com\\\/si\\\/?s={search_term_string}\"},\"query-input\":{\"@type\":\"PropertyValueSpecification\",\"valueRequired\":true,\"valueName\":\"search_term_string\"}}],\"inLanguage\":\"sl-SI\"},{\"@type\":\"Organization\",\"@id\":\"https:\\\/\\\/vitamincic.com\\\/si\\\/#organization\",\"name\":\"Vitamin\u010di\u0107 - e-Natura\",\"url\":\"https:\\\/\\\/vitamincic.com\\\/si\\\/\",\"logo\":{\"@type\":\"ImageObject\",\"inLanguage\":\"sl-SI\",\"@id\":\"https:\\\/\\\/vitamincic.com\\\/si\\\/#\\\/schema\\\/logo\\\/image\\\/\",\"url\":\"https:\\\/\\\/vitamincic.com\\\/si\\\/wp-content\\\/uploads\\\/sites\\\/2\\\/2021\\\/03\\\/Vitaminic-logo-1.png\",\"contentUrl\":\"https:\\\/\\\/vitamincic.com\\\/si\\\/wp-content\\\/uploads\\\/sites\\\/2\\\/2021\\\/03\\\/Vitaminic-logo-1.png\",\"width\":400,\"height\":115,\"caption\":\"Vitamin\u010di\u0107 - e-Natura\"},\"image\":{\"@id\":\"https:\\\/\\\/vitamincic.com\\\/si\\\/#\\\/schema\\\/logo\\\/image\\\/\"}}]}<\/script>\n<!-- \/ Yoast SEO plugin. -->","yoast_head_json":{"title":"Kolagen za sklepe - Joint Support- kolagen tipa 2 | Vitamin\u010di\u0107","description":"Kolagen tipa 2 z 9 dodatnimi aktivnimi sestavinami je najbolj\u0161i za sklepe. Zmanj\u0161uje bole\u010dino in vnetje, pospe\u0161uje okrevanje.","robots":{"index":"index","follow":"follow","max-snippet":"max-snippet:-1","max-image-preview":"max-image-preview:large","max-video-preview":"max-video-preview:-1"},"canonical":"https:\/\/vitamincic.com\/si\/product\/kolagen-za-sklepe-tip-2\/","og_locale":"sl_SI","og_type":"article","og_title":"Kolagen za sklepe - Joint Support- kolagen tipa 2 | Vitamin\u010di\u0107","og_description":"Kolagen tipa 2 z 9 dodatnimi aktivnimi sestavinami je najbolj\u0161i za sklepe. Zmanj\u0161uje bole\u010dino in vnetje, pospe\u0161uje okrevanje.","og_url":"https:\/\/vitamincic.com\/si\/product\/kolagen-za-sklepe-tip-2\/","og_site_name":"Vitamincic Slovenia","article_modified_time":"2025-08-15T10:34:48+00:00","og_image":[{"width":768,"height":768,"url":"https:\/\/vitamincic.com\/si\/wp-content\/uploads\/sites\/2\/2021\/04\/Joint-Support-768x768-1.jpg","type":"image\/jpeg"}],"twitter_card":"summary_large_image","twitter_misc":{"Est. reading time":"16 minut"},"schema":{"@context":"https:\/\/schema.org","@graph":[{"@type":"WebPage","@id":"https:\/\/vitamincic.com\/si\/product\/kolagen-za-sklepe-tip-2\/","url":"https:\/\/vitamincic.com\/si\/product\/kolagen-za-sklepe-tip-2\/","name":"Kolagen za sklepe - Joint Support- kolagen tipa 2 | Vitamin\u010di\u0107","isPartOf":{"@id":"https:\/\/vitamincic.com\/si\/#website"},"primaryImageOfPage":{"@id":"https:\/\/vitamincic.com\/si\/product\/kolagen-za-sklepe-tip-2\/#primaryimage"},"image":{"@id":"https:\/\/vitamincic.com\/si\/product\/kolagen-za-sklepe-tip-2\/#primaryimage"},"thumbnailUrl":"https:\/\/vitamincic.com\/si\/wp-content\/uploads\/sites\/2\/2021\/04\/Joint-Support-768x768-1.jpg","datePublished":"2021-04-12T16:34:54+00:00","dateModified":"2025-08-15T10:34:48+00:00","description":"Kolagen tipa 2 z 9 dodatnimi aktivnimi sestavinami je najbolj\u0161i za sklepe. Zmanj\u0161uje bole\u010dino in vnetje, pospe\u0161uje okrevanje.","breadcrumb":{"@id":"https:\/\/vitamincic.com\/si\/product\/kolagen-za-sklepe-tip-2\/#breadcrumb"},"inLanguage":"sl-SI","potentialAction":[{"@type":"ReadAction","target":["https:\/\/vitamincic.com\/si\/product\/kolagen-za-sklepe-tip-2\/"]}]},{"@type":"ImageObject","inLanguage":"sl-SI","@id":"https:\/\/vitamincic.com\/si\/product\/kolagen-za-sklepe-tip-2\/#primaryimage","url":"https:\/\/vitamincic.com\/si\/wp-content\/uploads\/sites\/2\/2021\/04\/Joint-Support-768x768-1.jpg","contentUrl":"https:\/\/vitamincic.com\/si\/wp-content\/uploads\/sites\/2\/2021\/04\/Joint-Support-768x768-1.jpg","width":768,"height":768,"caption":"Joint Support kolagen za sklepe"},{"@type":"BreadcrumbList","@id":"https:\/\/vitamincic.com\/si\/product\/kolagen-za-sklepe-tip-2\/#breadcrumb","itemListElement":[{"@type":"ListItem","position":1,"name":"Po\u010detna stranica","item":"https:\/\/vitamincic.com\/si\/"},{"@type":"ListItem","position":2,"name":"Trgovina","item":"https:\/\/vitamincic.com\/si\/trgovina\/"},{"@type":"ListItem","position":3,"name":"Kolagen za sklepe tipa 1,2 i 3 s 5000 mg + glukozamin + hondroitin + MSM + kurkuma + vitamin C, B12, D3"}]},{"@type":"WebSite","@id":"https:\/\/vitamincic.com\/si\/#website","url":"https:\/\/vitamincic.com\/si\/","name":"Vitamincic Slovenia","description":"Ponudite vitaminsko naravno kozmetiko beljakovinska prehranska dopolnila za zdravje in lepoto. Kupiti na spletu.","publisher":{"@id":"https:\/\/vitamincic.com\/si\/#organization"},"potentialAction":[{"@type":"SearchAction","target":{"@type":"EntryPoint","urlTemplate":"https:\/\/vitamincic.com\/si\/?s={search_term_string}"},"query-input":{"@type":"PropertyValueSpecification","valueRequired":true,"valueName":"search_term_string"}}],"inLanguage":"sl-SI"},{"@type":"Organization","@id":"https:\/\/vitamincic.com\/si\/#organization","name":"Vitamin\u010di\u0107 - e-Natura","url":"https:\/\/vitamincic.com\/si\/","logo":{"@type":"ImageObject","inLanguage":"sl-SI","@id":"https:\/\/vitamincic.com\/si\/#\/schema\/logo\/image\/","url":"https:\/\/vitamincic.com\/si\/wp-content\/uploads\/sites\/2\/2021\/03\/Vitaminic-logo-1.png","contentUrl":"https:\/\/vitamincic.com\/si\/wp-content\/uploads\/sites\/2\/2021\/03\/Vitaminic-logo-1.png","width":400,"height":115,"caption":"Vitamin\u010di\u0107 - e-Natura"},"image":{"@id":"https:\/\/vitamincic.com\/si\/#\/schema\/logo\/image\/"}}]}},"_links":{"self":[{"href":"https:\/\/vitamincic.com\/si\/wp-json\/wp\/v2\/product\/29604","targetHints":{"allow":["GET"]}}],"collection":[{"href":"https:\/\/vitamincic.com\/si\/wp-json\/wp\/v2\/product"}],"about":[{"href":"https:\/\/vitamincic.com\/si\/wp-json\/wp\/v2\/types\/product"}],"replies":[{"embeddable":true,"href":"https:\/\/vitamincic.com\/si\/wp-json\/wp\/v2\/comments?post=29604"}],"wp:featuredmedia":[{"embeddable":true,"href":"https:\/\/vitamincic.com\/si\/wp-json\/wp\/v2\/media\/36669"}],"wp:attachment":[{"href":"https:\/\/vitamincic.com\/si\/wp-json\/wp\/v2\/media?parent=29604"}],"wp:term":[{"taxonomy":"product_brand","embeddable":true,"href":"https:\/\/vitamincic.com\/si\/wp-json\/wp\/v2\/product_brand?post=29604"},{"taxonomy":"product_cat","embeddable":true,"href":"https:\/\/vitamincic.com\/si\/wp-json\/wp\/v2\/product_cat?post=29604"},{"taxonomy":"product_tag","embeddable":true,"href":"https:\/\/vitamincic.com\/si\/wp-json\/wp\/v2\/product_tag?post=29604"}],"curies":[{"name":"wp","href":"https:\/\/api.w.org\/{rel}","templated":true}]}}