{"id":29641,"date":"2021-04-12T16:34:58","date_gmt":"2021-04-12T16:34:58","guid":{"rendered":"https:\/\/vitamincic.com\/si\/zdravlje-ljepota\/kal-maximum-nk-cells-60-tableta\/"},"modified":"2024-09-26T09:20:49","modified_gmt":"2024-09-26T09:20:49","slug":"kal-maximum-nk-cells-60-tableta","status":"publish","type":"product","link":"https:\/\/vitamincic.com\/si\/product\/kal-maximum-nk-cells-60-tableta\/","title":{"rendered":"KAL Maximum NK Cells, 60 tableta"},"content":{"rendered":"<div>\n<div class=\"tab-content content-wwg\">\n<div id=\"description\" class=\"tab-pane fade active in\">\n<div class=\"row\">\n<div class=\"col-md-12\">\n<p><strong>O PROIZVODU<\/strong><\/p>\n<ul>\n<li><strong>Naziv proizvoda:<\/strong>\u00a0KAL Maximum NK Cells, 60 tableta<\/li>\n<li><strong>Proizvo\u0111a\u010d:<\/strong>\u00a0Nutraceutical Corporation<\/li>\n<li><strong>Adresa proizvo\u0111a\u010da:<\/strong>\u00a01777 Sun Peak Drive, Park City, UT 84098 USA<\/li>\n<li><strong>Zemlja porijekla:<\/strong>\u00a0SAD<\/li>\n<li><strong>Brand:<\/strong>\u00a0KAL<\/li>\n<li><strong>Koli\u010dina:<\/strong>\u00a060 tableta<\/li>\n<li><strong>Pakiranje:<\/strong>\u00a0Bo\u010dica<\/li>\n<\/ul>\n<p><strong>NA\u010cIN UPOTREBE\u00a0<\/strong><\/p>\n<ul>\n<li>Uzimati 1 tabletu do dva puta dnevno (uz obrok ili \u010da\u0161u vode) ili po preporuci stru\u010dne osobe.<\/li>\n<\/ul>\n<p><strong>NAPOMENE<\/strong><\/p>\n<p>Preporu\u010dene dnevne doze ne smiju se prekora\u010diti. Dodatak prehrani nije nadomjestak ili zamjena uravnote\u017eenoj prehrani. Va\u017eno je pridr\u017eavati se uravnote\u017eene i raznovrsne prehrane i zdravog na\u010dina \u017eivota. \u010cuvati od dohvata male djece.<\/p>\n<p><strong><br \/>\nUPOZORENJE<\/strong><\/p>\n<p>Potrebno je prije uzimanja dodatka prehrani posavjetovati se s lije\u010dnikom ili stru\u010dnom osobom. Nije za osobe mla\u0111e od 18 godina. Osobe koje uzimaju lijekove trebaju se prije uzimanja posavjetovati s lije\u010dnikom. Ne preporu\u010duje se trudnicama i dojiljama. Vremensko ograni\u010denje primjene za aloj: ne dulje od 2 tjedna u kontinuitetu. Ne koristiti ako za\u0161titna ovojnica ispod \u010depa nedostaje ili je o\u0161te\u0107ena.<\/p>\n<p><strong>UVJETI \u010cUVANJA<\/strong><\/p>\n<p>Na suhom i tamnom mjestu na temperaturi do 25\u00b0C.<\/p>\n<p>&nbsp;<\/p>\n<\/div>\n<\/div>\n<\/div>\n<\/div>\n<\/div>\n<div>\n<div class=\"tab-content content-wwg\">\n<div id=\"description\" class=\"tab-pane fade active in\">\n<div class=\"row\">\n<div class=\"col-md-12\">\n<p><strong>Sastojci<\/strong>:\u00a0arabinogalaktan, beta glukan, aloj, gljive: maitake, reishi, shiitake; emulgator celuloza, stabilizator stearinska kiselina, punilo maltodekstrin, tvar za sprje\u010davanje zgrudnjavanja silicijev dioksid.<\/p>\n<table id=\"tablepress-122\" class=\"tablepress tablepress-id-122\">\n<thead>\n<tr class=\"row-1 odd\">\n<th class=\"column-1\">Sastojci u preporu\u010denoj dnevnoj dozi (=2 tablete):<\/th>\n<th class=\"column-2\">Neto:<\/th>\n<\/tr>\n<\/thead>\n<tbody class=\"row-hover\">\n<tr class=\"row-2 even\">\n<td class=\"column-1\">ImmunEnhancer\u2122<br \/>\n(Ari\u0161 (Larix spp.) (ekstrakt drva)) (osigurava 850 mg [85%] arabinogalaktana)<\/td>\n<td class=\"column-2\">1000 mg<\/td>\n<\/tr>\n<tr class=\"row-3 odd\">\n<td class=\"column-1\">Beta glukan (1\/3, 1\/6) (iz stani\u010dne membrane kvasca)<\/td>\n<td class=\"column-2\">200 mg<\/td>\n<\/tr>\n<tr class=\"row-4 even\">\n<td class=\"column-1\">Aloj (Aloe barbadensis) (gel) (200x)<\/td>\n<td class=\"column-2\">150 mg<\/td>\n<\/tr>\n<tr class=\"row-5 odd\">\n<td class=\"column-1\">Maitake gljiva (Grifolia frondosa) (micelij gljive \/ biomasa sme\u0111e ri\u017ee)<\/td>\n<td class=\"column-2\">150 mg<\/td>\n<\/tr>\n<tr class=\"row-6 even\">\n<td class=\"column-1\">Reishi gljiva (Ganoderma lucidum) (micelij gljive \/ biomasa sme\u0111e ri\u017ee)<\/td>\n<td class=\"column-2\">150 mg<\/td>\n<\/tr>\n<tr class=\"row-7 odd\">\n<td class=\"column-1\">Shiitake gljiva (Lentinula edodes) (micelij gljive \/ biomasa sme\u0111e ri\u017ee)<\/td>\n<td class=\"column-2\">150 mg<\/td>\n<\/tr>\n<\/tbody>\n<\/table>\n<\/div>\n<\/div>\n<\/div>\n<\/div>\n<\/div>\n","protected":false},"excerpt":{"rendered":"<p>Maximum NK Cells sastoji se od posebne mje\u0161avine Immun Enhancer\u2122 (Larix spp.), beta glukana, aloe (Aloe barbadensis) i 3 vrste gljiva, Maitake (Grifolia frondosa), Reishi (Ganoderma lucidum) i Shiitake (Lentinula edodes).<\/p>\n","protected":false},"featured_media":29817,"comment_status":"open","ping_status":"closed","template":"","meta":[],"product_brand":[],"product_cat":[2560],"product_tag":[],"class_list":{"0":"post-29641","1":"product","2":"type-product","3":"status-publish","4":"has-post-thumbnail","6":"product_cat-imunost","8":"first","9":"instock","10":"purchasable","11":"product-type-simple"},"yoast_head":"<!-- This site is optimized with the Yoast SEO plugin v27.3 - https:\/\/yoast.com\/product\/yoast-seo-wordpress\/ -->\n<title>KAL Maximum NK Cells, 60 tableta - Vitamincic Slovenia<\/title>\n<meta name=\"robots\" content=\"index, follow, max-snippet:-1, max-image-preview:large, max-video-preview:-1\" \/>\n<link rel=\"canonical\" href=\"https:\/\/vitamincic.com\/si\/product\/kal-maximum-nk-cells-60-tableta\/\" \/>\n<meta property=\"og:locale\" content=\"sl_SI\" \/>\n<meta property=\"og:type\" content=\"article\" \/>\n<meta property=\"og:title\" content=\"KAL Maximum NK Cells, 60 tableta - Vitamincic Slovenia\" \/>\n<meta property=\"og:description\" content=\"Maximum NK Cells sastoji se od posebne mje\u0161avine Immun Enhancer\u2122 (Larix spp.), beta glukana, aloe (Aloe barbadensis) i 3 vrste gljiva, Maitake (Grifolia frondosa), Reishi (Ganoderma lucidum) i Shiitake (Lentinula edodes).\" \/>\n<meta property=\"og:url\" content=\"https:\/\/vitamincic.com\/si\/product\/kal-maximum-nk-cells-60-tableta\/\" \/>\n<meta property=\"og:site_name\" content=\"Vitamincic Slovenia\" \/>\n<meta property=\"article:modified_time\" content=\"2024-09-26T09:20:49+00:00\" \/>\n<meta property=\"og:image\" content=\"https:\/\/vitamincic.com\/si\/wp-content\/uploads\/sites\/2\/2021\/03\/Maximum-NK-Cells-021245100249.jpg\" \/>\n\t<meta property=\"og:image:width\" content=\"1200\" \/>\n\t<meta property=\"og:image:height\" content=\"1800\" \/>\n\t<meta property=\"og:image:type\" content=\"image\/jpeg\" \/>\n<meta name=\"twitter:card\" content=\"summary_large_image\" \/>\n<meta name=\"twitter:label1\" content=\"Est. reading time\" \/>\n\t<meta name=\"twitter:data1\" content=\"1 minuta\" \/>\n<script type=\"application\/ld+json\" class=\"yoast-schema-graph\">{\"@context\":\"https:\\\/\\\/schema.org\",\"@graph\":[{\"@type\":\"WebPage\",\"@id\":\"https:\\\/\\\/vitamincic.com\\\/si\\\/product\\\/kal-maximum-nk-cells-60-tableta\\\/\",\"url\":\"https:\\\/\\\/vitamincic.com\\\/si\\\/product\\\/kal-maximum-nk-cells-60-tableta\\\/\",\"name\":\"KAL Maximum NK Cells, 60 tableta - Vitamincic Slovenia\",\"isPartOf\":{\"@id\":\"https:\\\/\\\/vitamincic.com\\\/si\\\/#website\"},\"primaryImageOfPage\":{\"@id\":\"https:\\\/\\\/vitamincic.com\\\/si\\\/product\\\/kal-maximum-nk-cells-60-tableta\\\/#primaryimage\"},\"image\":{\"@id\":\"https:\\\/\\\/vitamincic.com\\\/si\\\/product\\\/kal-maximum-nk-cells-60-tableta\\\/#primaryimage\"},\"thumbnailUrl\":\"https:\\\/\\\/vitamincic.com\\\/si\\\/wp-content\\\/uploads\\\/sites\\\/2\\\/2021\\\/03\\\/Maximum-NK-Cells-021245100249.jpg\",\"datePublished\":\"2021-04-12T16:34:58+00:00\",\"dateModified\":\"2024-09-26T09:20:49+00:00\",\"breadcrumb\":{\"@id\":\"https:\\\/\\\/vitamincic.com\\\/si\\\/product\\\/kal-maximum-nk-cells-60-tableta\\\/#breadcrumb\"},\"inLanguage\":\"sl-SI\",\"potentialAction\":[{\"@type\":\"ReadAction\",\"target\":[\"https:\\\/\\\/vitamincic.com\\\/si\\\/product\\\/kal-maximum-nk-cells-60-tableta\\\/\"]}]},{\"@type\":\"ImageObject\",\"inLanguage\":\"sl-SI\",\"@id\":\"https:\\\/\\\/vitamincic.com\\\/si\\\/product\\\/kal-maximum-nk-cells-60-tableta\\\/#primaryimage\",\"url\":\"https:\\\/\\\/vitamincic.com\\\/si\\\/wp-content\\\/uploads\\\/sites\\\/2\\\/2021\\\/03\\\/Maximum-NK-Cells-021245100249.jpg\",\"contentUrl\":\"https:\\\/\\\/vitamincic.com\\\/si\\\/wp-content\\\/uploads\\\/sites\\\/2\\\/2021\\\/03\\\/Maximum-NK-Cells-021245100249.jpg\",\"width\":1200,\"height\":1800},{\"@type\":\"BreadcrumbList\",\"@id\":\"https:\\\/\\\/vitamincic.com\\\/si\\\/product\\\/kal-maximum-nk-cells-60-tableta\\\/#breadcrumb\",\"itemListElement\":[{\"@type\":\"ListItem\",\"position\":1,\"name\":\"Po\u010detna stranica\",\"item\":\"https:\\\/\\\/vitamincic.com\\\/si\\\/\"},{\"@type\":\"ListItem\",\"position\":2,\"name\":\"Trgovina\",\"item\":\"https:\\\/\\\/vitamincic.com\\\/si\\\/trgovina\\\/\"},{\"@type\":\"ListItem\",\"position\":3,\"name\":\"KAL Maximum NK Cells, 60 tableta\"}]},{\"@type\":\"WebSite\",\"@id\":\"https:\\\/\\\/vitamincic.com\\\/si\\\/#website\",\"url\":\"https:\\\/\\\/vitamincic.com\\\/si\\\/\",\"name\":\"Vitamincic Slovenia\",\"description\":\"Ponudite vitaminsko naravno kozmetiko beljakovinska prehranska dopolnila za zdravje in lepoto. Kupiti na spletu.\",\"publisher\":{\"@id\":\"https:\\\/\\\/vitamincic.com\\\/si\\\/#organization\"},\"potentialAction\":[{\"@type\":\"SearchAction\",\"target\":{\"@type\":\"EntryPoint\",\"urlTemplate\":\"https:\\\/\\\/vitamincic.com\\\/si\\\/?s={search_term_string}\"},\"query-input\":{\"@type\":\"PropertyValueSpecification\",\"valueRequired\":true,\"valueName\":\"search_term_string\"}}],\"inLanguage\":\"sl-SI\"},{\"@type\":\"Organization\",\"@id\":\"https:\\\/\\\/vitamincic.com\\\/si\\\/#organization\",\"name\":\"Vitamin\u010di\u0107 - e-Natura\",\"url\":\"https:\\\/\\\/vitamincic.com\\\/si\\\/\",\"logo\":{\"@type\":\"ImageObject\",\"inLanguage\":\"sl-SI\",\"@id\":\"https:\\\/\\\/vitamincic.com\\\/si\\\/#\\\/schema\\\/logo\\\/image\\\/\",\"url\":\"https:\\\/\\\/vitamincic.com\\\/si\\\/wp-content\\\/uploads\\\/sites\\\/2\\\/2021\\\/03\\\/Vitaminic-logo-1.png\",\"contentUrl\":\"https:\\\/\\\/vitamincic.com\\\/si\\\/wp-content\\\/uploads\\\/sites\\\/2\\\/2021\\\/03\\\/Vitaminic-logo-1.png\",\"width\":400,\"height\":115,\"caption\":\"Vitamin\u010di\u0107 - e-Natura\"},\"image\":{\"@id\":\"https:\\\/\\\/vitamincic.com\\\/si\\\/#\\\/schema\\\/logo\\\/image\\\/\"}}]}<\/script>\n<!-- \/ Yoast SEO plugin. -->","yoast_head_json":{"title":"KAL Maximum NK Cells, 60 tableta - Vitamincic Slovenia","robots":{"index":"index","follow":"follow","max-snippet":"max-snippet:-1","max-image-preview":"max-image-preview:large","max-video-preview":"max-video-preview:-1"},"canonical":"https:\/\/vitamincic.com\/si\/product\/kal-maximum-nk-cells-60-tableta\/","og_locale":"sl_SI","og_type":"article","og_title":"KAL Maximum NK Cells, 60 tableta - Vitamincic Slovenia","og_description":"Maximum NK Cells sastoji se od posebne mje\u0161avine Immun Enhancer\u2122 (Larix spp.), beta glukana, aloe (Aloe barbadensis) i 3 vrste gljiva, Maitake (Grifolia frondosa), Reishi (Ganoderma lucidum) i Shiitake (Lentinula edodes).","og_url":"https:\/\/vitamincic.com\/si\/product\/kal-maximum-nk-cells-60-tableta\/","og_site_name":"Vitamincic Slovenia","article_modified_time":"2024-09-26T09:20:49+00:00","og_image":[{"width":1200,"height":1800,"url":"https:\/\/vitamincic.com\/si\/wp-content\/uploads\/sites\/2\/2021\/03\/Maximum-NK-Cells-021245100249.jpg","type":"image\/jpeg"}],"twitter_card":"summary_large_image","twitter_misc":{"Est. reading time":"1 minuta"},"schema":{"@context":"https:\/\/schema.org","@graph":[{"@type":"WebPage","@id":"https:\/\/vitamincic.com\/si\/product\/kal-maximum-nk-cells-60-tableta\/","url":"https:\/\/vitamincic.com\/si\/product\/kal-maximum-nk-cells-60-tableta\/","name":"KAL Maximum NK Cells, 60 tableta - Vitamincic Slovenia","isPartOf":{"@id":"https:\/\/vitamincic.com\/si\/#website"},"primaryImageOfPage":{"@id":"https:\/\/vitamincic.com\/si\/product\/kal-maximum-nk-cells-60-tableta\/#primaryimage"},"image":{"@id":"https:\/\/vitamincic.com\/si\/product\/kal-maximum-nk-cells-60-tableta\/#primaryimage"},"thumbnailUrl":"https:\/\/vitamincic.com\/si\/wp-content\/uploads\/sites\/2\/2021\/03\/Maximum-NK-Cells-021245100249.jpg","datePublished":"2021-04-12T16:34:58+00:00","dateModified":"2024-09-26T09:20:49+00:00","breadcrumb":{"@id":"https:\/\/vitamincic.com\/si\/product\/kal-maximum-nk-cells-60-tableta\/#breadcrumb"},"inLanguage":"sl-SI","potentialAction":[{"@type":"ReadAction","target":["https:\/\/vitamincic.com\/si\/product\/kal-maximum-nk-cells-60-tableta\/"]}]},{"@type":"ImageObject","inLanguage":"sl-SI","@id":"https:\/\/vitamincic.com\/si\/product\/kal-maximum-nk-cells-60-tableta\/#primaryimage","url":"https:\/\/vitamincic.com\/si\/wp-content\/uploads\/sites\/2\/2021\/03\/Maximum-NK-Cells-021245100249.jpg","contentUrl":"https:\/\/vitamincic.com\/si\/wp-content\/uploads\/sites\/2\/2021\/03\/Maximum-NK-Cells-021245100249.jpg","width":1200,"height":1800},{"@type":"BreadcrumbList","@id":"https:\/\/vitamincic.com\/si\/product\/kal-maximum-nk-cells-60-tableta\/#breadcrumb","itemListElement":[{"@type":"ListItem","position":1,"name":"Po\u010detna stranica","item":"https:\/\/vitamincic.com\/si\/"},{"@type":"ListItem","position":2,"name":"Trgovina","item":"https:\/\/vitamincic.com\/si\/trgovina\/"},{"@type":"ListItem","position":3,"name":"KAL Maximum NK Cells, 60 tableta"}]},{"@type":"WebSite","@id":"https:\/\/vitamincic.com\/si\/#website","url":"https:\/\/vitamincic.com\/si\/","name":"Vitamincic Slovenia","description":"Ponudite vitaminsko naravno kozmetiko beljakovinska prehranska dopolnila za zdravje in lepoto. Kupiti na spletu.","publisher":{"@id":"https:\/\/vitamincic.com\/si\/#organization"},"potentialAction":[{"@type":"SearchAction","target":{"@type":"EntryPoint","urlTemplate":"https:\/\/vitamincic.com\/si\/?s={search_term_string}"},"query-input":{"@type":"PropertyValueSpecification","valueRequired":true,"valueName":"search_term_string"}}],"inLanguage":"sl-SI"},{"@type":"Organization","@id":"https:\/\/vitamincic.com\/si\/#organization","name":"Vitamin\u010di\u0107 - e-Natura","url":"https:\/\/vitamincic.com\/si\/","logo":{"@type":"ImageObject","inLanguage":"sl-SI","@id":"https:\/\/vitamincic.com\/si\/#\/schema\/logo\/image\/","url":"https:\/\/vitamincic.com\/si\/wp-content\/uploads\/sites\/2\/2021\/03\/Vitaminic-logo-1.png","contentUrl":"https:\/\/vitamincic.com\/si\/wp-content\/uploads\/sites\/2\/2021\/03\/Vitaminic-logo-1.png","width":400,"height":115,"caption":"Vitamin\u010di\u0107 - e-Natura"},"image":{"@id":"https:\/\/vitamincic.com\/si\/#\/schema\/logo\/image\/"}}]}},"_links":{"self":[{"href":"https:\/\/vitamincic.com\/si\/wp-json\/wp\/v2\/product\/29641","targetHints":{"allow":["GET"]}}],"collection":[{"href":"https:\/\/vitamincic.com\/si\/wp-json\/wp\/v2\/product"}],"about":[{"href":"https:\/\/vitamincic.com\/si\/wp-json\/wp\/v2\/types\/product"}],"replies":[{"embeddable":true,"href":"https:\/\/vitamincic.com\/si\/wp-json\/wp\/v2\/comments?post=29641"}],"wp:featuredmedia":[{"embeddable":true,"href":"https:\/\/vitamincic.com\/si\/wp-json\/wp\/v2\/media\/29817"}],"wp:attachment":[{"href":"https:\/\/vitamincic.com\/si\/wp-json\/wp\/v2\/media?parent=29641"}],"wp:term":[{"taxonomy":"product_brand","embeddable":true,"href":"https:\/\/vitamincic.com\/si\/wp-json\/wp\/v2\/product_brand?post=29641"},{"taxonomy":"product_cat","embeddable":true,"href":"https:\/\/vitamincic.com\/si\/wp-json\/wp\/v2\/product_cat?post=29641"},{"taxonomy":"product_tag","embeddable":true,"href":"https:\/\/vitamincic.com\/si\/wp-json\/wp\/v2\/product_tag?post=29641"}],"curies":[{"name":"wp","href":"https:\/\/api.w.org\/{rel}","templated":true}]}}