{"id":29702,"date":"2021-04-12T16:35:05","date_gmt":"2021-04-12T16:35:05","guid":{"rendered":"https:\/\/vitamincic.com\/si\/zdravlje-ljepota\/solaray-serrapeptase-serapeptaza-10-mg-90-kapsula\/"},"modified":"2026-01-10T15:35:12","modified_gmt":"2026-01-10T15:35:12","slug":"solaray-serrapeptase-serapeptaza-10-mg-90-kapsula","status":"publish","type":"product","link":"https:\/\/vitamincic.com\/si\/product\/solaray-serrapeptase-serapeptaza-10-mg-90-kapsula\/","title":{"rendered":"SOLARAY Serrapeptase (Serapeptaza) 10 mg, 90 kapsula"},"content":{"rendered":"<div>\n<div class=\"tab-content content-wwg\">\n<div id=\"description\" class=\"tab-pane fade active in\">\n<div class=\"row\">\n<div class=\"col-md-12\">\n<p>O IZDELKU<\/p>\n<p>Ime izdelka: SOLARAY Serrapeptase 10 mg, 90 kapsul<br \/>\nProizvajalec: \u00a0Nutraceutical Corporation<br \/>\nNaslov proizvajalca: 1777 Sun Peak Drive, Park City, UT 84098 ZDA<br \/>\nDr\u017eava izvora: \u00a0ZDA<br \/>\nProizvajalec: \u00a0Solaray<br \/>\nKoli\u010dina:\u00a090 kapsul<br \/>\nPakiranje: \u00a0Steklenica<\/p>\n<p>NA\u010cIN UPORABE<\/p>\n<p>Zau\u017eijte 1 kapsulo dnevno (na prazen \u017eelodec) ali po priporo\u010dilu specialista.<\/p>\n<p>OPOMBE<\/p>\n<p>Priporo\u010denih dnevnih odmerkov ne smete prese\u010di. Prehransko dopolnilo ni nadomestek ali nadomestilo za uravnote\u017eeno prehrano. Pomembna je uravnote\u017eena in raznolika prehrana ter zdrav \u017eivljenjski slog.<\/p>\n<p>OPOZORILO<\/p>\n<p>Ne uporabljajte, \u010de za\u0161\u010ditni pokrov pod vti\u010dem manjka ali je po\u0161kodovan. Hraniti izven dosega majhnih otrok. Pred jemanjem prehranskega dopolnila se je potrebno posvetovati z zdravnikom oz.<\/p>\n<p>POGOJI VARSTVA<\/p>\n<p>V hladnem, suhem in temnem prostoru.<\/p>\n<p>&nbsp;<\/p>\n<p>Sestavine: serapeptaza, rastlinska celulozna kapsula, ri\u017eeva moka, emulgatorji: celuloza, magnezijev stearat; vla\u017eilec gliceril triacetat, sredstvo za pove\u010danje prostornine maltodekstrin, sredstvo proti strjevanju silicijev dioksid.<\/p>\n<p>Sestavine v priporo\u010denem dnevnem odmerku (=1 kapsula): Neto koli\u010dina: 90 VEG-kapsul<br \/>\nSerapeptaza<br \/>\n(zagotavlja 2000 enot\/mg ali 20000 enot na obrok) 10 mg<\/p>\n<\/div>\n<\/div>\n<\/div>\n<\/div>\n<\/div>\n<div>\n<div class=\"tab-content content-wwg\">\n<div id=\"description\" class=\"tab-pane fade active in\">\n<div class=\"row\"><\/div>\n<\/div>\n<\/div>\n<\/div>\n","protected":false},"excerpt":{"rendered":"<p>O IZDELKU Ime izdelka: SOLARAY Serrapeptase 10 mg, 90 kapsul Proizvajalec: \u00a0Nutraceutical Corporation Naslov proizvajalca: 1777 Sun Peak Drive, Park City, UT 84098 ZDA Dr\u017eava izvora: \u00a0ZDA Proizvajalec: \u00a0Solaray Koli\u010dina:\u00a090 kapsul Pakiranje: \u00a0Steklenica NA\u010cIN UPORABE Zau\u017eijte 1 kapsulo dnevno (na prazen \u017eelodec) ali po priporo\u010dilu specialista. OPOMBE Priporo\u010denih dnevnih odmerkov ne smete prese\u010di. Prehransko dopolnilo [&hellip;]<\/p>\n","protected":false},"featured_media":37763,"comment_status":"open","ping_status":"closed","template":"","meta":[],"product_brand":[],"product_cat":[2539],"product_tag":[],"class_list":{"0":"post-29702","1":"product","2":"type-product","3":"status-publish","4":"has-post-thumbnail","6":"product_cat-nekategorizirane","8":"first","9":"instock","10":"purchasable","11":"product-type-simple"},"yoast_head":"<!-- This site is optimized with the Yoast SEO plugin v27.3 - https:\/\/yoast.com\/product\/yoast-seo-wordpress\/ -->\n<title>SOLARAY Serrapeptase (Serapeptaza) 10 mg, 90 kapsula - Vitamincic Slovenia<\/title>\n<meta name=\"robots\" content=\"index, follow, max-snippet:-1, max-image-preview:large, max-video-preview:-1\" \/>\n<link rel=\"canonical\" href=\"https:\/\/vitamincic.com\/si\/product\/solaray-serrapeptase-serapeptaza-10-mg-90-kapsula\/\" \/>\n<meta property=\"og:locale\" content=\"sl_SI\" \/>\n<meta property=\"og:type\" content=\"article\" \/>\n<meta property=\"og:title\" content=\"SOLARAY Serrapeptase (Serapeptaza) 10 mg, 90 kapsula - Vitamincic Slovenia\" \/>\n<meta property=\"og:description\" content=\"O IZDELKU Ime izdelka: SOLARAY Serrapeptase 10 mg, 90 kapsul Proizvajalec: \u00a0Nutraceutical Corporation Naslov proizvajalca: 1777 Sun Peak Drive, Park City, UT 84098 ZDA Dr\u017eava izvora: \u00a0ZDA Proizvajalec: \u00a0Solaray Koli\u010dina:\u00a090 kapsul Pakiranje: \u00a0Steklenica NA\u010cIN UPORABE Zau\u017eijte 1 kapsulo dnevno (na prazen \u017eelodec) ali po priporo\u010dilu specialista. OPOMBE Priporo\u010denih dnevnih odmerkov ne smete prese\u010di. Prehransko dopolnilo [&hellip;]\" \/>\n<meta property=\"og:url\" content=\"https:\/\/vitamincic.com\/si\/product\/solaray-serrapeptase-serapeptaza-10-mg-90-kapsula\/\" \/>\n<meta property=\"og:site_name\" content=\"Vitamincic Slovenia\" \/>\n<meta property=\"article:modified_time\" content=\"2026-01-10T15:35:12+00:00\" \/>\n<meta property=\"og:image\" content=\"https:\/\/vitamincic.com\/si\/wp-content\/uploads\/sites\/2\/2021\/04\/Serrapeptase-2022-076280127195.png\" \/>\n\t<meta property=\"og:image:width\" content=\"400\" \/>\n\t<meta property=\"og:image:height\" content=\"600\" \/>\n\t<meta property=\"og:image:type\" content=\"image\/png\" \/>\n<meta name=\"twitter:card\" content=\"summary_large_image\" \/>\n<meta name=\"twitter:label1\" content=\"Est. reading time\" \/>\n\t<meta name=\"twitter:data1\" content=\"2 minuti\" \/>\n<script type=\"application\/ld+json\" class=\"yoast-schema-graph\">{\"@context\":\"https:\\\/\\\/schema.org\",\"@graph\":[{\"@type\":\"WebPage\",\"@id\":\"https:\\\/\\\/vitamincic.com\\\/si\\\/product\\\/solaray-serrapeptase-serapeptaza-10-mg-90-kapsula\\\/\",\"url\":\"https:\\\/\\\/vitamincic.com\\\/si\\\/product\\\/solaray-serrapeptase-serapeptaza-10-mg-90-kapsula\\\/\",\"name\":\"SOLARAY Serrapeptase (Serapeptaza) 10 mg, 90 kapsula - Vitamincic Slovenia\",\"isPartOf\":{\"@id\":\"https:\\\/\\\/vitamincic.com\\\/si\\\/#website\"},\"primaryImageOfPage\":{\"@id\":\"https:\\\/\\\/vitamincic.com\\\/si\\\/product\\\/solaray-serrapeptase-serapeptaza-10-mg-90-kapsula\\\/#primaryimage\"},\"image\":{\"@id\":\"https:\\\/\\\/vitamincic.com\\\/si\\\/product\\\/solaray-serrapeptase-serapeptaza-10-mg-90-kapsula\\\/#primaryimage\"},\"thumbnailUrl\":\"https:\\\/\\\/vitamincic.com\\\/si\\\/wp-content\\\/uploads\\\/sites\\\/2\\\/2021\\\/04\\\/Serrapeptase-2022-076280127195.png\",\"datePublished\":\"2021-04-12T16:35:05+00:00\",\"dateModified\":\"2026-01-10T15:35:12+00:00\",\"breadcrumb\":{\"@id\":\"https:\\\/\\\/vitamincic.com\\\/si\\\/product\\\/solaray-serrapeptase-serapeptaza-10-mg-90-kapsula\\\/#breadcrumb\"},\"inLanguage\":\"sl-SI\",\"potentialAction\":[{\"@type\":\"ReadAction\",\"target\":[\"https:\\\/\\\/vitamincic.com\\\/si\\\/product\\\/solaray-serrapeptase-serapeptaza-10-mg-90-kapsula\\\/\"]}]},{\"@type\":\"ImageObject\",\"inLanguage\":\"sl-SI\",\"@id\":\"https:\\\/\\\/vitamincic.com\\\/si\\\/product\\\/solaray-serrapeptase-serapeptaza-10-mg-90-kapsula\\\/#primaryimage\",\"url\":\"https:\\\/\\\/vitamincic.com\\\/si\\\/wp-content\\\/uploads\\\/sites\\\/2\\\/2021\\\/04\\\/Serrapeptase-2022-076280127195.png\",\"contentUrl\":\"https:\\\/\\\/vitamincic.com\\\/si\\\/wp-content\\\/uploads\\\/sites\\\/2\\\/2021\\\/04\\\/Serrapeptase-2022-076280127195.png\",\"width\":400,\"height\":600},{\"@type\":\"BreadcrumbList\",\"@id\":\"https:\\\/\\\/vitamincic.com\\\/si\\\/product\\\/solaray-serrapeptase-serapeptaza-10-mg-90-kapsula\\\/#breadcrumb\",\"itemListElement\":[{\"@type\":\"ListItem\",\"position\":1,\"name\":\"Po\u010detna stranica\",\"item\":\"https:\\\/\\\/vitamincic.com\\\/si\\\/\"},{\"@type\":\"ListItem\",\"position\":2,\"name\":\"Trgovina\",\"item\":\"https:\\\/\\\/vitamincic.com\\\/si\\\/trgovina\\\/\"},{\"@type\":\"ListItem\",\"position\":3,\"name\":\"SOLARAY Serrapeptase (Serapeptaza) 10 mg, 90 kapsula\"}]},{\"@type\":\"WebSite\",\"@id\":\"https:\\\/\\\/vitamincic.com\\\/si\\\/#website\",\"url\":\"https:\\\/\\\/vitamincic.com\\\/si\\\/\",\"name\":\"Vitamincic Slovenia\",\"description\":\"Ponudite vitaminsko naravno kozmetiko beljakovinska prehranska dopolnila za zdravje in lepoto. Kupiti na spletu.\",\"publisher\":{\"@id\":\"https:\\\/\\\/vitamincic.com\\\/si\\\/#organization\"},\"potentialAction\":[{\"@type\":\"SearchAction\",\"target\":{\"@type\":\"EntryPoint\",\"urlTemplate\":\"https:\\\/\\\/vitamincic.com\\\/si\\\/?s={search_term_string}\"},\"query-input\":{\"@type\":\"PropertyValueSpecification\",\"valueRequired\":true,\"valueName\":\"search_term_string\"}}],\"inLanguage\":\"sl-SI\"},{\"@type\":\"Organization\",\"@id\":\"https:\\\/\\\/vitamincic.com\\\/si\\\/#organization\",\"name\":\"Vitamin\u010di\u0107 - e-Natura\",\"url\":\"https:\\\/\\\/vitamincic.com\\\/si\\\/\",\"logo\":{\"@type\":\"ImageObject\",\"inLanguage\":\"sl-SI\",\"@id\":\"https:\\\/\\\/vitamincic.com\\\/si\\\/#\\\/schema\\\/logo\\\/image\\\/\",\"url\":\"https:\\\/\\\/vitamincic.com\\\/si\\\/wp-content\\\/uploads\\\/sites\\\/2\\\/2021\\\/03\\\/Vitaminic-logo-1.png\",\"contentUrl\":\"https:\\\/\\\/vitamincic.com\\\/si\\\/wp-content\\\/uploads\\\/sites\\\/2\\\/2021\\\/03\\\/Vitaminic-logo-1.png\",\"width\":400,\"height\":115,\"caption\":\"Vitamin\u010di\u0107 - e-Natura\"},\"image\":{\"@id\":\"https:\\\/\\\/vitamincic.com\\\/si\\\/#\\\/schema\\\/logo\\\/image\\\/\"}}]}<\/script>\n<!-- \/ Yoast SEO plugin. -->","yoast_head_json":{"title":"SOLARAY Serrapeptase (Serapeptaza) 10 mg, 90 kapsula - Vitamincic Slovenia","robots":{"index":"index","follow":"follow","max-snippet":"max-snippet:-1","max-image-preview":"max-image-preview:large","max-video-preview":"max-video-preview:-1"},"canonical":"https:\/\/vitamincic.com\/si\/product\/solaray-serrapeptase-serapeptaza-10-mg-90-kapsula\/","og_locale":"sl_SI","og_type":"article","og_title":"SOLARAY Serrapeptase (Serapeptaza) 10 mg, 90 kapsula - Vitamincic Slovenia","og_description":"O IZDELKU Ime izdelka: SOLARAY Serrapeptase 10 mg, 90 kapsul Proizvajalec: \u00a0Nutraceutical Corporation Naslov proizvajalca: 1777 Sun Peak Drive, Park City, UT 84098 ZDA Dr\u017eava izvora: \u00a0ZDA Proizvajalec: \u00a0Solaray Koli\u010dina:\u00a090 kapsul Pakiranje: \u00a0Steklenica NA\u010cIN UPORABE Zau\u017eijte 1 kapsulo dnevno (na prazen \u017eelodec) ali po priporo\u010dilu specialista. OPOMBE Priporo\u010denih dnevnih odmerkov ne smete prese\u010di. Prehransko dopolnilo [&hellip;]","og_url":"https:\/\/vitamincic.com\/si\/product\/solaray-serrapeptase-serapeptaza-10-mg-90-kapsula\/","og_site_name":"Vitamincic Slovenia","article_modified_time":"2026-01-10T15:35:12+00:00","og_image":[{"width":400,"height":600,"url":"https:\/\/vitamincic.com\/si\/wp-content\/uploads\/sites\/2\/2021\/04\/Serrapeptase-2022-076280127195.png","type":"image\/png"}],"twitter_card":"summary_large_image","twitter_misc":{"Est. reading time":"2 minuti"},"schema":{"@context":"https:\/\/schema.org","@graph":[{"@type":"WebPage","@id":"https:\/\/vitamincic.com\/si\/product\/solaray-serrapeptase-serapeptaza-10-mg-90-kapsula\/","url":"https:\/\/vitamincic.com\/si\/product\/solaray-serrapeptase-serapeptaza-10-mg-90-kapsula\/","name":"SOLARAY Serrapeptase (Serapeptaza) 10 mg, 90 kapsula - Vitamincic Slovenia","isPartOf":{"@id":"https:\/\/vitamincic.com\/si\/#website"},"primaryImageOfPage":{"@id":"https:\/\/vitamincic.com\/si\/product\/solaray-serrapeptase-serapeptaza-10-mg-90-kapsula\/#primaryimage"},"image":{"@id":"https:\/\/vitamincic.com\/si\/product\/solaray-serrapeptase-serapeptaza-10-mg-90-kapsula\/#primaryimage"},"thumbnailUrl":"https:\/\/vitamincic.com\/si\/wp-content\/uploads\/sites\/2\/2021\/04\/Serrapeptase-2022-076280127195.png","datePublished":"2021-04-12T16:35:05+00:00","dateModified":"2026-01-10T15:35:12+00:00","breadcrumb":{"@id":"https:\/\/vitamincic.com\/si\/product\/solaray-serrapeptase-serapeptaza-10-mg-90-kapsula\/#breadcrumb"},"inLanguage":"sl-SI","potentialAction":[{"@type":"ReadAction","target":["https:\/\/vitamincic.com\/si\/product\/solaray-serrapeptase-serapeptaza-10-mg-90-kapsula\/"]}]},{"@type":"ImageObject","inLanguage":"sl-SI","@id":"https:\/\/vitamincic.com\/si\/product\/solaray-serrapeptase-serapeptaza-10-mg-90-kapsula\/#primaryimage","url":"https:\/\/vitamincic.com\/si\/wp-content\/uploads\/sites\/2\/2021\/04\/Serrapeptase-2022-076280127195.png","contentUrl":"https:\/\/vitamincic.com\/si\/wp-content\/uploads\/sites\/2\/2021\/04\/Serrapeptase-2022-076280127195.png","width":400,"height":600},{"@type":"BreadcrumbList","@id":"https:\/\/vitamincic.com\/si\/product\/solaray-serrapeptase-serapeptaza-10-mg-90-kapsula\/#breadcrumb","itemListElement":[{"@type":"ListItem","position":1,"name":"Po\u010detna stranica","item":"https:\/\/vitamincic.com\/si\/"},{"@type":"ListItem","position":2,"name":"Trgovina","item":"https:\/\/vitamincic.com\/si\/trgovina\/"},{"@type":"ListItem","position":3,"name":"SOLARAY Serrapeptase (Serapeptaza) 10 mg, 90 kapsula"}]},{"@type":"WebSite","@id":"https:\/\/vitamincic.com\/si\/#website","url":"https:\/\/vitamincic.com\/si\/","name":"Vitamincic Slovenia","description":"Ponudite vitaminsko naravno kozmetiko beljakovinska prehranska dopolnila za zdravje in lepoto. Kupiti na spletu.","publisher":{"@id":"https:\/\/vitamincic.com\/si\/#organization"},"potentialAction":[{"@type":"SearchAction","target":{"@type":"EntryPoint","urlTemplate":"https:\/\/vitamincic.com\/si\/?s={search_term_string}"},"query-input":{"@type":"PropertyValueSpecification","valueRequired":true,"valueName":"search_term_string"}}],"inLanguage":"sl-SI"},{"@type":"Organization","@id":"https:\/\/vitamincic.com\/si\/#organization","name":"Vitamin\u010di\u0107 - e-Natura","url":"https:\/\/vitamincic.com\/si\/","logo":{"@type":"ImageObject","inLanguage":"sl-SI","@id":"https:\/\/vitamincic.com\/si\/#\/schema\/logo\/image\/","url":"https:\/\/vitamincic.com\/si\/wp-content\/uploads\/sites\/2\/2021\/03\/Vitaminic-logo-1.png","contentUrl":"https:\/\/vitamincic.com\/si\/wp-content\/uploads\/sites\/2\/2021\/03\/Vitaminic-logo-1.png","width":400,"height":115,"caption":"Vitamin\u010di\u0107 - e-Natura"},"image":{"@id":"https:\/\/vitamincic.com\/si\/#\/schema\/logo\/image\/"}}]}},"_links":{"self":[{"href":"https:\/\/vitamincic.com\/si\/wp-json\/wp\/v2\/product\/29702","targetHints":{"allow":["GET"]}}],"collection":[{"href":"https:\/\/vitamincic.com\/si\/wp-json\/wp\/v2\/product"}],"about":[{"href":"https:\/\/vitamincic.com\/si\/wp-json\/wp\/v2\/types\/product"}],"replies":[{"embeddable":true,"href":"https:\/\/vitamincic.com\/si\/wp-json\/wp\/v2\/comments?post=29702"}],"wp:featuredmedia":[{"embeddable":true,"href":"https:\/\/vitamincic.com\/si\/wp-json\/wp\/v2\/media\/37763"}],"wp:attachment":[{"href":"https:\/\/vitamincic.com\/si\/wp-json\/wp\/v2\/media?parent=29702"}],"wp:term":[{"taxonomy":"product_brand","embeddable":true,"href":"https:\/\/vitamincic.com\/si\/wp-json\/wp\/v2\/product_brand?post=29702"},{"taxonomy":"product_cat","embeddable":true,"href":"https:\/\/vitamincic.com\/si\/wp-json\/wp\/v2\/product_cat?post=29702"},{"taxonomy":"product_tag","embeddable":true,"href":"https:\/\/vitamincic.com\/si\/wp-json\/wp\/v2\/product_tag?post=29702"}],"curies":[{"name":"wp","href":"https:\/\/api.w.org\/{rel}","templated":true}]}}