{"id":31941,"date":"2021-09-29T16:19:01","date_gmt":"2021-09-29T16:19:01","guid":{"rendered":"https:\/\/vitamincic.com\/si\/proizvod\/crni-cesnjak-60-kapsula\/"},"modified":"2023-05-25T18:40:28","modified_gmt":"2023-05-25T18:40:28","slug":"crni-cesnjak-60-kapsula","status":"publish","type":"product","link":"https:\/\/vitamincic.com\/si\/product\/crni-cesnjak-60-kapsula\/","title":{"rendered":"Crni \u010de\u0161njak 60 kapsula"},"content":{"rendered":"<div class=\"ProductLayout-title\" data-snippet-id=\"productTitle\">\n<h5 class=\"ProductInfo-title\"><strong><span style=\"color: #000000;\"><span style=\"vertical-align: inherit;\"><span style=\"vertical-align: inherit;\">TEREZIA CRNI \u010cE\u0160NJAK 60 KAPSULA<\/span><\/span><\/span><\/strong><\/h5>\n<\/div>\n<p>&nbsp;<\/p>\n<div class=\"ProductLayout-overview\" data-snippet-id=\"productOverview\">\n<div class=\"product-overview\" data-component=\"productOverview\">\n<div class=\"Product-shortDescription\"><span style=\"vertical-align: inherit;\"><span style=\"vertical-align: inherit;\">Crni \u010de\u0161njak je prava rijetkost u tradicionalnoj medicini. <\/span><span style=\"vertical-align: inherit;\">Rije\u010d je o \u010de\u0161njaku (Allium sativum) koji se stavlja u posebnu komoru s vrlo precizno odre\u0111enom temperaturom i vlagom, gdje fermentira nekoliko tjedana, \u0161to mu daje tipi\u010dnu crnu boju. <\/span><span style=\"vertical-align: inherit;\">\u010cemu sve ovo?\u00a0<\/span><\/span><strong><span style=\"vertical-align: inherit;\"><span style=\"vertical-align: inherit;\">\u010ce\u0161njak prirodno poma\u017ee u odr\u017eavanju normalne razine kolesterola i masno\u0107a u krvi<\/span><\/span><\/strong><span style=\"vertical-align: inherit;\"><span style=\"vertical-align: inherit;\"> . <\/span><span style=\"vertical-align: inherit;\">Tako\u0111er podr\u017eava normalan rad srca i krvnih \u017eila te poma\u017ee kod osje\u0107aja te\u0161kih nogu. <\/span><span style=\"vertical-align: inherit;\">Tako\u0111er djeluje kao antioksidans i ja\u010da imunolo\u0161ki sustav. <\/span><span style=\"vertical-align: inherit;\">Fermentacija vi\u0161estruko pove\u0107ava njegove u\u010dinke, osim \u0161to uklanja neugodnu ogrebotinu i okus pe\u010denja. <\/span><span style=\"vertical-align: inherit;\">Svaka kapsula ovog dodatka prehrani sadr\u017ei 1 \u010de\u0161anj svje\u017eeg (bijelog) \u010de\u0161njaka.<\/span><\/span><\/div>\n<\/div>\n<\/div>\n<div><\/div>\n<h5><strong><span style=\"color: #000000;\"><span style=\"vertical-align: inherit;\"><span style=\"vertical-align: inherit;\">\u0160to je zapravo crni \u010de\u0161njak?<\/span><\/span><\/span><\/strong><\/h5>\n<p>&nbsp;<\/p>\n<h6><span style=\"color: #000000;\">Ovo nije posebna vrsta \u010de\u0161njaka. Crni \u010de\u0161njak je rezultat fermentacije kuhinjskog \u010de\u0161njaka (bijeli), u kojem cijeli \u0161tapi\u0107i \u010de\u0161njaka odle\u017eavaju u posebnim posudama <strong>na temperaturi od 60 \u00b0 C 3-4 tjedna<\/strong>. Tijekom pripreme crnog \u010de\u0161njaka ne koriste se druge tvari, to je \u010disto biolo\u0161ki proces. Jednostavno re\u010deno, to je jako dugo i sporo \"pe\u010denje\"<\/span><\/h6>\n<p>&nbsp;<\/p>\n<h5><strong><span style=\"color: #000000;\">I za\u0161to je crne boje?<\/span><\/strong><\/h5>\n<h6><span style=\"color: #000000;\">Crnu boju uzrokuje takozvana Maillardova reakcija, koja proizvodi niz tvari koje proizvodima daju karakteristi\u010dnu boju, okus i aromu. Maillardova je reakcija tipi\u010dna, na primjer, za pekarske proizvode. Kao \u0161to se tijekom pe\u010denja kruha stvara mrvica kruha i njegova nepogre\u0161iva \u200b\u200baroma, proizvodnja crnog \u010de\u0161njaka proizvodi aromati\u010dne spojeve koji mu daju jedinstven okus. Sa stajali\u0161ta uporabe, crni \u010de\u0161njak ima veliku prednost u odnosu na obi\u010dni \u010de\u0161njak, jer fermentacija uklanja sna\u017ean, o\u0161tar, opor okus. Crni \u010de\u0161njak ima so\u010dnu masnu konzistenciju i, obrnuto, prili\u010dno slatkast okus, koji je vrlo specifi\u010dan. Jo\u0161 jedna prednost je \u0161to ne iritira \u017eeludac.<\/span><\/h6>\n<div class=\"ProductLayout-overview\" data-snippet-id=\"productOverview\">\n<div class=\"product-overview\" data-component=\"productOverview\">\n<div class=\"product__parameters u-pb--20 print-pt--none print-pb--none print-page-break\">\n<div class=\"product__parametersWrapper\">\n<div class=\"product__parametersTitle\">SASTOJCI:<img decoding=\"async\" class=\"u-mr--10\" title=\"\u010ce\u0161njak\" src=\"https:\/\/www.terezia.eu\/data\/images\/parameters_values\/1007\/cerny_cesnek_bily-cerny_surovina_web-100-34-2.png\" alt=\"\u010ce\u0161njak\" height=\"34\" \/>\u010cE\u0160NJAK<\/div>\n<\/div>\n<\/div>\n<\/div>\n<\/div>\n<div><\/div>\n<div>\n<h5 class=\"Heading Heading--2 Tabs-expandLink expand-Links-title\" data-component=\"expand\" data-target=\"Tabs-expandBlock\"><strong><span style=\"color: #000000;\">SASTOJCI<\/span><\/strong><\/h5>\n<div class=\"Tabs-expandBlock Wysiwyg\">\n<div class=\"Tabs-contentWswgTpl\">\n<p><strong>1 kapsula sadr\u017ei<\/strong>\u00a0500 mg osu\u0161enog fermentiranog \u010de\u0161njaka u prahu (\u00a0<em>Allium sativum<\/em>\u00a0).<\/p>\n<p><strong><span style=\"vertical-align: inherit;\"><span style=\"vertical-align: inherit;\">Ovojnica kapsule:<\/span><\/span><\/strong><span style=\"vertical-align: inherit;\"><span style=\"vertical-align: inherit;\"> \u00a0\u017eelatina.<\/span><\/span><\/p>\n<p>&nbsp;<\/p>\n<h6><strong><span style=\"color: #000000;\"><span style=\"vertical-align: inherit;\"><span style=\"vertical-align: inherit;\">1 KG SU\u0160ENOG FERMENTIRANOG (CRNOG) \u010cE\u0160NJAKA = 7 KG SVJE\u017dEG (BIJELOG) \u010cE\u0160NJAKA<\/span><\/span><\/span><\/strong><\/h6>\n<h6><strong><span style=\"color: #000000;\"><span style=\"vertical-align: inherit;\"><span style=\"vertical-align: inherit;\">1 KAPSULA = 1 re\u017eanj SVJE\u017dEG \u010cE\u0160NJAKA<\/span><\/span><\/span><\/strong><\/h6>\n<\/div>\n<h5><strong><span style=\"color: #000000;\"><span style=\"vertical-align: inherit;\"><span style=\"vertical-align: inherit;\">\u010cE\u0160NJAK<\/span><\/span><\/span><\/strong><\/h5>\n<ul>\n<li>\n<h6><span style=\"color: #000000;\"><span style=\"vertical-align: inherit;\"><span style=\"vertical-align: inherit;\">poma\u017ee u odr\u017eavanju normalne razine kolesterola i lipida (masti) u krvi<\/span><\/span><\/span><\/h6>\n<\/li>\n<li>\n<h6><span style=\"color: #000000;\"><span style=\"vertical-align: inherit;\"><span style=\"vertical-align: inherit;\">podr\u017eava zdrav rad srca i krvnih \u017eila<\/span><\/span><\/span><\/h6>\n<\/li>\n<li>\n<h6><span style=\"color: #000000;\"><span style=\"vertical-align: inherit;\"><span style=\"vertical-align: inherit;\">poma\u017ee kod osje\u0107aja te\u0161kih nogu<\/span><\/span><\/span><\/h6>\n<\/li>\n<li>\n<h6><span style=\"color: #000000;\"><span style=\"vertical-align: inherit;\"><span style=\"vertical-align: inherit;\">djeluje kao antioksidans<\/span><\/span><\/span><\/h6>\n<\/li>\n<li>\n<h6><span style=\"color: #000000;\"><span style=\"vertical-align: inherit;\"><span style=\"vertical-align: inherit;\">ja\u010da imunolo\u0161ki sustav<\/span><\/span><\/span><\/h6>\n<\/li>\n<\/ul>\n<\/div>\n<\/div>\n<div>\n<h5 class=\"Heading Heading--2 Tabs-expandLink expand-Links-title\" data-component=\"expand\" data-target=\"Tabs-expandBlock\"><strong><span style=\"color: #000000;\"><span style=\"vertical-align: inherit;\"><span style=\"vertical-align: inherit;\">PREPORU\u010cENA DOZIRANJA<\/span><\/span><\/span><\/strong><\/h5>\n<div class=\"Tabs-expandBlock Wysiwyg\">\n<p><span style=\"vertical-align: inherit;\"><span style=\"vertical-align: inherit;\">1 kapsula dnevno prije jela.<\/span><\/span><\/p>\n<p><span style=\"vertical-align: inherit;\"><span style=\"vertical-align: inherit;\">Kapsule se gutaju cijele s vodom ili razdijeljene, ali se sadr\u017eaj izlije u usta ili vodu.<\/span><\/span><\/p>\n<p><span style=\"vertical-align: inherit;\"><span style=\"vertical-align: inherit;\">Po potrebi se mo\u017ee koristiti i du\u017ee vrijeme.<\/span><\/span><\/p>\n<\/div>\n<\/div>\n<div><\/div>\n","protected":false},"excerpt":{"rendered":"<p>TEREZIA CRNI \u010cE\u0160NJAK 60 KAPSULA &nbsp; Crni \u010de\u0161njak je prava rijetkost u tradicionalnoj medicini. Rije\u010d je o \u010de\u0161njaku (Allium sativum) koji se stavlja u posebnu komoru s vrlo precizno odre\u0111enom temperaturom i vlagom, gdje fermentira nekoliko tjedana, \u0161to mu daje tipi\u010dnu crnu boju. \u010cemu sve ovo?\u00a0\u010ce\u0161njak prirodno poma\u017ee u odr\u017eavanju normalne razine kolesterola i masno\u0107a [&hellip;]<\/p>\n","protected":false},"featured_media":31949,"comment_status":"open","ping_status":"closed","template":"","meta":[],"product_brand":[],"product_cat":[2560],"product_tag":[2650],"class_list":{"0":"post-31941","1":"product","2":"type-product","3":"status-publish","4":"has-post-thumbnail","6":"product_cat-imunost","7":"product_tag-terezia","9":"first","10":"instock","11":"sale","12":"featured","13":"purchasable","14":"product-type-simple"},"yoast_head":"<!-- This site is optimized with the Yoast SEO plugin v27.3 - https:\/\/yoast.com\/product\/yoast-seo-wordpress\/ -->\n<title>Crni \u010de\u0161njak 60 kapsula - Vitamincic Slovenia<\/title>\n<meta name=\"robots\" content=\"index, follow, max-snippet:-1, max-image-preview:large, max-video-preview:-1\" \/>\n<link rel=\"canonical\" href=\"https:\/\/vitamincic.com\/si\/product\/crni-cesnjak-60-kapsula\/\" \/>\n<meta property=\"og:locale\" content=\"sl_SI\" \/>\n<meta property=\"og:type\" content=\"article\" \/>\n<meta property=\"og:title\" content=\"Crni \u010de\u0161njak 60 kapsula\" \/>\n<meta property=\"og:description\" content=\"TEREZIA CRNI \u010cE\u0160NJAK 60 KAPSULA &nbsp; Crni \u010de\u0161njak je prava rijetkost u tradicionalnoj medicini. Rije\u010d je o \u010de\u0161njaku (Allium sativum) koji se stavlja u posebnu komoru s vrlo precizno odre\u0111enom temperaturom i vlagom, gdje fermentira nekoliko tjedana, \u0161to mu daje tipi\u010dnu crnu boju. \u010cemu sve ovo?\u00a0\u010ce\u0161njak prirodno poma\u017ee u odr\u017eavanju normalne razine kolesterola i masno\u0107a [&hellip;]\" \/>\n<meta property=\"og:url\" content=\"https:\/\/vitamincic.com\/si\/product\/crni-cesnjak-60-kapsula\/\" \/>\n<meta property=\"og:site_name\" content=\"Vitamincic Slovenia\" \/>\n<meta property=\"article:modified_time\" content=\"2023-05-25T18:40:28+00:00\" \/>\n<meta property=\"og:image\" content=\"https:\/\/vitamincic.com\/si\/wp-content\/uploads\/sites\/2\/2021\/09\/Optimized-cerny-cesnek_60-suroviny_web_1280px.jpg\" \/>\n\t<meta property=\"og:image:width\" content=\"900\" \/>\n\t<meta property=\"og:image:height\" content=\"900\" \/>\n\t<meta property=\"og:image:type\" content=\"image\/jpeg\" \/>\n<meta name=\"twitter:card\" content=\"summary_large_image\" \/>\n<meta name=\"twitter:label1\" content=\"Est. reading time\" \/>\n\t<meta name=\"twitter:data1\" content=\"3 minute\" \/>\n<script type=\"application\/ld+json\" class=\"yoast-schema-graph\">{\"@context\":\"https:\\\/\\\/schema.org\",\"@graph\":[{\"@type\":\"WebPage\",\"@id\":\"https:\\\/\\\/vitamincic.com\\\/si\\\/product\\\/crni-cesnjak-60-kapsula\\\/\",\"url\":\"https:\\\/\\\/vitamincic.com\\\/si\\\/product\\\/crni-cesnjak-60-kapsula\\\/\",\"name\":\"Crni \u010de\u0161njak 60 kapsula - Vitamincic Slovenia\",\"isPartOf\":{\"@id\":\"https:\\\/\\\/vitamincic.com\\\/si\\\/#website\"},\"primaryImageOfPage\":{\"@id\":\"https:\\\/\\\/vitamincic.com\\\/si\\\/product\\\/crni-cesnjak-60-kapsula\\\/#primaryimage\"},\"image\":{\"@id\":\"https:\\\/\\\/vitamincic.com\\\/si\\\/product\\\/crni-cesnjak-60-kapsula\\\/#primaryimage\"},\"thumbnailUrl\":\"https:\\\/\\\/vitamincic.com\\\/si\\\/wp-content\\\/uploads\\\/sites\\\/2\\\/2021\\\/09\\\/Optimized-cerny-cesnek_60-suroviny_web_1280px.jpg\",\"datePublished\":\"2021-09-29T16:19:01+00:00\",\"dateModified\":\"2023-05-25T18:40:28+00:00\",\"breadcrumb\":{\"@id\":\"https:\\\/\\\/vitamincic.com\\\/si\\\/product\\\/crni-cesnjak-60-kapsula\\\/#breadcrumb\"},\"inLanguage\":\"sl-SI\",\"potentialAction\":[{\"@type\":\"ReadAction\",\"target\":[\"https:\\\/\\\/vitamincic.com\\\/si\\\/product\\\/crni-cesnjak-60-kapsula\\\/\"]}]},{\"@type\":\"ImageObject\",\"inLanguage\":\"sl-SI\",\"@id\":\"https:\\\/\\\/vitamincic.com\\\/si\\\/product\\\/crni-cesnjak-60-kapsula\\\/#primaryimage\",\"url\":\"https:\\\/\\\/vitamincic.com\\\/si\\\/wp-content\\\/uploads\\\/sites\\\/2\\\/2021\\\/09\\\/Optimized-cerny-cesnek_60-suroviny_web_1280px.jpg\",\"contentUrl\":\"https:\\\/\\\/vitamincic.com\\\/si\\\/wp-content\\\/uploads\\\/sites\\\/2\\\/2021\\\/09\\\/Optimized-cerny-cesnek_60-suroviny_web_1280px.jpg\",\"width\":900,\"height\":900},{\"@type\":\"BreadcrumbList\",\"@id\":\"https:\\\/\\\/vitamincic.com\\\/si\\\/product\\\/crni-cesnjak-60-kapsula\\\/#breadcrumb\",\"itemListElement\":[{\"@type\":\"ListItem\",\"position\":1,\"name\":\"Po\u010detna stranica\",\"item\":\"https:\\\/\\\/vitamincic.com\\\/si\\\/\"},{\"@type\":\"ListItem\",\"position\":2,\"name\":\"Trgovina\",\"item\":\"https:\\\/\\\/vitamincic.com\\\/si\\\/trgovina\\\/\"},{\"@type\":\"ListItem\",\"position\":3,\"name\":\"Crni \u010de\u0161njak 60 kapsula\"}]},{\"@type\":\"WebSite\",\"@id\":\"https:\\\/\\\/vitamincic.com\\\/si\\\/#website\",\"url\":\"https:\\\/\\\/vitamincic.com\\\/si\\\/\",\"name\":\"Vitamincic Slovenia\",\"description\":\"Ponudite vitaminsko naravno kozmetiko beljakovinska prehranska dopolnila za zdravje in lepoto. Kupiti na spletu.\",\"publisher\":{\"@id\":\"https:\\\/\\\/vitamincic.com\\\/si\\\/#organization\"},\"potentialAction\":[{\"@type\":\"SearchAction\",\"target\":{\"@type\":\"EntryPoint\",\"urlTemplate\":\"https:\\\/\\\/vitamincic.com\\\/si\\\/?s={search_term_string}\"},\"query-input\":{\"@type\":\"PropertyValueSpecification\",\"valueRequired\":true,\"valueName\":\"search_term_string\"}}],\"inLanguage\":\"sl-SI\"},{\"@type\":\"Organization\",\"@id\":\"https:\\\/\\\/vitamincic.com\\\/si\\\/#organization\",\"name\":\"Vitamin\u010di\u0107 - e-Natura\",\"url\":\"https:\\\/\\\/vitamincic.com\\\/si\\\/\",\"logo\":{\"@type\":\"ImageObject\",\"inLanguage\":\"sl-SI\",\"@id\":\"https:\\\/\\\/vitamincic.com\\\/si\\\/#\\\/schema\\\/logo\\\/image\\\/\",\"url\":\"https:\\\/\\\/vitamincic.com\\\/si\\\/wp-content\\\/uploads\\\/sites\\\/2\\\/2021\\\/03\\\/Vitaminic-logo-1.png\",\"contentUrl\":\"https:\\\/\\\/vitamincic.com\\\/si\\\/wp-content\\\/uploads\\\/sites\\\/2\\\/2021\\\/03\\\/Vitaminic-logo-1.png\",\"width\":400,\"height\":115,\"caption\":\"Vitamin\u010di\u0107 - e-Natura\"},\"image\":{\"@id\":\"https:\\\/\\\/vitamincic.com\\\/si\\\/#\\\/schema\\\/logo\\\/image\\\/\"}}]}<\/script>\n<!-- \/ Yoast SEO plugin. -->","yoast_head_json":{"title":"Crni \u010de\u0161njak 60 kapsula - Vitamincic Slovenia","robots":{"index":"index","follow":"follow","max-snippet":"max-snippet:-1","max-image-preview":"max-image-preview:large","max-video-preview":"max-video-preview:-1"},"canonical":"https:\/\/vitamincic.com\/si\/product\/crni-cesnjak-60-kapsula\/","og_locale":"sl_SI","og_type":"article","og_title":"Crni \u010de\u0161njak 60 kapsula","og_description":"TEREZIA CRNI \u010cE\u0160NJAK 60 KAPSULA &nbsp; Crni \u010de\u0161njak je prava rijetkost u tradicionalnoj medicini. Rije\u010d je o \u010de\u0161njaku (Allium sativum) koji se stavlja u posebnu komoru s vrlo precizno odre\u0111enom temperaturom i vlagom, gdje fermentira nekoliko tjedana, \u0161to mu daje tipi\u010dnu crnu boju. \u010cemu sve ovo?\u00a0\u010ce\u0161njak prirodno poma\u017ee u odr\u017eavanju normalne razine kolesterola i masno\u0107a [&hellip;]","og_url":"https:\/\/vitamincic.com\/si\/product\/crni-cesnjak-60-kapsula\/","og_site_name":"Vitamincic Slovenia","article_modified_time":"2023-05-25T18:40:28+00:00","og_image":[{"width":900,"height":900,"url":"https:\/\/vitamincic.com\/si\/wp-content\/uploads\/sites\/2\/2021\/09\/Optimized-cerny-cesnek_60-suroviny_web_1280px.jpg","type":"image\/jpeg"}],"twitter_card":"summary_large_image","twitter_misc":{"Est. reading time":"3 minute"},"schema":{"@context":"https:\/\/schema.org","@graph":[{"@type":"WebPage","@id":"https:\/\/vitamincic.com\/si\/product\/crni-cesnjak-60-kapsula\/","url":"https:\/\/vitamincic.com\/si\/product\/crni-cesnjak-60-kapsula\/","name":"Crni \u010de\u0161njak 60 kapsula - Vitamincic Slovenia","isPartOf":{"@id":"https:\/\/vitamincic.com\/si\/#website"},"primaryImageOfPage":{"@id":"https:\/\/vitamincic.com\/si\/product\/crni-cesnjak-60-kapsula\/#primaryimage"},"image":{"@id":"https:\/\/vitamincic.com\/si\/product\/crni-cesnjak-60-kapsula\/#primaryimage"},"thumbnailUrl":"https:\/\/vitamincic.com\/si\/wp-content\/uploads\/sites\/2\/2021\/09\/Optimized-cerny-cesnek_60-suroviny_web_1280px.jpg","datePublished":"2021-09-29T16:19:01+00:00","dateModified":"2023-05-25T18:40:28+00:00","breadcrumb":{"@id":"https:\/\/vitamincic.com\/si\/product\/crni-cesnjak-60-kapsula\/#breadcrumb"},"inLanguage":"sl-SI","potentialAction":[{"@type":"ReadAction","target":["https:\/\/vitamincic.com\/si\/product\/crni-cesnjak-60-kapsula\/"]}]},{"@type":"ImageObject","inLanguage":"sl-SI","@id":"https:\/\/vitamincic.com\/si\/product\/crni-cesnjak-60-kapsula\/#primaryimage","url":"https:\/\/vitamincic.com\/si\/wp-content\/uploads\/sites\/2\/2021\/09\/Optimized-cerny-cesnek_60-suroviny_web_1280px.jpg","contentUrl":"https:\/\/vitamincic.com\/si\/wp-content\/uploads\/sites\/2\/2021\/09\/Optimized-cerny-cesnek_60-suroviny_web_1280px.jpg","width":900,"height":900},{"@type":"BreadcrumbList","@id":"https:\/\/vitamincic.com\/si\/product\/crni-cesnjak-60-kapsula\/#breadcrumb","itemListElement":[{"@type":"ListItem","position":1,"name":"Po\u010detna stranica","item":"https:\/\/vitamincic.com\/si\/"},{"@type":"ListItem","position":2,"name":"Trgovina","item":"https:\/\/vitamincic.com\/si\/trgovina\/"},{"@type":"ListItem","position":3,"name":"Crni \u010de\u0161njak 60 kapsula"}]},{"@type":"WebSite","@id":"https:\/\/vitamincic.com\/si\/#website","url":"https:\/\/vitamincic.com\/si\/","name":"Vitamincic Slovenia","description":"Ponudite vitaminsko naravno kozmetiko beljakovinska prehranska dopolnila za zdravje in lepoto. Kupiti na spletu.","publisher":{"@id":"https:\/\/vitamincic.com\/si\/#organization"},"potentialAction":[{"@type":"SearchAction","target":{"@type":"EntryPoint","urlTemplate":"https:\/\/vitamincic.com\/si\/?s={search_term_string}"},"query-input":{"@type":"PropertyValueSpecification","valueRequired":true,"valueName":"search_term_string"}}],"inLanguage":"sl-SI"},{"@type":"Organization","@id":"https:\/\/vitamincic.com\/si\/#organization","name":"Vitamin\u010di\u0107 - e-Natura","url":"https:\/\/vitamincic.com\/si\/","logo":{"@type":"ImageObject","inLanguage":"sl-SI","@id":"https:\/\/vitamincic.com\/si\/#\/schema\/logo\/image\/","url":"https:\/\/vitamincic.com\/si\/wp-content\/uploads\/sites\/2\/2021\/03\/Vitaminic-logo-1.png","contentUrl":"https:\/\/vitamincic.com\/si\/wp-content\/uploads\/sites\/2\/2021\/03\/Vitaminic-logo-1.png","width":400,"height":115,"caption":"Vitamin\u010di\u0107 - e-Natura"},"image":{"@id":"https:\/\/vitamincic.com\/si\/#\/schema\/logo\/image\/"}}]}},"_links":{"self":[{"href":"https:\/\/vitamincic.com\/si\/wp-json\/wp\/v2\/product\/31941","targetHints":{"allow":["GET"]}}],"collection":[{"href":"https:\/\/vitamincic.com\/si\/wp-json\/wp\/v2\/product"}],"about":[{"href":"https:\/\/vitamincic.com\/si\/wp-json\/wp\/v2\/types\/product"}],"replies":[{"embeddable":true,"href":"https:\/\/vitamincic.com\/si\/wp-json\/wp\/v2\/comments?post=31941"}],"wp:featuredmedia":[{"embeddable":true,"href":"https:\/\/vitamincic.com\/si\/wp-json\/wp\/v2\/media\/31949"}],"wp:attachment":[{"href":"https:\/\/vitamincic.com\/si\/wp-json\/wp\/v2\/media?parent=31941"}],"wp:term":[{"taxonomy":"product_brand","embeddable":true,"href":"https:\/\/vitamincic.com\/si\/wp-json\/wp\/v2\/product_brand?post=31941"},{"taxonomy":"product_cat","embeddable":true,"href":"https:\/\/vitamincic.com\/si\/wp-json\/wp\/v2\/product_cat?post=31941"},{"taxonomy":"product_tag","embeddable":true,"href":"https:\/\/vitamincic.com\/si\/wp-json\/wp\/v2\/product_tag?post=31941"}],"curies":[{"name":"wp","href":"https:\/\/api.w.org\/{rel}","templated":true}]}}