{"id":36624,"date":"2022-05-07T21:19:57","date_gmt":"2022-05-07T21:19:57","guid":{"rendered":"https:\/\/vitamincic.com\/si\/?post_type=product&#038;p=36624"},"modified":"2024-10-04T15:14:23","modified_gmt":"2024-10-04T15:14:23","slug":"maca-prah-macamar-60-kapsul","status":"publish","type":"product","link":"https:\/\/vitamincic.com\/si\/product\/maca-prah-macamar-60-kapsul\/","title":{"rendered":"Maca prah MACAMAR 60 kapsul"},"content":{"rendered":"<h6><span style=\"color: #000000;\"><strong><span style=\"vertical-align: inherit;\"><span style=\"vertical-align: inherit;\"><span style=\"vertical-align: inherit;\"><span style=\"vertical-align: inherit;\"><span style=\"vertical-align: inherit;\"><span style=\"vertical-align: inherit;\">Organska Andska ma\u010dka \u00b7 Macamar 60 kapsula<\/span><\/span><\/span><\/span><\/span><\/span><\/strong><\/span><\/h6>\n<p><span style=\"vertical-align: inherit;\"><span style=\"vertical-align: inherit;\"><span style=\"vertical-align: inherit;\"><span style=\"vertical-align: inherit;\"><span style=\"vertical-align: inherit;\"><span style=\"vertical-align: inherit;\">MARNYS\u00ae Macamar je dodatak prehrani koji sadr\u017ei Macu (Lepidium meyenii), sna\u017ean izvor energije u koncentratu 4:1 visoke nutritivne vrijednosti zbog visoke koncentracije mikro i makronutrijenata.<\/span><\/span><\/span><\/span><\/span><\/span><\/p>\n<p><span style=\"vertical-align: inherit;\"><span style=\"vertical-align: inherit;\"><span style=\"vertical-align: inherit;\"><span style=\"vertical-align: inherit;\"><span style=\"vertical-align: inherit;\"><span style=\"vertical-align: inherit;\">Andska maca (Lepidium meyenii) pripada obitelji Brassicaceae i raste u sredi\u0161njim Andama Perua iznad 4000 metara nadmorske visine, gdje se uzgaja vi\u0161e od 2000 godina. <\/span><\/span><\/span><\/span><\/span><span style=\"vertical-align: inherit;\"><span style=\"vertical-align: inherit;\"><span style=\"vertical-align: inherit;\"><span style=\"vertical-align: inherit;\"><span style=\"vertical-align: inherit;\">energiju i mentalni kapacitet.<\/span><\/span><\/span><\/span><\/span><\/span><\/p>\n<p><span style=\"vertical-align: inherit;\"><span style=\"vertical-align: inherit;\">MARNYS\u00ae Macamar i njegov sastojak Macam pridonose tjelesnim i mentalnim performansama te normalnoj seksualnoj funkciji (EFSA NA \u010cEKANJU 3864, 3416, 2838, 2839, 2840) i preporu\u010duje se odraslima koji \u017eele: Dodatnu energiju i vitalnost u borbi protiv umora Pomo\u0107 sporta\u0161ima <\/span><\/span><br \/>\n<span style=\"vertical-align: inherit;\"><span style=\"vertical-align: inherit;\">, <\/span><\/span><br \/>\n<span style=\"vertical-align: inherit;\"><span style=\"vertical-align: inherit;\">koji \u017eele pobolj\u0161ati svoje sportske rezultate. <\/span><\/span><br \/>\n<span style=\"vertical-align: inherit;\"><span style=\"vertical-align: inherit;\">Preporu\u010duje se \u017eenama koje \u017eele normalnu seksualnu funkciju u smislu libida i seksualne \u017eelje.<\/span><\/span><\/p>\n<h6><span style=\"color: #000000;\"><strong><span style=\"vertical-align: inherit;\"><span style=\"vertical-align: inherit;\">Za Macamar MARNYS\u00ae koristi 3 vrste buzdovana: \u017euti, crveni i crni.<\/span><\/span><\/strong><\/span><\/h6>\n<p>&nbsp;<\/p>\n<p><span style=\"vertical-align: inherit;\"><span style=\"vertical-align: inherit;\">Biljne kapsule. <\/span><span style=\"vertical-align: inherit;\">MARNYS\u00ae Macamar je pogodan za vegane.<\/span><\/span><\/p>\n<p><span style=\"vertical-align: inherit;\"><span style=\"vertical-align: inherit;\">Sastojci u preporu\u010denoj dnevnoj dozi (= 2 kapsule):<\/span><\/span><\/p>\n<p><span style=\"vertical-align: inherit;\"><span style=\"vertical-align: inherit;\">Koncentrat organskog ekstrakta korijena crvene, crne i \u017eute mace * (Lepidium meyenii) 1000 mg <\/span><\/span><br \/>\n<span style=\"vertical-align: inherit;\"><span style=\"vertical-align: inherit;\">* Organski sastojak dobiven u skladu sa standardima organskog uzgoja.<\/span><\/span><\/p>\n<p><span style=\"vertical-align: inherit;\"><span style=\"vertical-align: inherit;\">Andska maca, energija i zdravlje za \u017eene<\/span><\/span><\/p>\n<p><span style=\"vertical-align: inherit;\"><span style=\"vertical-align: inherit;\">Priroda nam donosi superhranu kako bismo se sa \u0161to vi\u0161e energije suo\u010dili sa svakodnevnim \u017eivotom. <\/span><span style=\"vertical-align: inherit;\">Andska ma\u010dka je jedan od dodataka koji su posebno korisni za \u017eensku energiju. <\/span><span style=\"vertical-align: inherit;\">Jeste li znali da je ma\u010dka jedna od namirnica koju je NASA izabrala za astronaute?<\/span><\/span><\/p>\n<p><span style=\"vertical-align: inherit;\"><span style=\"vertical-align: inherit;\">Umorni ste od osje\u0107aja umora? <\/span><span style=\"vertical-align: inherit;\">\u017delite odr\u017eavati svoju razinu energije svaki dan u mjesecu? <\/span><span style=\"vertical-align: inherit;\">\u017delite bolje upravljati svojim promjenama raspolo\u017eenja? <\/span><span style=\"vertical-align: inherit;\">Ako ste \u017eena i osje\u0107ate se poistovje\u0107enom s ovakvim situacijama, saznajte koje su prednosti andske ma\u010dke.<\/span><\/span><\/p>\n<h6><strong><span style=\"color: #000000;\"><span style=\"vertical-align: inherit;\"><span style=\"vertical-align: inherit;\">\u0160to je Andska Maca?<\/span><\/span><\/span><\/strong><\/h6>\n<p><span style=\"vertical-align: inherit;\"><span style=\"vertical-align: inherit;\">Seksualna funkcija, razina energije ili raspolo\u017eenje povezani su s karakteristikama andske ma\u010dke, biljke koja raste u \u010distom okoli\u0161u Anda. <\/span><\/span><br \/>\n<span style=\"vertical-align: inherit;\"><span style=\"vertical-align: inherit;\">Andska maca (crvena, crna, ljubi\u010dasta ili \u017euta), Lepidium meyenii Walp o Lepidium peruvianum Chacon, raste na ravnicama bogatim mineralima izme\u0111u 3600 i 4600 metara nadmorske visine u peruanskim i bolivijskim Andama. <\/span><span style=\"vertical-align: inherit;\">Andski mak ljudi koriste ve\u0107 tri tisu\u0107e godina, a na ovoj nadmorskoj visini, zbog jakih vjetrova i velike hladno\u0107e, pesticidi nisu potrebni.<\/span><\/span><\/p>\n<h6><strong><span style=\"color: #000000;\"><span style=\"vertical-align: inherit;\"><span style=\"vertical-align: inherit;\">Zlato Inka<\/span><\/span><\/span><\/strong><\/h6>\n<p><span style=\"vertical-align: inherit;\"><span style=\"vertical-align: inherit;\">Ljudi prije Inka i Inka koristili su prah korijena kao vrijedan adaptogen. <\/span><span style=\"vertical-align: inherit;\">Ova prisutnost prirode omogu\u0107ila bi im prilagodbu okoli\u0161u. <\/span><span style=\"vertical-align: inherit;\">Samo gledaju\u0107i sliku planina Anda mo\u017eemo shvatiti da je takva biljka bila neophodna za pre\u017eivljavanje. <\/span><span style=\"vertical-align: inherit;\">Nadmorska visina, vrhovi, \u0161karpe, snje\u017ena polja, ki\u0161a i poneki te\u017ei uvjeti za \u017eivotinje i ljude \u010dine ovo veli\u010danstveno podru\u010dje jednim od najzahtjevnijih na Zemlji. <\/span><span style=\"vertical-align: inherit;\">Bez andskog makaka Carstvo Inka nikada ne bi pre\u017eivjelo.<\/span><\/span><\/p>\n<p><span style=\"vertical-align: inherit;\"><span style=\"vertical-align: inherit;\">Glasnici Inka koristili su ga za obavljanje svojih du\u017enosti. <\/span><span style=\"vertical-align: inherit;\">Zahvaljuju\u0107i andskoj ma\u010dki i njihovoj dobroj fizi\u010dkoj kondiciji, mogli su tr\u010dati na velike i te\u0161ke udaljenosti kako bi omogu\u0107ili komunikaciju u Carstvu Inka. <\/span><span style=\"vertical-align: inherit;\">\u0160panjolci su prepoznali blagodati ove biljke tijekom osvajanja, kada su njihovi konji zbog visine gubili na plodnosti i snazi. <\/span><span style=\"vertical-align: inherit;\">Inke su ih savjetovali da svojim konjima daju ma\u010dku; <\/span><span style=\"vertical-align: inherit;\">sljede\u0107i koji su koristili andsku ma\u010dku bili su \u0160panjolci. <\/span><span style=\"vertical-align: inherit;\">Neko se vrijeme prodavao diljem Europe, no do 20. stolje\u0107a pao je u zaborav.<\/span><\/span><\/p>\n<p><span style=\"vertical-align: inherit;\"><span style=\"vertical-align: inherit;\">Stanovnici Anda vjerovali su da hrana za andske ma\u010dke, koju su dali bogovi, pove\u0107ava vitalnost, energiju i smanjuje psihi\u010dki i fizi\u010dki umor.<\/span><\/span><\/p>\n<p><span style=\"vertical-align: inherit;\"><span style=\"vertical-align: inherit;\">Danas su crvene andske ma\u010dke i crne andske ma\u010dke dio superhrane zapadnog svijeta. <\/span><span style=\"vertical-align: inherit;\">Preporu\u010duju se protiv umora jer vra\u0107aju \u017eivotnu energiju i dobro raspolo\u017eenje.<\/span><\/span><\/p>\n<p><span style=\"vertical-align: inherit;\"><span style=\"vertical-align: inherit;\"><span style=\"vertical-align: inherit;\"><span style=\"vertical-align: inherit;\">Prednosti Andske ma\u010dke Energizer <\/span><\/span><\/span><\/span><br \/>\n<span style=\"vertical-align: inherit;\"><span style=\"vertical-align: inherit;\"><span style=\"vertical-align: inherit;\"><span style=\"vertical-align: inherit;\">: Doprinosi fizi\u010dkoj izvedbi. <\/span><\/span><\/span><\/span><br \/>\n<span style=\"vertical-align: inherit;\"><span style=\"vertical-align: inherit;\"><span style=\"vertical-align: inherit;\"><span style=\"vertical-align: inherit;\">Savr\u0161ena: Andska ma\u010dka poma\u017ee u prevladavanju fizi\u010dkog ubojstva i savr\u0161ena je za sport. <\/span><\/span><\/span><\/span><br \/>\n<span style=\"vertical-align: inherit;\"><span style=\"vertical-align: inherit;\"><span style=\"vertical-align: inherit;\"><span style=\"vertical-align: inherit;\">Mentalna vitalnost: Andska ma\u010dka i njezine karakteristike pridonose mentalnoj u\u010dinkovitosti. <\/span><\/span><\/span><\/span><br \/>\n<span style=\"vertical-align: inherit;\"><span style=\"vertical-align: inherit;\">Seksualna funkcija kod \u017eena: crvena andska ma\u010dka i crna andska ma\u010dka povezane su s op\u0107im stanjem \u017eene i normalnom spolnom funkcijom: libidom i \u017eeljom.<\/span><\/span><\/p>\n<p><span style=\"vertical-align: inherit;\"><span style=\"vertical-align: inherit;\"><span style=\"vertical-align: inherit;\"><span style=\"vertical-align: inherit;\">Neka mo\u0107 Anda bude s vama!<\/span><\/span><\/span><\/span><\/p>\n<p><span style=\"vertical-align: inherit;\"><span style=\"vertical-align: inherit;\"><span style=\"vertical-align: inherit;\"><span style=\"vertical-align: inherit;\">Reference<\/span><\/span><\/span><\/span><\/p>\n<p><span style=\"vertical-align: inherit;\"><span style=\"vertical-align: inherit;\"><span style=\"vertical-align: inherit;\"><span style=\"vertical-align: inherit;\"><span style=\"vertical-align: inherit;\"><span style=\"vertical-align: inherit;\">Gonzales, GF i sur. <\/span><\/span><\/span><\/span><\/span><span style=\"vertical-align: inherit;\"><span style=\"vertical-align: inherit;\"><span style=\"vertical-align: inherit;\"><span style=\"vertical-align: inherit;\"><span style=\"vertical-align: inherit;\">Uloga konzumacije mace (Lepidium meyenii) na razinu interleukina-6 u serumu i zdravstveni status u populaciji koja \u017eivi u peruanskim sredi\u0161njim Andama iznad 4000 m nadmorske visine. <\/span><\/span><\/span><\/span><\/span><span style=\"vertical-align: inherit;\"><span style=\"vertical-align: inherit;\"><span style=\"vertical-align: inherit;\"><span style=\"vertical-align: inherit;\"><span style=\"vertical-align: inherit;\">Biljna hrana Hum Nutr. <\/span><\/span><\/span><\/span><\/span><span style=\"vertical-align: inherit;\"><span style=\"vertical-align: inherit;\"><span style=\"vertical-align: inherit;\"><span style=\"vertical-align: inherit;\"><span style=\"vertical-align: inherit;\">2014. <\/span><\/span><\/span><\/span><\/span><\/span><br \/>\n<span style=\"vertical-align: inherit;\"><span style=\"vertical-align: inherit;\"><span style=\"vertical-align: inherit;\"><span style=\"vertical-align: inherit;\"><span style=\"vertical-align: inherit;\"><span style=\"vertical-align: inherit;\">Gonzales-Arimborgo, C. i sur. <\/span><\/span><\/span><\/span><\/span><span style=\"vertical-align: inherit;\"><span style=\"vertical-align: inherit;\"><span style=\"vertical-align: inherit;\"><span style=\"vertical-align: inherit;\"><span style=\"vertical-align: inherit;\">Prihvatljivost, sigurnost i u\u010dinkovitost oralnih ekstrakata crne ili crvene sku\u0161e (Lepidium meyenii) u odraslih: randomizirana, dvostruko slijepa, placebom kontrolirana studija. <\/span><\/span><\/span><\/span><\/span><span style=\"vertical-align: inherit;\"><span style=\"vertical-align: inherit;\"><span style=\"vertical-align: inherit;\"><span style=\"vertical-align: inherit;\"><span style=\"vertical-align: inherit;\">Farmaceutski proizvodi (Basel). <\/span><\/span><\/span><\/span><\/span><span style=\"vertical-align: inherit;\"><span style=\"vertical-align: inherit;\"><span style=\"vertical-align: inherit;\"><span style=\"vertical-align: inherit;\"><span style=\"vertical-align: inherit;\">2016<\/span><\/span><\/span><\/span><\/span><\/span><\/p>\n","protected":false},"excerpt":{"rendered":"<p><strong><span style=\"vertical-align: inherit;\"><span style=\"vertical-align: inherit;\"><span style=\"vertical-align: inherit;\"><span style=\"vertical-align: inherit;\"><span style=\"vertical-align: inherit;\"><span style=\"vertical-align: inherit;\">Energija, vitalnost i seksualna \u017eelja kod \u017eena<\/span><\/span><\/span><\/span><\/span><\/span><\/strong><\/p>\n","protected":false},"featured_media":36625,"comment_status":"open","ping_status":"closed","template":"","meta":[],"product_brand":[],"product_cat":[2539],"product_tag":[2654],"class_list":{"0":"post-36624","1":"product","2":"type-product","3":"status-publish","4":"has-post-thumbnail","6":"product_cat-nekategorizirane","7":"product_tag-marnys","9":"first","10":"outofstock","11":"sale","12":"taxable","13":"shipping-taxable","14":"purchasable","15":"product-type-simple"},"yoast_head":"<!-- This site is optimized with the Yoast SEO plugin v27.3 - https:\/\/yoast.com\/product\/yoast-seo-wordpress\/ -->\n<title>Maca prah MACAMAR 60 kapsul - Vitamincic Slovenia<\/title>\n<meta name=\"robots\" content=\"index, follow, max-snippet:-1, max-image-preview:large, max-video-preview:-1\" \/>\n<link rel=\"canonical\" href=\"https:\/\/vitamincic.com\/si\/product\/maca-prah-macamar-60-kapsul\/\" \/>\n<meta property=\"og:locale\" content=\"sl_SI\" \/>\n<meta property=\"og:type\" content=\"article\" \/>\n<meta property=\"og:title\" content=\"Maca prah MACAMAR 60 kapsul - Vitamincic Slovenia\" \/>\n<meta property=\"og:description\" content=\"Energija, vitalnost i seksualna \u017eelja kod \u017eena\" \/>\n<meta property=\"og:url\" content=\"https:\/\/vitamincic.com\/si\/product\/maca-prah-macamar-60-kapsul\/\" \/>\n<meta property=\"og:site_name\" content=\"Vitamincic Slovenia\" \/>\n<meta property=\"article:modified_time\" content=\"2024-10-04T15:14:23+00:00\" \/>\n<meta property=\"og:image\" content=\"https:\/\/vitamincic.com\/si\/wp-content\/uploads\/sites\/2\/2022\/05\/mn343-macamar-60-cap-2.jpg.webp\" \/>\n\t<meta property=\"og:image:width\" content=\"450\" \/>\n\t<meta property=\"og:image:height\" content=\"450\" \/>\n\t<meta property=\"og:image:type\" content=\"image\/webp\" \/>\n<meta name=\"twitter:card\" content=\"summary_large_image\" \/>\n<meta name=\"twitter:label1\" content=\"Est. reading time\" \/>\n\t<meta name=\"twitter:data1\" content=\"4 minute\" \/>\n<script type=\"application\/ld+json\" class=\"yoast-schema-graph\">{\"@context\":\"https:\\\/\\\/schema.org\",\"@graph\":[{\"@type\":\"WebPage\",\"@id\":\"https:\\\/\\\/vitamincic.com\\\/si\\\/product\\\/maca-prah-macamar-60-kapsul\\\/\",\"url\":\"https:\\\/\\\/vitamincic.com\\\/si\\\/product\\\/maca-prah-macamar-60-kapsul\\\/\",\"name\":\"Maca prah MACAMAR 60 kapsul - Vitamincic Slovenia\",\"isPartOf\":{\"@id\":\"https:\\\/\\\/vitamincic.com\\\/si\\\/#website\"},\"primaryImageOfPage\":{\"@id\":\"https:\\\/\\\/vitamincic.com\\\/si\\\/product\\\/maca-prah-macamar-60-kapsul\\\/#primaryimage\"},\"image\":{\"@id\":\"https:\\\/\\\/vitamincic.com\\\/si\\\/product\\\/maca-prah-macamar-60-kapsul\\\/#primaryimage\"},\"thumbnailUrl\":\"https:\\\/\\\/vitamincic.com\\\/si\\\/wp-content\\\/uploads\\\/sites\\\/2\\\/2022\\\/05\\\/mn343-macamar-60-cap-2.jpg.webp\",\"datePublished\":\"2022-05-07T21:19:57+00:00\",\"dateModified\":\"2024-10-04T15:14:23+00:00\",\"breadcrumb\":{\"@id\":\"https:\\\/\\\/vitamincic.com\\\/si\\\/product\\\/maca-prah-macamar-60-kapsul\\\/#breadcrumb\"},\"inLanguage\":\"sl-SI\",\"potentialAction\":[{\"@type\":\"ReadAction\",\"target\":[\"https:\\\/\\\/vitamincic.com\\\/si\\\/product\\\/maca-prah-macamar-60-kapsul\\\/\"]}]},{\"@type\":\"ImageObject\",\"inLanguage\":\"sl-SI\",\"@id\":\"https:\\\/\\\/vitamincic.com\\\/si\\\/product\\\/maca-prah-macamar-60-kapsul\\\/#primaryimage\",\"url\":\"https:\\\/\\\/vitamincic.com\\\/si\\\/wp-content\\\/uploads\\\/sites\\\/2\\\/2022\\\/05\\\/mn343-macamar-60-cap-2.jpg.webp\",\"contentUrl\":\"https:\\\/\\\/vitamincic.com\\\/si\\\/wp-content\\\/uploads\\\/sites\\\/2\\\/2022\\\/05\\\/mn343-macamar-60-cap-2.jpg.webp\",\"width\":450,\"height\":450},{\"@type\":\"BreadcrumbList\",\"@id\":\"https:\\\/\\\/vitamincic.com\\\/si\\\/product\\\/maca-prah-macamar-60-kapsul\\\/#breadcrumb\",\"itemListElement\":[{\"@type\":\"ListItem\",\"position\":1,\"name\":\"Po\u010detna stranica\",\"item\":\"https:\\\/\\\/vitamincic.com\\\/si\\\/\"},{\"@type\":\"ListItem\",\"position\":2,\"name\":\"Trgovina\",\"item\":\"https:\\\/\\\/vitamincic.com\\\/si\\\/trgovina\\\/\"},{\"@type\":\"ListItem\",\"position\":3,\"name\":\"Maca prah MACAMAR 60 kapsul\"}]},{\"@type\":\"WebSite\",\"@id\":\"https:\\\/\\\/vitamincic.com\\\/si\\\/#website\",\"url\":\"https:\\\/\\\/vitamincic.com\\\/si\\\/\",\"name\":\"Vitamincic Slovenia\",\"description\":\"Ponudite vitaminsko naravno kozmetiko beljakovinska prehranska dopolnila za zdravje in lepoto. Kupiti na spletu.\",\"publisher\":{\"@id\":\"https:\\\/\\\/vitamincic.com\\\/si\\\/#organization\"},\"potentialAction\":[{\"@type\":\"SearchAction\",\"target\":{\"@type\":\"EntryPoint\",\"urlTemplate\":\"https:\\\/\\\/vitamincic.com\\\/si\\\/?s={search_term_string}\"},\"query-input\":{\"@type\":\"PropertyValueSpecification\",\"valueRequired\":true,\"valueName\":\"search_term_string\"}}],\"inLanguage\":\"sl-SI\"},{\"@type\":\"Organization\",\"@id\":\"https:\\\/\\\/vitamincic.com\\\/si\\\/#organization\",\"name\":\"Vitamin\u010di\u0107 - e-Natura\",\"url\":\"https:\\\/\\\/vitamincic.com\\\/si\\\/\",\"logo\":{\"@type\":\"ImageObject\",\"inLanguage\":\"sl-SI\",\"@id\":\"https:\\\/\\\/vitamincic.com\\\/si\\\/#\\\/schema\\\/logo\\\/image\\\/\",\"url\":\"https:\\\/\\\/vitamincic.com\\\/si\\\/wp-content\\\/uploads\\\/sites\\\/2\\\/2021\\\/03\\\/Vitaminic-logo-1.png\",\"contentUrl\":\"https:\\\/\\\/vitamincic.com\\\/si\\\/wp-content\\\/uploads\\\/sites\\\/2\\\/2021\\\/03\\\/Vitaminic-logo-1.png\",\"width\":400,\"height\":115,\"caption\":\"Vitamin\u010di\u0107 - e-Natura\"},\"image\":{\"@id\":\"https:\\\/\\\/vitamincic.com\\\/si\\\/#\\\/schema\\\/logo\\\/image\\\/\"}}]}<\/script>\n<!-- \/ Yoast SEO plugin. -->","yoast_head_json":{"title":"Maca prah MACAMAR 60 kapsul - Vitamincic Slovenia","robots":{"index":"index","follow":"follow","max-snippet":"max-snippet:-1","max-image-preview":"max-image-preview:large","max-video-preview":"max-video-preview:-1"},"canonical":"https:\/\/vitamincic.com\/si\/product\/maca-prah-macamar-60-kapsul\/","og_locale":"sl_SI","og_type":"article","og_title":"Maca prah MACAMAR 60 kapsul - Vitamincic Slovenia","og_description":"Energija, vitalnost i seksualna \u017eelja kod \u017eena","og_url":"https:\/\/vitamincic.com\/si\/product\/maca-prah-macamar-60-kapsul\/","og_site_name":"Vitamincic Slovenia","article_modified_time":"2024-10-04T15:14:23+00:00","og_image":[{"width":450,"height":450,"url":"https:\/\/vitamincic.com\/si\/wp-content\/uploads\/sites\/2\/2022\/05\/mn343-macamar-60-cap-2.jpg.webp","type":"image\/webp"}],"twitter_card":"summary_large_image","twitter_misc":{"Est. reading time":"4 minute"},"schema":{"@context":"https:\/\/schema.org","@graph":[{"@type":"WebPage","@id":"https:\/\/vitamincic.com\/si\/product\/maca-prah-macamar-60-kapsul\/","url":"https:\/\/vitamincic.com\/si\/product\/maca-prah-macamar-60-kapsul\/","name":"Maca prah MACAMAR 60 kapsul - Vitamincic Slovenia","isPartOf":{"@id":"https:\/\/vitamincic.com\/si\/#website"},"primaryImageOfPage":{"@id":"https:\/\/vitamincic.com\/si\/product\/maca-prah-macamar-60-kapsul\/#primaryimage"},"image":{"@id":"https:\/\/vitamincic.com\/si\/product\/maca-prah-macamar-60-kapsul\/#primaryimage"},"thumbnailUrl":"https:\/\/vitamincic.com\/si\/wp-content\/uploads\/sites\/2\/2022\/05\/mn343-macamar-60-cap-2.jpg.webp","datePublished":"2022-05-07T21:19:57+00:00","dateModified":"2024-10-04T15:14:23+00:00","breadcrumb":{"@id":"https:\/\/vitamincic.com\/si\/product\/maca-prah-macamar-60-kapsul\/#breadcrumb"},"inLanguage":"sl-SI","potentialAction":[{"@type":"ReadAction","target":["https:\/\/vitamincic.com\/si\/product\/maca-prah-macamar-60-kapsul\/"]}]},{"@type":"ImageObject","inLanguage":"sl-SI","@id":"https:\/\/vitamincic.com\/si\/product\/maca-prah-macamar-60-kapsul\/#primaryimage","url":"https:\/\/vitamincic.com\/si\/wp-content\/uploads\/sites\/2\/2022\/05\/mn343-macamar-60-cap-2.jpg.webp","contentUrl":"https:\/\/vitamincic.com\/si\/wp-content\/uploads\/sites\/2\/2022\/05\/mn343-macamar-60-cap-2.jpg.webp","width":450,"height":450},{"@type":"BreadcrumbList","@id":"https:\/\/vitamincic.com\/si\/product\/maca-prah-macamar-60-kapsul\/#breadcrumb","itemListElement":[{"@type":"ListItem","position":1,"name":"Po\u010detna stranica","item":"https:\/\/vitamincic.com\/si\/"},{"@type":"ListItem","position":2,"name":"Trgovina","item":"https:\/\/vitamincic.com\/si\/trgovina\/"},{"@type":"ListItem","position":3,"name":"Maca prah MACAMAR 60 kapsul"}]},{"@type":"WebSite","@id":"https:\/\/vitamincic.com\/si\/#website","url":"https:\/\/vitamincic.com\/si\/","name":"Vitamincic Slovenia","description":"Ponudite vitaminsko naravno kozmetiko beljakovinska prehranska dopolnila za zdravje in lepoto. Kupiti na spletu.","publisher":{"@id":"https:\/\/vitamincic.com\/si\/#organization"},"potentialAction":[{"@type":"SearchAction","target":{"@type":"EntryPoint","urlTemplate":"https:\/\/vitamincic.com\/si\/?s={search_term_string}"},"query-input":{"@type":"PropertyValueSpecification","valueRequired":true,"valueName":"search_term_string"}}],"inLanguage":"sl-SI"},{"@type":"Organization","@id":"https:\/\/vitamincic.com\/si\/#organization","name":"Vitamin\u010di\u0107 - e-Natura","url":"https:\/\/vitamincic.com\/si\/","logo":{"@type":"ImageObject","inLanguage":"sl-SI","@id":"https:\/\/vitamincic.com\/si\/#\/schema\/logo\/image\/","url":"https:\/\/vitamincic.com\/si\/wp-content\/uploads\/sites\/2\/2021\/03\/Vitaminic-logo-1.png","contentUrl":"https:\/\/vitamincic.com\/si\/wp-content\/uploads\/sites\/2\/2021\/03\/Vitaminic-logo-1.png","width":400,"height":115,"caption":"Vitamin\u010di\u0107 - e-Natura"},"image":{"@id":"https:\/\/vitamincic.com\/si\/#\/schema\/logo\/image\/"}}]}},"_links":{"self":[{"href":"https:\/\/vitamincic.com\/si\/wp-json\/wp\/v2\/product\/36624","targetHints":{"allow":["GET"]}}],"collection":[{"href":"https:\/\/vitamincic.com\/si\/wp-json\/wp\/v2\/product"}],"about":[{"href":"https:\/\/vitamincic.com\/si\/wp-json\/wp\/v2\/types\/product"}],"replies":[{"embeddable":true,"href":"https:\/\/vitamincic.com\/si\/wp-json\/wp\/v2\/comments?post=36624"}],"wp:featuredmedia":[{"embeddable":true,"href":"https:\/\/vitamincic.com\/si\/wp-json\/wp\/v2\/media\/36625"}],"wp:attachment":[{"href":"https:\/\/vitamincic.com\/si\/wp-json\/wp\/v2\/media?parent=36624"}],"wp:term":[{"taxonomy":"product_brand","embeddable":true,"href":"https:\/\/vitamincic.com\/si\/wp-json\/wp\/v2\/product_brand?post=36624"},{"taxonomy":"product_cat","embeddable":true,"href":"https:\/\/vitamincic.com\/si\/wp-json\/wp\/v2\/product_cat?post=36624"},{"taxonomy":"product_tag","embeddable":true,"href":"https:\/\/vitamincic.com\/si\/wp-json\/wp\/v2\/product_tag?post=36624"}],"curies":[{"name":"wp","href":"https:\/\/api.w.org\/{rel}","templated":true}]}}