{"id":36862,"date":"2023-02-04T15:22:23","date_gmt":"2023-02-04T15:22:23","guid":{"rendered":"https:\/\/vitamincic.com\/si\/?post_type=product&#038;p=36862"},"modified":"2024-10-04T17:33:55","modified_gmt":"2024-10-04T17:33:55","slug":"liposomal-vitamin-c-solaray-100-kapsul","status":"publish","type":"product","link":"https:\/\/vitamincic.com\/si\/product\/liposomal-vitamin-c-solaray-100-kapsul\/","title":{"rendered":"Liposomal Vitamin C Solaray 100 kapsul"},"content":{"rendered":"<h6>Vitamin C pove\u010duje absorpcijo \u017eeleza in prispeva k normalni presnovi pri nastajanju energije, normalnem delovanju \u017eiv\u010dnega sistema, normalni tvorbi kolagena za normalno delovanje dlesni, hrustanca, kosti, ko\u017ee, o\u017eilja in zob; za\u0161\u010dita celic pred oksidativnim stresom, zmanj\u0161anje utrujenosti in iz\u010drpanosti, normalno delovanje imunskega sistema na splo\u0161no ter med in po intenzivni telesni aktivnosti.<\/h6>\n<h6>Sestavine: vitamin C, fosfatidil holin, palmitinska kislina, oleinska kislina, rastlinska celulozna kapsula, celulozni emulgator.<\/h6>\n<table>\n<thead>\n<tr class=\"row-1 odd\">\n<th class=\"column-1\">Sestavine v priporo\u010denem dnevnem odmerku (= 1 kapsula):<\/th>\n<th class=\"column-2\">Neto koli\u010dina:<\/th>\n<th class=\"column-3\">% PU<\/th>\n<\/tr>\n<\/thead>\n<tbody class=\"row-hover\">\n<tr class=\"row-2 even\">\n<td class=\"column-1\">Vitamin C (liposomalna L-askorbinska kiselina)<\/td>\n<td class=\"column-2\">500 mg<\/td>\n<td class=\"column-3\">556 %<\/td>\n<\/tr>\n<tr>\n<td>Liposomalna mje\u0161avina (fosfatidil kolin (iz suncokreta ( Helianthus annuus) palmitinska kiselina, oleinska kiselina)<\/td>\n<td>241 mg<\/td>\n<\/tr>\n<\/tbody>\n<\/table>\n<h6><\/h6>\n<h6>Navodilo za uporabo: zau\u017eijte 1 kapsulo na dan (z obrokom ali kozarcem vode) ali po priporo\u010dilu strokovnjaka.<\/h6>\n<h6>Opombe: Priporo\u010denih dnevnih odmerkov ne smete prese\u010di. Prehransko dopolnilo ni nadomestek ali nadomestilo za uravnote\u017eeno prehrano. Pomembna je uravnote\u017eena in raznolika prehrana ter zdrav \u017eivljenjski slog.<\/h6>\n<h6>OPOZORILO: Ne uporabljajte, \u010de za\u0161\u010ditni pokrov pod pokrov\u010dkom manjka ali je po\u0161kodovan. Hraniti izven dosega majhnih otrok. Pred jemanjem prehranskega dopolnila se je potrebno posvetovati z zdravnikom ali strokovnjakom.<\/h6>\n<h6>Pogoji shranjevanja: v hladnem, suhem in temnem prostoru.<\/h6>\n<h6>Uporabno do: datum natisnjen na originalni embala\u017ei.<\/h6>\n","protected":false},"excerpt":{"rendered":"<p>Liposomski vitamin C v eni kapsuli vsebuje 500 mg v ma\u0161\u010dobi topnega vitamina C. Telo ga bolje absorbira kot vodotopno obliko vitamina C in je ne\u017enej\u0161i za \u017eelodec.<\/p>\n<p>100 VEG kapsul<br \/>\nNe vsebuje glutena, sladkorja, soli in \u0161kroba<br \/>\nTrue Blue\u2122, preverjeno LAB<\/p>\n","protected":false},"featured_media":36863,"comment_status":"open","ping_status":"closed","template":"","meta":[],"product_brand":[],"product_cat":[2539],"product_tag":[2584],"class_list":{"0":"post-36862","1":"product","2":"type-product","3":"status-publish","4":"has-post-thumbnail","6":"product_cat-nekategorizirane","7":"product_tag-solaray","9":"first","10":"instock","11":"taxable","12":"shipping-taxable","13":"purchasable","14":"product-type-simple"},"yoast_head":"<!-- This site is optimized with the Yoast SEO plugin v27.3 - https:\/\/yoast.com\/product\/yoast-seo-wordpress\/ -->\n<title>Liposomal Vitamin C Solaray 100 kapsul - Vitamincic Slovenia<\/title>\n<meta name=\"robots\" content=\"index, follow, max-snippet:-1, max-image-preview:large, max-video-preview:-1\" \/>\n<link rel=\"canonical\" href=\"https:\/\/vitamincic.com\/si\/product\/liposomal-vitamin-c-solaray-100-kapsul\/\" \/>\n<meta property=\"og:locale\" content=\"sl_SI\" \/>\n<meta property=\"og:type\" content=\"article\" \/>\n<meta property=\"og:title\" content=\"Liposomal Vitamin C Solaray 100 kapsul - Vitamincic Slovenia\" \/>\n<meta property=\"og:description\" content=\"Liposomski vitamin C v eni kapsuli vsebuje 500 mg v ma\u0161\u010dobi topnega vitamina C. Telo ga bolje absorbira kot vodotopno obliko vitamina C in je ne\u017enej\u0161i za \u017eelodec.  100 VEG kapsul Ne vsebuje glutena, sladkorja, soli in \u0161kroba True Blue\u2122, preverjeno LAB\" \/>\n<meta property=\"og:url\" content=\"https:\/\/vitamincic.com\/si\/product\/liposomal-vitamin-c-solaray-100-kapsul\/\" \/>\n<meta property=\"og:site_name\" content=\"Vitamincic Slovenia\" \/>\n<meta property=\"article:modified_time\" content=\"2024-10-04T17:33:55+00:00\" \/>\n<meta property=\"og:image\" content=\"https:\/\/vitamincic.com\/si\/wp-content\/uploads\/sites\/2\/2023\/02\/Liposomal-Vitamin-C-2022-076280574197.jpg\" \/>\n\t<meta property=\"og:image:width\" content=\"400\" \/>\n\t<meta property=\"og:image:height\" content=\"600\" \/>\n\t<meta property=\"og:image:type\" content=\"image\/jpeg\" \/>\n<meta name=\"twitter:card\" content=\"summary_large_image\" \/>\n<meta name=\"twitter:label1\" content=\"Est. reading time\" \/>\n\t<meta name=\"twitter:data1\" content=\"2 minuti\" \/>\n<script type=\"application\/ld+json\" class=\"yoast-schema-graph\">{\"@context\":\"https:\\\/\\\/schema.org\",\"@graph\":[{\"@type\":\"WebPage\",\"@id\":\"https:\\\/\\\/vitamincic.com\\\/si\\\/product\\\/liposomal-vitamin-c-solaray-100-kapsul\\\/\",\"url\":\"https:\\\/\\\/vitamincic.com\\\/si\\\/product\\\/liposomal-vitamin-c-solaray-100-kapsul\\\/\",\"name\":\"Liposomal Vitamin C Solaray 100 kapsul - Vitamincic Slovenia\",\"isPartOf\":{\"@id\":\"https:\\\/\\\/vitamincic.com\\\/si\\\/#website\"},\"primaryImageOfPage\":{\"@id\":\"https:\\\/\\\/vitamincic.com\\\/si\\\/product\\\/liposomal-vitamin-c-solaray-100-kapsul\\\/#primaryimage\"},\"image\":{\"@id\":\"https:\\\/\\\/vitamincic.com\\\/si\\\/product\\\/liposomal-vitamin-c-solaray-100-kapsul\\\/#primaryimage\"},\"thumbnailUrl\":\"https:\\\/\\\/vitamincic.com\\\/si\\\/wp-content\\\/uploads\\\/sites\\\/2\\\/2023\\\/02\\\/Liposomal-Vitamin-C-2022-076280574197.jpg\",\"datePublished\":\"2023-02-04T15:22:23+00:00\",\"dateModified\":\"2024-10-04T17:33:55+00:00\",\"breadcrumb\":{\"@id\":\"https:\\\/\\\/vitamincic.com\\\/si\\\/product\\\/liposomal-vitamin-c-solaray-100-kapsul\\\/#breadcrumb\"},\"inLanguage\":\"sl-SI\",\"potentialAction\":[{\"@type\":\"ReadAction\",\"target\":[\"https:\\\/\\\/vitamincic.com\\\/si\\\/product\\\/liposomal-vitamin-c-solaray-100-kapsul\\\/\"]}]},{\"@type\":\"ImageObject\",\"inLanguage\":\"sl-SI\",\"@id\":\"https:\\\/\\\/vitamincic.com\\\/si\\\/product\\\/liposomal-vitamin-c-solaray-100-kapsul\\\/#primaryimage\",\"url\":\"https:\\\/\\\/vitamincic.com\\\/si\\\/wp-content\\\/uploads\\\/sites\\\/2\\\/2023\\\/02\\\/Liposomal-Vitamin-C-2022-076280574197.jpg\",\"contentUrl\":\"https:\\\/\\\/vitamincic.com\\\/si\\\/wp-content\\\/uploads\\\/sites\\\/2\\\/2023\\\/02\\\/Liposomal-Vitamin-C-2022-076280574197.jpg\",\"width\":400,\"height\":600},{\"@type\":\"BreadcrumbList\",\"@id\":\"https:\\\/\\\/vitamincic.com\\\/si\\\/product\\\/liposomal-vitamin-c-solaray-100-kapsul\\\/#breadcrumb\",\"itemListElement\":[{\"@type\":\"ListItem\",\"position\":1,\"name\":\"Po\u010detna stranica\",\"item\":\"https:\\\/\\\/vitamincic.com\\\/si\\\/\"},{\"@type\":\"ListItem\",\"position\":2,\"name\":\"Trgovina\",\"item\":\"https:\\\/\\\/vitamincic.com\\\/si\\\/trgovina\\\/\"},{\"@type\":\"ListItem\",\"position\":3,\"name\":\"Liposomal Vitamin C Solaray 100 kapsul\"}]},{\"@type\":\"WebSite\",\"@id\":\"https:\\\/\\\/vitamincic.com\\\/si\\\/#website\",\"url\":\"https:\\\/\\\/vitamincic.com\\\/si\\\/\",\"name\":\"Vitamincic Slovenia\",\"description\":\"Ponudite vitaminsko naravno kozmetiko beljakovinska prehranska dopolnila za zdravje in lepoto. Kupiti na spletu.\",\"publisher\":{\"@id\":\"https:\\\/\\\/vitamincic.com\\\/si\\\/#organization\"},\"potentialAction\":[{\"@type\":\"SearchAction\",\"target\":{\"@type\":\"EntryPoint\",\"urlTemplate\":\"https:\\\/\\\/vitamincic.com\\\/si\\\/?s={search_term_string}\"},\"query-input\":{\"@type\":\"PropertyValueSpecification\",\"valueRequired\":true,\"valueName\":\"search_term_string\"}}],\"inLanguage\":\"sl-SI\"},{\"@type\":\"Organization\",\"@id\":\"https:\\\/\\\/vitamincic.com\\\/si\\\/#organization\",\"name\":\"Vitamin\u010di\u0107 - e-Natura\",\"url\":\"https:\\\/\\\/vitamincic.com\\\/si\\\/\",\"logo\":{\"@type\":\"ImageObject\",\"inLanguage\":\"sl-SI\",\"@id\":\"https:\\\/\\\/vitamincic.com\\\/si\\\/#\\\/schema\\\/logo\\\/image\\\/\",\"url\":\"https:\\\/\\\/vitamincic.com\\\/si\\\/wp-content\\\/uploads\\\/sites\\\/2\\\/2021\\\/03\\\/Vitaminic-logo-1.png\",\"contentUrl\":\"https:\\\/\\\/vitamincic.com\\\/si\\\/wp-content\\\/uploads\\\/sites\\\/2\\\/2021\\\/03\\\/Vitaminic-logo-1.png\",\"width\":400,\"height\":115,\"caption\":\"Vitamin\u010di\u0107 - e-Natura\"},\"image\":{\"@id\":\"https:\\\/\\\/vitamincic.com\\\/si\\\/#\\\/schema\\\/logo\\\/image\\\/\"}}]}<\/script>\n<!-- \/ Yoast SEO plugin. -->","yoast_head_json":{"title":"Liposomal Vitamin C Solaray 100 kapsul - Vitamincic Slovenia","robots":{"index":"index","follow":"follow","max-snippet":"max-snippet:-1","max-image-preview":"max-image-preview:large","max-video-preview":"max-video-preview:-1"},"canonical":"https:\/\/vitamincic.com\/si\/product\/liposomal-vitamin-c-solaray-100-kapsul\/","og_locale":"sl_SI","og_type":"article","og_title":"Liposomal Vitamin C Solaray 100 kapsul - Vitamincic Slovenia","og_description":"Liposomski vitamin C v eni kapsuli vsebuje 500 mg v ma\u0161\u010dobi topnega vitamina C. Telo ga bolje absorbira kot vodotopno obliko vitamina C in je ne\u017enej\u0161i za \u017eelodec.  100 VEG kapsul Ne vsebuje glutena, sladkorja, soli in \u0161kroba True Blue\u2122, preverjeno LAB","og_url":"https:\/\/vitamincic.com\/si\/product\/liposomal-vitamin-c-solaray-100-kapsul\/","og_site_name":"Vitamincic Slovenia","article_modified_time":"2024-10-04T17:33:55+00:00","og_image":[{"width":400,"height":600,"url":"https:\/\/vitamincic.com\/si\/wp-content\/uploads\/sites\/2\/2023\/02\/Liposomal-Vitamin-C-2022-076280574197.jpg","type":"image\/jpeg"}],"twitter_card":"summary_large_image","twitter_misc":{"Est. reading time":"2 minuti"},"schema":{"@context":"https:\/\/schema.org","@graph":[{"@type":"WebPage","@id":"https:\/\/vitamincic.com\/si\/product\/liposomal-vitamin-c-solaray-100-kapsul\/","url":"https:\/\/vitamincic.com\/si\/product\/liposomal-vitamin-c-solaray-100-kapsul\/","name":"Liposomal Vitamin C Solaray 100 kapsul - Vitamincic Slovenia","isPartOf":{"@id":"https:\/\/vitamincic.com\/si\/#website"},"primaryImageOfPage":{"@id":"https:\/\/vitamincic.com\/si\/product\/liposomal-vitamin-c-solaray-100-kapsul\/#primaryimage"},"image":{"@id":"https:\/\/vitamincic.com\/si\/product\/liposomal-vitamin-c-solaray-100-kapsul\/#primaryimage"},"thumbnailUrl":"https:\/\/vitamincic.com\/si\/wp-content\/uploads\/sites\/2\/2023\/02\/Liposomal-Vitamin-C-2022-076280574197.jpg","datePublished":"2023-02-04T15:22:23+00:00","dateModified":"2024-10-04T17:33:55+00:00","breadcrumb":{"@id":"https:\/\/vitamincic.com\/si\/product\/liposomal-vitamin-c-solaray-100-kapsul\/#breadcrumb"},"inLanguage":"sl-SI","potentialAction":[{"@type":"ReadAction","target":["https:\/\/vitamincic.com\/si\/product\/liposomal-vitamin-c-solaray-100-kapsul\/"]}]},{"@type":"ImageObject","inLanguage":"sl-SI","@id":"https:\/\/vitamincic.com\/si\/product\/liposomal-vitamin-c-solaray-100-kapsul\/#primaryimage","url":"https:\/\/vitamincic.com\/si\/wp-content\/uploads\/sites\/2\/2023\/02\/Liposomal-Vitamin-C-2022-076280574197.jpg","contentUrl":"https:\/\/vitamincic.com\/si\/wp-content\/uploads\/sites\/2\/2023\/02\/Liposomal-Vitamin-C-2022-076280574197.jpg","width":400,"height":600},{"@type":"BreadcrumbList","@id":"https:\/\/vitamincic.com\/si\/product\/liposomal-vitamin-c-solaray-100-kapsul\/#breadcrumb","itemListElement":[{"@type":"ListItem","position":1,"name":"Po\u010detna stranica","item":"https:\/\/vitamincic.com\/si\/"},{"@type":"ListItem","position":2,"name":"Trgovina","item":"https:\/\/vitamincic.com\/si\/trgovina\/"},{"@type":"ListItem","position":3,"name":"Liposomal Vitamin C Solaray 100 kapsul"}]},{"@type":"WebSite","@id":"https:\/\/vitamincic.com\/si\/#website","url":"https:\/\/vitamincic.com\/si\/","name":"Vitamincic Slovenia","description":"Ponudite vitaminsko naravno kozmetiko beljakovinska prehranska dopolnila za zdravje in lepoto. Kupiti na spletu.","publisher":{"@id":"https:\/\/vitamincic.com\/si\/#organization"},"potentialAction":[{"@type":"SearchAction","target":{"@type":"EntryPoint","urlTemplate":"https:\/\/vitamincic.com\/si\/?s={search_term_string}"},"query-input":{"@type":"PropertyValueSpecification","valueRequired":true,"valueName":"search_term_string"}}],"inLanguage":"sl-SI"},{"@type":"Organization","@id":"https:\/\/vitamincic.com\/si\/#organization","name":"Vitamin\u010di\u0107 - e-Natura","url":"https:\/\/vitamincic.com\/si\/","logo":{"@type":"ImageObject","inLanguage":"sl-SI","@id":"https:\/\/vitamincic.com\/si\/#\/schema\/logo\/image\/","url":"https:\/\/vitamincic.com\/si\/wp-content\/uploads\/sites\/2\/2021\/03\/Vitaminic-logo-1.png","contentUrl":"https:\/\/vitamincic.com\/si\/wp-content\/uploads\/sites\/2\/2021\/03\/Vitaminic-logo-1.png","width":400,"height":115,"caption":"Vitamin\u010di\u0107 - e-Natura"},"image":{"@id":"https:\/\/vitamincic.com\/si\/#\/schema\/logo\/image\/"}}]}},"_links":{"self":[{"href":"https:\/\/vitamincic.com\/si\/wp-json\/wp\/v2\/product\/36862","targetHints":{"allow":["GET"]}}],"collection":[{"href":"https:\/\/vitamincic.com\/si\/wp-json\/wp\/v2\/product"}],"about":[{"href":"https:\/\/vitamincic.com\/si\/wp-json\/wp\/v2\/types\/product"}],"replies":[{"embeddable":true,"href":"https:\/\/vitamincic.com\/si\/wp-json\/wp\/v2\/comments?post=36862"}],"wp:featuredmedia":[{"embeddable":true,"href":"https:\/\/vitamincic.com\/si\/wp-json\/wp\/v2\/media\/36863"}],"wp:attachment":[{"href":"https:\/\/vitamincic.com\/si\/wp-json\/wp\/v2\/media?parent=36862"}],"wp:term":[{"taxonomy":"product_brand","embeddable":true,"href":"https:\/\/vitamincic.com\/si\/wp-json\/wp\/v2\/product_brand?post=36862"},{"taxonomy":"product_cat","embeddable":true,"href":"https:\/\/vitamincic.com\/si\/wp-json\/wp\/v2\/product_cat?post=36862"},{"taxonomy":"product_tag","embeddable":true,"href":"https:\/\/vitamincic.com\/si\/wp-json\/wp\/v2\/product_tag?post=36862"}],"curies":[{"name":"wp","href":"https:\/\/api.w.org\/{rel}","templated":true}]}}