{"id":37150,"date":"2023-10-13T13:25:59","date_gmt":"2023-10-13T13:25:59","guid":{"rendered":"https:\/\/vitamincic.com\/si\/?post_type=product&#038;p=37150"},"modified":"2026-03-25T11:54:45","modified_gmt":"2026-03-25T11:54:45","slug":"swedish-collagen-deluxe-500ml","status":"publish","type":"product","link":"https:\/\/vitamincic.com\/si\/product\/swedish-collagen-deluxe-500ml\/","title":{"rendered":"Swedish Collagen Deluxe 500ml"},"content":{"rendered":"<h3 data-start=\"87\" data-end=\"159\"><span style=\"color: #000000;\"><strong data-start=\"91\" data-end=\"159\">\u0160vedski kolagen Deluxe \u2013 teko\u010di kolagen za sijo\u010do in \u010dvrsto ko\u017eo<\/strong><\/span><\/h3>\n<p data-start=\"161\" data-end=\"400\"><span style=\"color: #000000;\">S staranjem se naravna tvorba kolagena v telesu zmanj\u0161uje, kar vodi do izgube elasti\u010dnosti ko\u017ee in pojava gub. Z dnevnim vnosom 25 ml Collagen Deluxea pomagate telesu obnoviti raven kolagena ter tako ohraniti \u010dvrsto, gladko in pro\u017eno ko\u017eo.<\/span><\/p>\n<p data-start=\"402\" data-end=\"578\"><span style=\"color: #000000;\">Vsak odmerek vsebuje 12.500 mg hidroliziranega ribjega kolagena in 75 mg hialuronske kisline, skupaj z izbranimi vitamini in minerali za celovito podporo ko\u017ei, lasem in nohtom.<\/span><\/p>\n<hr data-start=\"580\" data-end=\"583\" \/>\n<h4 data-start=\"585\" data-end=\"612\"><span style=\"color: #000000;\"><strong data-start=\"590\" data-end=\"612\">Prednosti izdelka:<\/strong><\/span><\/h4>\n<ul data-start=\"614\" data-end=\"879\">\n<li data-start=\"614\" data-end=\"664\">\n<p data-start=\"616\" data-end=\"664\"><span style=\"color: #000000;\">Izjemno visoka vsebnost kolagena tipa I in III<\/span><\/p>\n<\/li>\n<li data-start=\"665\" data-end=\"707\">\n<p data-start=\"667\" data-end=\"707\"><span style=\"color: #000000;\">Podpora elasti\u010dnosti in \u010dvrstosti ko\u017ee<\/span><\/p>\n<\/li>\n<li data-start=\"708\" data-end=\"750\">\n<p data-start=\"710\" data-end=\"750\"><span style=\"color: #000000;\">Zmanj\u0161anje gub in izbolj\u0161ana hidracija<\/span><\/p>\n<\/li>\n<li data-start=\"751\" data-end=\"812\">\n<p data-start=\"753\" data-end=\"812\"><span style=\"color: #000000;\">Dodani vitamini in minerali za zdravo ko\u017eo, lase in nohte<\/span><\/p>\n<\/li>\n<li data-start=\"813\" data-end=\"879\">\n<p data-start=\"815\" data-end=\"879\"><span style=\"color: #000000;\">Antioksidativna za\u0161\u010dita z izvle\u010dkom zelenega \u010daja in aloe vero<\/span><\/p>\n<\/li>\n<\/ul>\n<hr data-start=\"881\" data-end=\"884\" \/>\n<h4 data-start=\"886\" data-end=\"921\"><span style=\"color: #000000;\"><strong data-start=\"891\" data-end=\"921\">Aktivne sestavine v 25 ml:<\/strong><\/span><\/h4>\n<ul data-start=\"923\" data-end=\"1431\">\n<li data-start=\"923\" data-end=\"967\">\n<p data-start=\"925\" data-end=\"967\"><span style=\"color: #000000;\">Hidrolizirani ribji kolagen: <strong data-start=\"954\" data-end=\"967\">12.500 mg<\/strong><\/span><\/p>\n<\/li>\n<li data-start=\"968\" data-end=\"1000\">\n<p data-start=\"970\" data-end=\"1000\"><span style=\"color: #000000;\">Hialuronska kislina: <strong data-start=\"991\" data-end=\"1000\">75 mg<\/strong><\/span><\/p>\n<\/li>\n<li data-start=\"1001\" data-end=\"1035\">\n<p data-start=\"1003\" data-end=\"1035\"><span style=\"color: #000000;\">Vitamin C: <strong data-start=\"1014\" data-end=\"1035\">120 mg (150% PDV)<\/strong><\/span><\/p>\n<\/li>\n<li data-start=\"1036\" data-end=\"1084\">\n<p data-start=\"1038\" data-end=\"1084\"><span style=\"color: #000000;\">Pantotenska kislina (B5): <strong data-start=\"1064\" data-end=\"1084\">50 mg (833% PDV)<\/strong><\/span><\/p>\n<\/li>\n<li data-start=\"1085\" data-end=\"1120\">\n<p data-start=\"1087\" data-end=\"1120\"><span style=\"color: #000000;\">Vitamin B6: <strong data-start=\"1099\" data-end=\"1120\">1,4 mg (100% PDV)<\/strong><\/span><\/p>\n<\/li>\n<li data-start=\"1121\" data-end=\"1156\">\n<p data-start=\"1123\" data-end=\"1156\"><span style=\"color: #000000;\">Biotin: <strong data-start=\"1131\" data-end=\"1156\">5000 \u00b5g (10.000% PDV)<\/strong><\/span><\/p>\n<\/li>\n<li data-start=\"1157\" data-end=\"1193\">\n<p data-start=\"1159\" data-end=\"1193\"><span style=\"color: #000000;\">Vitamin B12: <strong data-start=\"1172\" data-end=\"1193\">7,5 \u00b5g (300% PDV)<\/strong><\/span><\/p>\n<\/li>\n<li data-start=\"1194\" data-end=\"1228\">\n<p data-start=\"1196\" data-end=\"1228\"><span style=\"color: #000000;\">Vitamin D3: <strong data-start=\"1208\" data-end=\"1228\">30 \u00b5g (600% PDV)<\/strong><\/span><\/p>\n<\/li>\n<li data-start=\"1229\" data-end=\"1258\">\n<p data-start=\"1231\" data-end=\"1258\"><span style=\"color: #000000;\">Selen: <strong data-start=\"1238\" data-end=\"1258\">55 \u00b5g (100% PDV)<\/strong><\/span><\/p>\n<\/li>\n<li data-start=\"1259\" data-end=\"1287\">\n<p data-start=\"1261\" data-end=\"1287\"><span style=\"color: #000000;\">Cink: <strong data-start=\"1267\" data-end=\"1287\">10 mg (100% PDV)<\/strong><\/span><\/p>\n<\/li>\n<li data-start=\"1288\" data-end=\"1305\">\n<p data-start=\"1290\" data-end=\"1305\"><span style=\"color: #000000;\">MSM: <strong data-start=\"1295\" data-end=\"1305\">125 mg<\/strong><\/span><\/p>\n<\/li>\n<li data-start=\"1306\" data-end=\"1336\">\n<p data-start=\"1308\" data-end=\"1336\"><span style=\"color: #000000;\">Silicijev dioksid: <strong data-start=\"1327\" data-end=\"1336\">25 mg<\/strong><\/span><\/p>\n<\/li>\n<li data-start=\"1337\" data-end=\"1372\">\n<p data-start=\"1339\" data-end=\"1372\"><span style=\"color: #000000;\">Izvle\u010dek zelenega \u010daja: <strong data-start=\"1363\" data-end=\"1372\">35 mg<\/strong><\/span><\/p>\n<\/li>\n<li data-start=\"1373\" data-end=\"1395\">\n<p data-start=\"1375\" data-end=\"1395\"><span style=\"color: #000000;\">Aloe vera: <strong data-start=\"1386\" data-end=\"1395\">35 mg<\/strong><\/span><\/p>\n<\/li>\n<li data-start=\"1396\" data-end=\"1431\">\n<p data-start=\"1398\" data-end=\"1431\"><span style=\"color: #000000;\">Citrusni bioflavonoidi: <strong data-start=\"1422\" data-end=\"1431\">30 mg<\/strong><\/span><\/p>\n<\/li>\n<\/ul>\n<hr data-start=\"1433\" data-end=\"1436\" \/>\n<h4 data-start=\"1438\" data-end=\"1459\"><span style=\"color: #000000;\"><strong data-start=\"1443\" data-end=\"1459\">Zna\u010dilnosti:<\/strong><\/span><\/h4>\n<ul data-start=\"1461\" data-end=\"1615\">\n<li data-start=\"1461\" data-end=\"1487\">\n<p data-start=\"1463\" data-end=\"1487\"><span style=\"color: #000000;\"><strong data-start=\"1463\" data-end=\"1487\">500 ml = 20 odmerkov<\/strong><\/span><\/p>\n<\/li>\n<li data-start=\"1488\" data-end=\"1516\">\n<p data-start=\"1490\" data-end=\"1516\"><span style=\"color: #000000;\"><strong data-start=\"1490\" data-end=\"1499\">Okus:<\/strong> naravna jagoda<\/span><\/p>\n<\/li>\n<li data-start=\"1517\" data-end=\"1544\">\n<p data-start=\"1519\" data-end=\"1544\"><span style=\"color: #000000;\">Proizvedeno na \u0160vedskem<\/span><\/p>\n<\/li>\n<li data-start=\"1545\" data-end=\"1577\">\n<p data-start=\"1547\" data-end=\"1577\"><span style=\"color: #000000;\">Brez umetnih barvil ali arom<\/span><\/p>\n<\/li>\n<li data-start=\"1578\" data-end=\"1615\">\n<p data-start=\"1580\" data-end=\"1615\"><span style=\"color: #000000;\">Embala\u017ea primerna za recikliranje<\/span><\/p>\n<\/li>\n<\/ul>\n<hr data-start=\"1617\" data-end=\"1620\" \/>\n<p data-start=\"1622\" data-end=\"1819\"><span style=\"color: #000000;\">Kolagen Deluxe je odli\u010dna izbira za vse, ki \u017eelijo ohraniti mladosten videz, \u010dvrsto ko\u017eo ter zdrave lase in nohte.<\/span><br data-start=\"1736\" data-end=\"1739\" \/><span style=\"color: #000000;\"><strong data-start=\"1739\" data-end=\"1819\">Izberite kakovost s \u0160vedske \u2013 le en odmerek na dan za dolgotrajne rezultate.<\/strong><\/span><\/p>\n","protected":false},"excerpt":{"rendered":"<h5><span style=\"color: #000000;\"><strong data-start=\"64\" data-end=\"112\">Najbolje prodajani teko\u010di kolagen iz \u0160vedske<\/strong><\/span><br data-start=\"112\" data-end=\"115\" \/><span style=\"color: #000000;\">12.500 mg ribjega kolagena + hialuronska kislina za bolj \u010dvrsto in sijo\u010do ko\u017eo.<\/span><br data-start=\"194\" data-end=\"197\" \/><span style=\"color: #000000;\">Vidni rezultati \u017ee v 8 tednih.*<\/span><\/h5>\n","protected":false},"featured_media":37151,"comment_status":"open","ping_status":"closed","template":"","meta":[],"product_brand":[],"product_cat":[2546],"product_tag":[2659],"class_list":{"0":"post-37150","1":"product","2":"type-product","3":"status-publish","4":"has-post-thumbnail","6":"product_cat-lepota","7":"product_tag-swedish-collagen","9":"first","10":"instock","11":"sale","12":"taxable","13":"shipping-taxable","14":"purchasable","15":"product-type-simple"},"yoast_head":"<!-- This site is optimized with the Yoast SEO plugin v27.3 - https:\/\/yoast.com\/product\/yoast-seo-wordpress\/ -->\n<title>Swedish Collagen Deluxe 500ml - Vitamincic Slovenia<\/title>\n<meta name=\"robots\" content=\"index, follow, max-snippet:-1, max-image-preview:large, max-video-preview:-1\" \/>\n<link rel=\"canonical\" href=\"https:\/\/vitamincic.com\/si\/product\/swedish-collagen-deluxe-500ml\/\" \/>\n<meta property=\"og:locale\" content=\"sl_SI\" \/>\n<meta property=\"og:type\" content=\"article\" \/>\n<meta property=\"og:title\" content=\"Swedish Collagen Deluxe 500ml - Vitamincic Slovenia\" \/>\n<meta property=\"og:description\" content=\"Najbolje prodajani teko\u010di kolagen iz \u0160vedske12.500 mg ribjega kolagena + hialuronska kislina za bolj \u010dvrsto in sijo\u010do ko\u017eo.Vidni rezultati \u017ee v 8 tednih.*\" \/>\n<meta property=\"og:url\" content=\"https:\/\/vitamincic.com\/si\/product\/swedish-collagen-deluxe-500ml\/\" \/>\n<meta property=\"og:site_name\" content=\"Vitamincic Slovenia\" \/>\n<meta property=\"article:modified_time\" content=\"2026-03-25T11:54:45+00:00\" \/>\n<meta property=\"og:image\" content=\"https:\/\/vitamincic.com\/si\/wp-content\/uploads\/sites\/2\/2023\/10\/Colagen-Deluxe-din-Peste-\u2013-Lichid-Hidrolizat-Tip-1-si-3-cu-12.500mg-Acid-Hialuronic-75-mg-Biotina-5000-mcg-MSM-Zinc-Siliciu-Vitamine-\u2013-500-ml-1-640x800-1.jpg\" \/>\n\t<meta property=\"og:image:width\" content=\"640\" \/>\n\t<meta property=\"og:image:height\" content=\"800\" \/>\n\t<meta property=\"og:image:type\" content=\"image\/jpeg\" \/>\n<meta name=\"twitter:card\" content=\"summary_large_image\" \/>\n<meta name=\"twitter:label1\" content=\"Est. reading time\" \/>\n\t<meta name=\"twitter:data1\" content=\"2 minuti\" \/>\n<script type=\"application\/ld+json\" class=\"yoast-schema-graph\">{\"@context\":\"https:\\\/\\\/schema.org\",\"@graph\":[{\"@type\":\"WebPage\",\"@id\":\"https:\\\/\\\/vitamincic.com\\\/si\\\/product\\\/swedish-collagen-deluxe-500ml\\\/\",\"url\":\"https:\\\/\\\/vitamincic.com\\\/si\\\/product\\\/swedish-collagen-deluxe-500ml\\\/\",\"name\":\"Swedish Collagen Deluxe 500ml - Vitamincic Slovenia\",\"isPartOf\":{\"@id\":\"https:\\\/\\\/vitamincic.com\\\/si\\\/#website\"},\"primaryImageOfPage\":{\"@id\":\"https:\\\/\\\/vitamincic.com\\\/si\\\/product\\\/swedish-collagen-deluxe-500ml\\\/#primaryimage\"},\"image\":{\"@id\":\"https:\\\/\\\/vitamincic.com\\\/si\\\/product\\\/swedish-collagen-deluxe-500ml\\\/#primaryimage\"},\"thumbnailUrl\":\"https:\\\/\\\/vitamincic.com\\\/si\\\/wp-content\\\/uploads\\\/sites\\\/2\\\/2023\\\/10\\\/Colagen-Deluxe-din-Peste-\u2013-Lichid-Hidrolizat-Tip-1-si-3-cu-12.500mg-Acid-Hialuronic-75-mg-Biotina-5000-mcg-MSM-Zinc-Siliciu-Vitamine-\u2013-500-ml-1-640x800-1.jpg\",\"datePublished\":\"2023-10-13T13:25:59+00:00\",\"dateModified\":\"2026-03-25T11:54:45+00:00\",\"breadcrumb\":{\"@id\":\"https:\\\/\\\/vitamincic.com\\\/si\\\/product\\\/swedish-collagen-deluxe-500ml\\\/#breadcrumb\"},\"inLanguage\":\"sl-SI\",\"potentialAction\":[{\"@type\":\"ReadAction\",\"target\":[\"https:\\\/\\\/vitamincic.com\\\/si\\\/product\\\/swedish-collagen-deluxe-500ml\\\/\"]}]},{\"@type\":\"ImageObject\",\"inLanguage\":\"sl-SI\",\"@id\":\"https:\\\/\\\/vitamincic.com\\\/si\\\/product\\\/swedish-collagen-deluxe-500ml\\\/#primaryimage\",\"url\":\"https:\\\/\\\/vitamincic.com\\\/si\\\/wp-content\\\/uploads\\\/sites\\\/2\\\/2023\\\/10\\\/Colagen-Deluxe-din-Peste-\u2013-Lichid-Hidrolizat-Tip-1-si-3-cu-12.500mg-Acid-Hialuronic-75-mg-Biotina-5000-mcg-MSM-Zinc-Siliciu-Vitamine-\u2013-500-ml-1-640x800-1.jpg\",\"contentUrl\":\"https:\\\/\\\/vitamincic.com\\\/si\\\/wp-content\\\/uploads\\\/sites\\\/2\\\/2023\\\/10\\\/Colagen-Deluxe-din-Peste-\u2013-Lichid-Hidrolizat-Tip-1-si-3-cu-12.500mg-Acid-Hialuronic-75-mg-Biotina-5000-mcg-MSM-Zinc-Siliciu-Vitamine-\u2013-500-ml-1-640x800-1.jpg\",\"width\":640,\"height\":800},{\"@type\":\"BreadcrumbList\",\"@id\":\"https:\\\/\\\/vitamincic.com\\\/si\\\/product\\\/swedish-collagen-deluxe-500ml\\\/#breadcrumb\",\"itemListElement\":[{\"@type\":\"ListItem\",\"position\":1,\"name\":\"Po\u010detna stranica\",\"item\":\"https:\\\/\\\/vitamincic.com\\\/si\\\/\"},{\"@type\":\"ListItem\",\"position\":2,\"name\":\"Trgovina\",\"item\":\"https:\\\/\\\/vitamincic.com\\\/si\\\/trgovina\\\/\"},{\"@type\":\"ListItem\",\"position\":3,\"name\":\"Swedish Collagen Deluxe 500ml\"}]},{\"@type\":\"WebSite\",\"@id\":\"https:\\\/\\\/vitamincic.com\\\/si\\\/#website\",\"url\":\"https:\\\/\\\/vitamincic.com\\\/si\\\/\",\"name\":\"Vitamincic Slovenia\",\"description\":\"Ponudite vitaminsko naravno kozmetiko beljakovinska prehranska dopolnila za zdravje in lepoto. Kupiti na spletu.\",\"publisher\":{\"@id\":\"https:\\\/\\\/vitamincic.com\\\/si\\\/#organization\"},\"potentialAction\":[{\"@type\":\"SearchAction\",\"target\":{\"@type\":\"EntryPoint\",\"urlTemplate\":\"https:\\\/\\\/vitamincic.com\\\/si\\\/?s={search_term_string}\"},\"query-input\":{\"@type\":\"PropertyValueSpecification\",\"valueRequired\":true,\"valueName\":\"search_term_string\"}}],\"inLanguage\":\"sl-SI\"},{\"@type\":\"Organization\",\"@id\":\"https:\\\/\\\/vitamincic.com\\\/si\\\/#organization\",\"name\":\"Vitamin\u010di\u0107 - e-Natura\",\"url\":\"https:\\\/\\\/vitamincic.com\\\/si\\\/\",\"logo\":{\"@type\":\"ImageObject\",\"inLanguage\":\"sl-SI\",\"@id\":\"https:\\\/\\\/vitamincic.com\\\/si\\\/#\\\/schema\\\/logo\\\/image\\\/\",\"url\":\"https:\\\/\\\/vitamincic.com\\\/si\\\/wp-content\\\/uploads\\\/sites\\\/2\\\/2021\\\/03\\\/Vitaminic-logo-1.png\",\"contentUrl\":\"https:\\\/\\\/vitamincic.com\\\/si\\\/wp-content\\\/uploads\\\/sites\\\/2\\\/2021\\\/03\\\/Vitaminic-logo-1.png\",\"width\":400,\"height\":115,\"caption\":\"Vitamin\u010di\u0107 - e-Natura\"},\"image\":{\"@id\":\"https:\\\/\\\/vitamincic.com\\\/si\\\/#\\\/schema\\\/logo\\\/image\\\/\"}}]}<\/script>\n<!-- \/ Yoast SEO plugin. -->","yoast_head_json":{"title":"Swedish Collagen Deluxe 500ml - Vitamincic Slovenia","robots":{"index":"index","follow":"follow","max-snippet":"max-snippet:-1","max-image-preview":"max-image-preview:large","max-video-preview":"max-video-preview:-1"},"canonical":"https:\/\/vitamincic.com\/si\/product\/swedish-collagen-deluxe-500ml\/","og_locale":"sl_SI","og_type":"article","og_title":"Swedish Collagen Deluxe 500ml - Vitamincic Slovenia","og_description":"Najbolje prodajani teko\u010di kolagen iz \u0160vedske12.500 mg ribjega kolagena + hialuronska kislina za bolj \u010dvrsto in sijo\u010do ko\u017eo.Vidni rezultati \u017ee v 8 tednih.*","og_url":"https:\/\/vitamincic.com\/si\/product\/swedish-collagen-deluxe-500ml\/","og_site_name":"Vitamincic Slovenia","article_modified_time":"2026-03-25T11:54:45+00:00","og_image":[{"width":640,"height":800,"url":"https:\/\/vitamincic.com\/si\/wp-content\/uploads\/sites\/2\/2023\/10\/Colagen-Deluxe-din-Peste-\u2013-Lichid-Hidrolizat-Tip-1-si-3-cu-12.500mg-Acid-Hialuronic-75-mg-Biotina-5000-mcg-MSM-Zinc-Siliciu-Vitamine-\u2013-500-ml-1-640x800-1.jpg","type":"image\/jpeg"}],"twitter_card":"summary_large_image","twitter_misc":{"Est. reading time":"2 minuti"},"schema":{"@context":"https:\/\/schema.org","@graph":[{"@type":"WebPage","@id":"https:\/\/vitamincic.com\/si\/product\/swedish-collagen-deluxe-500ml\/","url":"https:\/\/vitamincic.com\/si\/product\/swedish-collagen-deluxe-500ml\/","name":"Swedish Collagen Deluxe 500ml - Vitamincic Slovenia","isPartOf":{"@id":"https:\/\/vitamincic.com\/si\/#website"},"primaryImageOfPage":{"@id":"https:\/\/vitamincic.com\/si\/product\/swedish-collagen-deluxe-500ml\/#primaryimage"},"image":{"@id":"https:\/\/vitamincic.com\/si\/product\/swedish-collagen-deluxe-500ml\/#primaryimage"},"thumbnailUrl":"https:\/\/vitamincic.com\/si\/wp-content\/uploads\/sites\/2\/2023\/10\/Colagen-Deluxe-din-Peste-\u2013-Lichid-Hidrolizat-Tip-1-si-3-cu-12.500mg-Acid-Hialuronic-75-mg-Biotina-5000-mcg-MSM-Zinc-Siliciu-Vitamine-\u2013-500-ml-1-640x800-1.jpg","datePublished":"2023-10-13T13:25:59+00:00","dateModified":"2026-03-25T11:54:45+00:00","breadcrumb":{"@id":"https:\/\/vitamincic.com\/si\/product\/swedish-collagen-deluxe-500ml\/#breadcrumb"},"inLanguage":"sl-SI","potentialAction":[{"@type":"ReadAction","target":["https:\/\/vitamincic.com\/si\/product\/swedish-collagen-deluxe-500ml\/"]}]},{"@type":"ImageObject","inLanguage":"sl-SI","@id":"https:\/\/vitamincic.com\/si\/product\/swedish-collagen-deluxe-500ml\/#primaryimage","url":"https:\/\/vitamincic.com\/si\/wp-content\/uploads\/sites\/2\/2023\/10\/Colagen-Deluxe-din-Peste-\u2013-Lichid-Hidrolizat-Tip-1-si-3-cu-12.500mg-Acid-Hialuronic-75-mg-Biotina-5000-mcg-MSM-Zinc-Siliciu-Vitamine-\u2013-500-ml-1-640x800-1.jpg","contentUrl":"https:\/\/vitamincic.com\/si\/wp-content\/uploads\/sites\/2\/2023\/10\/Colagen-Deluxe-din-Peste-\u2013-Lichid-Hidrolizat-Tip-1-si-3-cu-12.500mg-Acid-Hialuronic-75-mg-Biotina-5000-mcg-MSM-Zinc-Siliciu-Vitamine-\u2013-500-ml-1-640x800-1.jpg","width":640,"height":800},{"@type":"BreadcrumbList","@id":"https:\/\/vitamincic.com\/si\/product\/swedish-collagen-deluxe-500ml\/#breadcrumb","itemListElement":[{"@type":"ListItem","position":1,"name":"Po\u010detna stranica","item":"https:\/\/vitamincic.com\/si\/"},{"@type":"ListItem","position":2,"name":"Trgovina","item":"https:\/\/vitamincic.com\/si\/trgovina\/"},{"@type":"ListItem","position":3,"name":"Swedish Collagen Deluxe 500ml"}]},{"@type":"WebSite","@id":"https:\/\/vitamincic.com\/si\/#website","url":"https:\/\/vitamincic.com\/si\/","name":"Vitamincic Slovenia","description":"Ponudite vitaminsko naravno kozmetiko beljakovinska prehranska dopolnila za zdravje in lepoto. Kupiti na spletu.","publisher":{"@id":"https:\/\/vitamincic.com\/si\/#organization"},"potentialAction":[{"@type":"SearchAction","target":{"@type":"EntryPoint","urlTemplate":"https:\/\/vitamincic.com\/si\/?s={search_term_string}"},"query-input":{"@type":"PropertyValueSpecification","valueRequired":true,"valueName":"search_term_string"}}],"inLanguage":"sl-SI"},{"@type":"Organization","@id":"https:\/\/vitamincic.com\/si\/#organization","name":"Vitamin\u010di\u0107 - e-Natura","url":"https:\/\/vitamincic.com\/si\/","logo":{"@type":"ImageObject","inLanguage":"sl-SI","@id":"https:\/\/vitamincic.com\/si\/#\/schema\/logo\/image\/","url":"https:\/\/vitamincic.com\/si\/wp-content\/uploads\/sites\/2\/2021\/03\/Vitaminic-logo-1.png","contentUrl":"https:\/\/vitamincic.com\/si\/wp-content\/uploads\/sites\/2\/2021\/03\/Vitaminic-logo-1.png","width":400,"height":115,"caption":"Vitamin\u010di\u0107 - e-Natura"},"image":{"@id":"https:\/\/vitamincic.com\/si\/#\/schema\/logo\/image\/"}}]}},"_links":{"self":[{"href":"https:\/\/vitamincic.com\/si\/wp-json\/wp\/v2\/product\/37150","targetHints":{"allow":["GET"]}}],"collection":[{"href":"https:\/\/vitamincic.com\/si\/wp-json\/wp\/v2\/product"}],"about":[{"href":"https:\/\/vitamincic.com\/si\/wp-json\/wp\/v2\/types\/product"}],"replies":[{"embeddable":true,"href":"https:\/\/vitamincic.com\/si\/wp-json\/wp\/v2\/comments?post=37150"}],"wp:featuredmedia":[{"embeddable":true,"href":"https:\/\/vitamincic.com\/si\/wp-json\/wp\/v2\/media\/37151"}],"wp:attachment":[{"href":"https:\/\/vitamincic.com\/si\/wp-json\/wp\/v2\/media?parent=37150"}],"wp:term":[{"taxonomy":"product_brand","embeddable":true,"href":"https:\/\/vitamincic.com\/si\/wp-json\/wp\/v2\/product_brand?post=37150"},{"taxonomy":"product_cat","embeddable":true,"href":"https:\/\/vitamincic.com\/si\/wp-json\/wp\/v2\/product_cat?post=37150"},{"taxonomy":"product_tag","embeddable":true,"href":"https:\/\/vitamincic.com\/si\/wp-json\/wp\/v2\/product_tag?post=37150"}],"curies":[{"name":"wp","href":"https:\/\/api.w.org\/{rel}","templated":true}]}}