{"id":37185,"date":"2023-11-01T20:55:52","date_gmt":"2023-11-01T20:55:52","guid":{"rendered":"https:\/\/vitamincic.com\/si\/?post_type=product&#038;p=37185"},"modified":"2026-03-03T10:31:00","modified_gmt":"2026-03-03T10:31:00","slug":"melatonin-liposomski-30ml","status":"publish","type":"product","link":"https:\/\/vitamincic.com\/si\/product\/melatonin-liposomski-30ml\/","title":{"rendered":"Melatonin liposomski 30ml"},"content":{"rendered":"<h6><span style=\"color: #000000;\">MELATOVIT LIPOSOMAL vsebuje \u010disti liposomski melatonin v 1 mg na 0,5 ml.<\/span><br \/>\n<span style=\"color: #000000;\">Melatonin pomaga skraj\u0161ati \u010das, potreben za spro\u017eitev spanca, in izbolj\u0161a kakovost po\u010ditka pri odraslih.<\/span><br \/>\n<span style=\"color: #000000;\">Liposomska tehnologija zagotavlja ve\u010djo dostopnost in izkoristek u\u010dinkovine v telesu.<\/span><br \/>\n<span style=\"color: #000000;\">MELATOVIT LIPOSOMAL vsebuje \u010disti liposomski melatonin.<\/span><br \/>\n<span style=\"color: #000000;\">Melatonin pomaga skraj\u0161ati \u010das, ki je potreben, da zaspite, in bla\u017ei ob\u010dutek \u010dasovnega zamika (EFSA).<\/span><br \/>\n<span style=\"color: #000000;\">MELATOVIT LIPOSOMAL je dopolnilo za odrasle, ki se zaradi vsakodnevnih ali posebnih aktivnosti \u017eelijo znebiti ob\u010dutka jet laga ali tiste, ki te\u017eko vstopajo v cikel spanja, ki spodbuja prebujanje brez letargije.<\/span><br \/>\n<span style=\"color: #000000;\">Liposomski teko\u010di melatonin<\/span><br \/>\n<span style=\"color: #000000;\">MELATOVIT LIPOSOMAL zagotavlja 1 mg \u010distega melatonina na 0,5 ml, njegova teko\u010da liposomska oblika pa zagotavlja ve\u010djo biolo\u0161ko uporabnost v telesu.<\/span><br \/>\n<span style=\"color: #000000;\">Primeren je za vegane.<\/span><br \/>\n<span style=\"color: #000000;\">Priro\u010dna in prakti\u010dna oblika pipete za teko\u010dino.<\/span><br \/>\n<span style=\"color: #000000;\">Okus pomaran\u010de.<\/span><br \/>\n<span style=\"color: #000000;\">1 dnevni odmerek 1 mg (0,5 ml*) za skraj\u0161anje \u010dasa, ki je potreben, da zaspite pred spanjem. Lahko se vzame neposredno.<\/span><\/h6>\n<h6><span style=\"color: #000000;\">*Na kapalki je ozna\u010dena velikost 0,5 ml.<\/span><\/h6>\n<h6><span style=\"color: #000000;\">Sestava: voda, fruktoza, rastlinski glicerin, emulgatorji (polisorbat 20 in son\u010dni\u010dni lecitin fosfatidilholin), aroma (aroma pomaran\u010de), melatonin, regulator kislosti (citronska kislina), konzervans (kalijev sorbat), gostilo (ksantanski gumi) in sladilo (sukraloza). ..<\/span><\/h6>\n<h6><span style=\"color: #000000;\">U\u010cINKOVINE NA ODMEREK<\/span><br \/>\n<span style=\"color: #000000;\">Melatonin 1 mg<\/span><\/h6>\n<h6><span style=\"color: #000000;\">Prehranskih dopolnil ne smemo uporabljati kot nadomestek za uravnote\u017eeno prehrano.<\/span><br \/>\n<span style=\"color: #000000;\">\u00b7 Priporo\u010dljiva je pestra in uravnote\u017eena prehrana ter zdrav na\u010din \u017eivljenja.<\/span><br \/>\n<span style=\"color: #000000;\">\u00b7 Ne prekora\u010dite priporo\u010denega dnevnega odmerka.<\/span><br \/>\n<span style=\"color: #000000;\">\u00b7 Hraniti izven dosega otrok.<\/span><br \/>\n<span style=\"color: #000000;\">\u00b7 Ne shranjujte pri temperaturah nad 30\u00baC.<\/span><\/h6>\n<h6><span style=\"color: #000000;\">VEDETI VE\u010c<\/span><\/h6>\n<h6><span style=\"color: #000000;\">Kaj je nespe\u010dnost?<\/span><br \/>\n<span style=\"color: #000000;\">Nespe\u010dnost je te\u017eava pri spanju ali vzdr\u017eevanju spanja. To negativno vpliva na dnevno u\u010dinkovitost in se zdravi s kognitivno-vedenjsko terapijo, z ali brez pomirjeval za spanje.<\/span><br \/>\n<span style=\"color: #000000;\">Kaj je melatonin?<\/span><br \/>\n<span style=\"color: #000000;\">Melatonin je nevrohormon, ki se sintetizira v telesu in proizvaja v na\u0161ih mo\u017eganih in se spro\u0161\u010da samo v no\u010dnih urah v ciklu dan-no\u010d. Ta hormon se ne shranjuje, ampak se sprosti, ko se proizvede, in je vklju\u010den v proces indukcije spanja in notranje sinhronizacije cirkadianega ritma. Njegov nadzor se izvaja s koli\u010dino svetlobe, ki dose\u017ee na\u0161o mre\u017enico v o\u010desu.<\/span><br \/>\n<span style=\"color: #000000;\">Na proizvodnjo melatonina vplivajo dejavniki, kot so starost (ve\u010dja pri otrocih), letni \u010das (izlo\u010danje melatonina je zgodnej\u0161e poleti in zakasnjeno pozimi), menstrualni ciklus, stres ali vadba, dnevna izpostavljenost soncu, nekatera zdravila, kot so benzodiazepini. ali zaviralci beta (vrsta antihipertenzivov) in celo nekatere patologije (pri cirozi jeter se proizvodnja melatonina zmanj\u0161a).<\/span><br \/>\n<span style=\"color: #000000;\">Kak\u0161ne so prednosti melatonina?<\/span><br \/>\n<span style=\"color: #000000;\">Danes nara\u0161\u010da zanimanje za uporabo tega hormona pri motnjah cirkadianega ritma, kot so sindrom jet lag (dolgi leti), spremembe delovnega \u010dasa (delo v no\u010dnih\/dnevnih izmenah) in motnje spanja pri starej\u0161ih.<\/span><br \/>\n<span style=\"color: #000000;\">Jemanje melatonina ljudem dokazano pomaga zaspati, pomaga pa jim tudi pri spanju v urah, ko po\u010divajo, in jim pomaga, da se zbudijo brez letargije, tako da to ne vpliva na njihove dnevne aktivnosti.<\/span><\/h6>\n","protected":false},"excerpt":{"rendered":"<h6><span style=\"color: #000000;\">Indukcija spanja in obnovitveni po\u010ditek. Z liposomskim melatoninom za ve\u010djo biolo\u0161ko uporabnost<\/span><\/h6>\n","protected":false},"featured_media":37186,"comment_status":"open","ping_status":"closed","template":"","meta":[],"product_brand":[],"product_cat":[2574,2564],"product_tag":[2654],"class_list":{"0":"post-37185","1":"product","2":"type-product","3":"status-publish","4":"has-post-thumbnail","6":"product_cat-depresija-nespecnost","7":"product_cat-zdravje","8":"product_tag-marnys","10":"first","11":"outofstock","12":"sale","13":"taxable","14":"shipping-taxable","15":"purchasable","16":"product-type-simple"},"yoast_head":"<!-- This site is optimized with the Yoast SEO plugin v27.3 - https:\/\/yoast.com\/product\/yoast-seo-wordpress\/ -->\n<title>Melatonin liposomski 30ml - Vitamincic Slovenia<\/title>\n<meta name=\"robots\" content=\"index, follow, max-snippet:-1, max-image-preview:large, max-video-preview:-1\" \/>\n<link rel=\"canonical\" href=\"https:\/\/vitamincic.com\/si\/product\/melatonin-liposomski-30ml\/\" \/>\n<meta property=\"og:locale\" content=\"sl_SI\" \/>\n<meta property=\"og:type\" content=\"article\" \/>\n<meta property=\"og:title\" content=\"Melatonin liposomski 30ml - Vitamincic Slovenia\" \/>\n<meta property=\"og:description\" content=\"Indukcija spanja in obnovitveni po\u010ditek. Z liposomskim melatoninom za ve\u010djo biolo\u0161ko uporabnost\" \/>\n<meta property=\"og:url\" content=\"https:\/\/vitamincic.com\/si\/product\/melatonin-liposomski-30ml\/\" \/>\n<meta property=\"og:site_name\" content=\"Vitamincic Slovenia\" \/>\n<meta property=\"article:modified_time\" content=\"2026-03-03T10:31:00+00:00\" \/>\n<meta property=\"og:image\" content=\"https:\/\/vitamincic.com\/si\/wp-content\/uploads\/sites\/2\/2023\/11\/MTY2MjExNTg0NjYzMTFlMDA2ZTM0Njk.jpg\" \/>\n\t<meta property=\"og:image:width\" content=\"600\" \/>\n\t<meta property=\"og:image:height\" content=\"600\" \/>\n\t<meta property=\"og:image:type\" content=\"image\/jpeg\" \/>\n<meta name=\"twitter:card\" content=\"summary_large_image\" \/>\n<meta name=\"twitter:label1\" content=\"Est. reading time\" \/>\n\t<meta name=\"twitter:data1\" content=\"3 minute\" \/>\n<script type=\"application\/ld+json\" class=\"yoast-schema-graph\">{\"@context\":\"https:\\\/\\\/schema.org\",\"@graph\":[{\"@type\":\"WebPage\",\"@id\":\"https:\\\/\\\/vitamincic.com\\\/si\\\/product\\\/melatonin-liposomski-30ml\\\/\",\"url\":\"https:\\\/\\\/vitamincic.com\\\/si\\\/product\\\/melatonin-liposomski-30ml\\\/\",\"name\":\"Melatonin liposomski 30ml - Vitamincic Slovenia\",\"isPartOf\":{\"@id\":\"https:\\\/\\\/vitamincic.com\\\/si\\\/#website\"},\"primaryImageOfPage\":{\"@id\":\"https:\\\/\\\/vitamincic.com\\\/si\\\/product\\\/melatonin-liposomski-30ml\\\/#primaryimage\"},\"image\":{\"@id\":\"https:\\\/\\\/vitamincic.com\\\/si\\\/product\\\/melatonin-liposomski-30ml\\\/#primaryimage\"},\"thumbnailUrl\":\"https:\\\/\\\/vitamincic.com\\\/si\\\/wp-content\\\/uploads\\\/sites\\\/2\\\/2023\\\/11\\\/MTY2MjExNTg0NjYzMTFlMDA2ZTM0Njk.jpg\",\"datePublished\":\"2023-11-01T20:55:52+00:00\",\"dateModified\":\"2026-03-03T10:31:00+00:00\",\"breadcrumb\":{\"@id\":\"https:\\\/\\\/vitamincic.com\\\/si\\\/product\\\/melatonin-liposomski-30ml\\\/#breadcrumb\"},\"inLanguage\":\"sl-SI\",\"potentialAction\":[{\"@type\":\"ReadAction\",\"target\":[\"https:\\\/\\\/vitamincic.com\\\/si\\\/product\\\/melatonin-liposomski-30ml\\\/\"]}]},{\"@type\":\"ImageObject\",\"inLanguage\":\"sl-SI\",\"@id\":\"https:\\\/\\\/vitamincic.com\\\/si\\\/product\\\/melatonin-liposomski-30ml\\\/#primaryimage\",\"url\":\"https:\\\/\\\/vitamincic.com\\\/si\\\/wp-content\\\/uploads\\\/sites\\\/2\\\/2023\\\/11\\\/MTY2MjExNTg0NjYzMTFlMDA2ZTM0Njk.jpg\",\"contentUrl\":\"https:\\\/\\\/vitamincic.com\\\/si\\\/wp-content\\\/uploads\\\/sites\\\/2\\\/2023\\\/11\\\/MTY2MjExNTg0NjYzMTFlMDA2ZTM0Njk.jpg\",\"width\":600,\"height\":600},{\"@type\":\"BreadcrumbList\",\"@id\":\"https:\\\/\\\/vitamincic.com\\\/si\\\/product\\\/melatonin-liposomski-30ml\\\/#breadcrumb\",\"itemListElement\":[{\"@type\":\"ListItem\",\"position\":1,\"name\":\"Po\u010detna stranica\",\"item\":\"https:\\\/\\\/vitamincic.com\\\/si\\\/\"},{\"@type\":\"ListItem\",\"position\":2,\"name\":\"Trgovina\",\"item\":\"https:\\\/\\\/vitamincic.com\\\/si\\\/trgovina\\\/\"},{\"@type\":\"ListItem\",\"position\":3,\"name\":\"Melatonin liposomski 30ml\"}]},{\"@type\":\"WebSite\",\"@id\":\"https:\\\/\\\/vitamincic.com\\\/si\\\/#website\",\"url\":\"https:\\\/\\\/vitamincic.com\\\/si\\\/\",\"name\":\"Vitamincic Slovenia\",\"description\":\"Ponudite vitaminsko naravno kozmetiko beljakovinska prehranska dopolnila za zdravje in lepoto. Kupiti na spletu.\",\"publisher\":{\"@id\":\"https:\\\/\\\/vitamincic.com\\\/si\\\/#organization\"},\"potentialAction\":[{\"@type\":\"SearchAction\",\"target\":{\"@type\":\"EntryPoint\",\"urlTemplate\":\"https:\\\/\\\/vitamincic.com\\\/si\\\/?s={search_term_string}\"},\"query-input\":{\"@type\":\"PropertyValueSpecification\",\"valueRequired\":true,\"valueName\":\"search_term_string\"}}],\"inLanguage\":\"sl-SI\"},{\"@type\":\"Organization\",\"@id\":\"https:\\\/\\\/vitamincic.com\\\/si\\\/#organization\",\"name\":\"Vitamin\u010di\u0107 - e-Natura\",\"url\":\"https:\\\/\\\/vitamincic.com\\\/si\\\/\",\"logo\":{\"@type\":\"ImageObject\",\"inLanguage\":\"sl-SI\",\"@id\":\"https:\\\/\\\/vitamincic.com\\\/si\\\/#\\\/schema\\\/logo\\\/image\\\/\",\"url\":\"https:\\\/\\\/vitamincic.com\\\/si\\\/wp-content\\\/uploads\\\/sites\\\/2\\\/2021\\\/03\\\/Vitaminic-logo-1.png\",\"contentUrl\":\"https:\\\/\\\/vitamincic.com\\\/si\\\/wp-content\\\/uploads\\\/sites\\\/2\\\/2021\\\/03\\\/Vitaminic-logo-1.png\",\"width\":400,\"height\":115,\"caption\":\"Vitamin\u010di\u0107 - e-Natura\"},\"image\":{\"@id\":\"https:\\\/\\\/vitamincic.com\\\/si\\\/#\\\/schema\\\/logo\\\/image\\\/\"}}]}<\/script>\n<!-- \/ Yoast SEO plugin. -->","yoast_head_json":{"title":"Melatonin liposomski 30ml - Vitamincic Slovenia","robots":{"index":"index","follow":"follow","max-snippet":"max-snippet:-1","max-image-preview":"max-image-preview:large","max-video-preview":"max-video-preview:-1"},"canonical":"https:\/\/vitamincic.com\/si\/product\/melatonin-liposomski-30ml\/","og_locale":"sl_SI","og_type":"article","og_title":"Melatonin liposomski 30ml - Vitamincic Slovenia","og_description":"Indukcija spanja in obnovitveni po\u010ditek. Z liposomskim melatoninom za ve\u010djo biolo\u0161ko uporabnost","og_url":"https:\/\/vitamincic.com\/si\/product\/melatonin-liposomski-30ml\/","og_site_name":"Vitamincic Slovenia","article_modified_time":"2026-03-03T10:31:00+00:00","og_image":[{"width":600,"height":600,"url":"https:\/\/vitamincic.com\/si\/wp-content\/uploads\/sites\/2\/2023\/11\/MTY2MjExNTg0NjYzMTFlMDA2ZTM0Njk.jpg","type":"image\/jpeg"}],"twitter_card":"summary_large_image","twitter_misc":{"Est. reading time":"3 minute"},"schema":{"@context":"https:\/\/schema.org","@graph":[{"@type":"WebPage","@id":"https:\/\/vitamincic.com\/si\/product\/melatonin-liposomski-30ml\/","url":"https:\/\/vitamincic.com\/si\/product\/melatonin-liposomski-30ml\/","name":"Melatonin liposomski 30ml - Vitamincic Slovenia","isPartOf":{"@id":"https:\/\/vitamincic.com\/si\/#website"},"primaryImageOfPage":{"@id":"https:\/\/vitamincic.com\/si\/product\/melatonin-liposomski-30ml\/#primaryimage"},"image":{"@id":"https:\/\/vitamincic.com\/si\/product\/melatonin-liposomski-30ml\/#primaryimage"},"thumbnailUrl":"https:\/\/vitamincic.com\/si\/wp-content\/uploads\/sites\/2\/2023\/11\/MTY2MjExNTg0NjYzMTFlMDA2ZTM0Njk.jpg","datePublished":"2023-11-01T20:55:52+00:00","dateModified":"2026-03-03T10:31:00+00:00","breadcrumb":{"@id":"https:\/\/vitamincic.com\/si\/product\/melatonin-liposomski-30ml\/#breadcrumb"},"inLanguage":"sl-SI","potentialAction":[{"@type":"ReadAction","target":["https:\/\/vitamincic.com\/si\/product\/melatonin-liposomski-30ml\/"]}]},{"@type":"ImageObject","inLanguage":"sl-SI","@id":"https:\/\/vitamincic.com\/si\/product\/melatonin-liposomski-30ml\/#primaryimage","url":"https:\/\/vitamincic.com\/si\/wp-content\/uploads\/sites\/2\/2023\/11\/MTY2MjExNTg0NjYzMTFlMDA2ZTM0Njk.jpg","contentUrl":"https:\/\/vitamincic.com\/si\/wp-content\/uploads\/sites\/2\/2023\/11\/MTY2MjExNTg0NjYzMTFlMDA2ZTM0Njk.jpg","width":600,"height":600},{"@type":"BreadcrumbList","@id":"https:\/\/vitamincic.com\/si\/product\/melatonin-liposomski-30ml\/#breadcrumb","itemListElement":[{"@type":"ListItem","position":1,"name":"Po\u010detna stranica","item":"https:\/\/vitamincic.com\/si\/"},{"@type":"ListItem","position":2,"name":"Trgovina","item":"https:\/\/vitamincic.com\/si\/trgovina\/"},{"@type":"ListItem","position":3,"name":"Melatonin liposomski 30ml"}]},{"@type":"WebSite","@id":"https:\/\/vitamincic.com\/si\/#website","url":"https:\/\/vitamincic.com\/si\/","name":"Vitamincic Slovenia","description":"Ponudite vitaminsko naravno kozmetiko beljakovinska prehranska dopolnila za zdravje in lepoto. Kupiti na spletu.","publisher":{"@id":"https:\/\/vitamincic.com\/si\/#organization"},"potentialAction":[{"@type":"SearchAction","target":{"@type":"EntryPoint","urlTemplate":"https:\/\/vitamincic.com\/si\/?s={search_term_string}"},"query-input":{"@type":"PropertyValueSpecification","valueRequired":true,"valueName":"search_term_string"}}],"inLanguage":"sl-SI"},{"@type":"Organization","@id":"https:\/\/vitamincic.com\/si\/#organization","name":"Vitamin\u010di\u0107 - e-Natura","url":"https:\/\/vitamincic.com\/si\/","logo":{"@type":"ImageObject","inLanguage":"sl-SI","@id":"https:\/\/vitamincic.com\/si\/#\/schema\/logo\/image\/","url":"https:\/\/vitamincic.com\/si\/wp-content\/uploads\/sites\/2\/2021\/03\/Vitaminic-logo-1.png","contentUrl":"https:\/\/vitamincic.com\/si\/wp-content\/uploads\/sites\/2\/2021\/03\/Vitaminic-logo-1.png","width":400,"height":115,"caption":"Vitamin\u010di\u0107 - e-Natura"},"image":{"@id":"https:\/\/vitamincic.com\/si\/#\/schema\/logo\/image\/"}}]}},"_links":{"self":[{"href":"https:\/\/vitamincic.com\/si\/wp-json\/wp\/v2\/product\/37185","targetHints":{"allow":["GET"]}}],"collection":[{"href":"https:\/\/vitamincic.com\/si\/wp-json\/wp\/v2\/product"}],"about":[{"href":"https:\/\/vitamincic.com\/si\/wp-json\/wp\/v2\/types\/product"}],"replies":[{"embeddable":true,"href":"https:\/\/vitamincic.com\/si\/wp-json\/wp\/v2\/comments?post=37185"}],"wp:featuredmedia":[{"embeddable":true,"href":"https:\/\/vitamincic.com\/si\/wp-json\/wp\/v2\/media\/37186"}],"wp:attachment":[{"href":"https:\/\/vitamincic.com\/si\/wp-json\/wp\/v2\/media?parent=37185"}],"wp:term":[{"taxonomy":"product_brand","embeddable":true,"href":"https:\/\/vitamincic.com\/si\/wp-json\/wp\/v2\/product_brand?post=37185"},{"taxonomy":"product_cat","embeddable":true,"href":"https:\/\/vitamincic.com\/si\/wp-json\/wp\/v2\/product_cat?post=37185"},{"taxonomy":"product_tag","embeddable":true,"href":"https:\/\/vitamincic.com\/si\/wp-json\/wp\/v2\/product_tag?post=37185"}],"curies":[{"name":"wp","href":"https:\/\/api.w.org\/{rel}","templated":true}]}}