{"id":37698,"date":"2024-10-04T16:26:33","date_gmt":"2024-10-04T16:26:33","guid":{"rendered":"https:\/\/vitamincic.com\/si\/?post_type=product&#038;p=37698"},"modified":"2026-01-18T09:34:28","modified_gmt":"2026-01-18T09:34:28","slug":"paket-za-hujsanje-in-pospesevanje-metabolizma-l-karnitin-drenacel","status":"publish","type":"product","link":"https:\/\/vitamincic.com\/si\/product\/paket-za-hujsanje-in-pospesevanje-metabolizma-l-karnitin-drenacel\/","title":{"rendered":"Paket za huj\u0161anje in pospe\u0161evanje metabolizma: L-karnitin + Drenacel"},"content":{"rendered":"<p><strong><a href=\"https:\/\/vitamincic.com\/si\/product\/l-carnitine-2000mg-20-ampul\/\">Teko\u010di L-karnitin 2000 mg za izgorevanje ma\u0161\u010dob in mi\u0161i\u010dni sistem, 100% veganski - 20 ampul<\/a><br \/>\nPospe\u0161evalec metabolizma, ki lahko spodbuja huj\u0161anje s transportom ma\u0161\u010dobe v celice in njeno pretvarjanjem v energijo.<\/strong><\/p>\n<p>&nbsp;<\/p>\n<p><a href=\"https:\/\/vitamincic.com\/si\/product\/drenacel-diet-za-hujsanje-100-naravna-7-aktivnih-sestavin-250-ml\/\"><strong>Drenacel za huj\u0161anje, regulacijo tranzita, napenjanje, diuretik, 100% naraven - 7 u\u010dinkovin - 250 ml<\/strong><\/a><br \/>\n<strong>Kompleksna formula iz 100% rastlinskih virov z diureti\u010dnim u\u010dinkom za doseganje optimalne oblike.<\/strong><\/p>\n","protected":false},"excerpt":{"rendered":"<p>Teko\u010di L-karnitin 2000 mg za izgorevanje ma\u0161\u010dob in mi\u0161i\u010dni sistem, 100% veganski - 20 ampul Pospe\u0161evalec metabolizma, ki lahko spodbuja huj\u0161anje s transportom ma\u0161\u010dobe v celice in njeno pretvarjanjem v energijo. &nbsp; Drenacel za huj\u0161anje, regulacijo tranzita, napenjanje, diuretik, 100% naraven - 7 u\u010dinkovin - 250 ml Kompleksna formula iz 100% rastlinskih virov z diureti\u010dnim [&hellip;]<\/p>\n","protected":false},"featured_media":37699,"comment_status":"open","ping_status":"closed","template":"","meta":[],"product_brand":[],"product_cat":[2551],"product_tag":[],"class_list":{"0":"post-37698","1":"product","2":"type-product","3":"status-publish","4":"has-post-thumbnail","6":"product_cat-izguba-teze-detox","8":"first","9":"outofstock","10":"sale","11":"taxable","12":"shipping-taxable","13":"purchasable","14":"product-type-simple"},"yoast_head":"<!-- This site is optimized with the Yoast SEO plugin v27.3 - https:\/\/yoast.com\/product\/yoast-seo-wordpress\/ -->\n<title>Paket za huj\u0161anje in pospe\u0161evanje metabolizma: L-karnitin + Drenacel - Vitamincic Slovenia<\/title>\n<meta name=\"robots\" content=\"index, follow, max-snippet:-1, max-image-preview:large, max-video-preview:-1\" \/>\n<link rel=\"canonical\" href=\"https:\/\/vitamincic.com\/si\/product\/paket-za-hujsanje-in-pospesevanje-metabolizma-l-karnitin-drenacel\/\" \/>\n<meta property=\"og:locale\" content=\"sl_SI\" \/>\n<meta property=\"og:type\" content=\"article\" \/>\n<meta property=\"og:title\" content=\"Paket za huj\u0161anje in pospe\u0161evanje metabolizma: L-karnitin + Drenacel - Vitamincic Slovenia\" \/>\n<meta property=\"og:description\" content=\"Teko\u010di L-karnitin 2000 mg za izgorevanje ma\u0161\u010dob in mi\u0161i\u010dni sistem, 100% veganski - 20 ampul Pospe\u0161evalec metabolizma, ki lahko spodbuja huj\u0161anje s transportom ma\u0161\u010dobe v celice in njeno pretvarjanjem v energijo. &nbsp; Drenacel za huj\u0161anje, regulacijo tranzita, napenjanje, diuretik, 100% naraven - 7 u\u010dinkovin - 250 ml Kompleksna formula iz 100% rastlinskih virov z diureti\u010dnim [&hellip;]\" \/>\n<meta property=\"og:url\" content=\"https:\/\/vitamincic.com\/si\/product\/paket-za-hujsanje-in-pospesevanje-metabolizma-l-karnitin-drenacel\/\" \/>\n<meta property=\"og:site_name\" content=\"Vitamincic Slovenia\" \/>\n<meta property=\"article:modified_time\" content=\"2026-01-18T09:34:28+00:00\" \/>\n<meta property=\"og:image\" content=\"https:\/\/vitamincic.com\/si\/wp-content\/uploads\/sites\/2\/2024\/10\/Pachet-Slabire-si-Accelerare-Metabolism-L-Carnitina-Drenacel-768x933-ezgif.com-resize.jpg\" \/>\n\t<meta property=\"og:image:width\" content=\"800\" \/>\n\t<meta property=\"og:image:height\" content=\"800\" \/>\n\t<meta property=\"og:image:type\" content=\"image\/jpeg\" \/>\n<meta name=\"twitter:card\" content=\"summary_large_image\" \/>\n<meta name=\"twitter:label1\" content=\"Est. reading time\" \/>\n\t<meta name=\"twitter:data1\" content=\"1 minuta\" \/>\n<script type=\"application\/ld+json\" class=\"yoast-schema-graph\">{\"@context\":\"https:\\\/\\\/schema.org\",\"@graph\":[{\"@type\":\"WebPage\",\"@id\":\"https:\\\/\\\/vitamincic.com\\\/si\\\/product\\\/paket-za-hujsanje-in-pospesevanje-metabolizma-l-karnitin-drenacel\\\/\",\"url\":\"https:\\\/\\\/vitamincic.com\\\/si\\\/product\\\/paket-za-hujsanje-in-pospesevanje-metabolizma-l-karnitin-drenacel\\\/\",\"name\":\"Paket za huj\u0161anje in pospe\u0161evanje metabolizma: L-karnitin + Drenacel - Vitamincic Slovenia\",\"isPartOf\":{\"@id\":\"https:\\\/\\\/vitamincic.com\\\/si\\\/#website\"},\"primaryImageOfPage\":{\"@id\":\"https:\\\/\\\/vitamincic.com\\\/si\\\/product\\\/paket-za-hujsanje-in-pospesevanje-metabolizma-l-karnitin-drenacel\\\/#primaryimage\"},\"image\":{\"@id\":\"https:\\\/\\\/vitamincic.com\\\/si\\\/product\\\/paket-za-hujsanje-in-pospesevanje-metabolizma-l-karnitin-drenacel\\\/#primaryimage\"},\"thumbnailUrl\":\"https:\\\/\\\/vitamincic.com\\\/si\\\/wp-content\\\/uploads\\\/sites\\\/2\\\/2024\\\/10\\\/Pachet-Slabire-si-Accelerare-Metabolism-L-Carnitina-Drenacel-768x933-ezgif.com-resize.jpg\",\"datePublished\":\"2024-10-04T16:26:33+00:00\",\"dateModified\":\"2026-01-18T09:34:28+00:00\",\"breadcrumb\":{\"@id\":\"https:\\\/\\\/vitamincic.com\\\/si\\\/product\\\/paket-za-hujsanje-in-pospesevanje-metabolizma-l-karnitin-drenacel\\\/#breadcrumb\"},\"inLanguage\":\"sl-SI\",\"potentialAction\":[{\"@type\":\"ReadAction\",\"target\":[\"https:\\\/\\\/vitamincic.com\\\/si\\\/product\\\/paket-za-hujsanje-in-pospesevanje-metabolizma-l-karnitin-drenacel\\\/\"]}]},{\"@type\":\"ImageObject\",\"inLanguage\":\"sl-SI\",\"@id\":\"https:\\\/\\\/vitamincic.com\\\/si\\\/product\\\/paket-za-hujsanje-in-pospesevanje-metabolizma-l-karnitin-drenacel\\\/#primaryimage\",\"url\":\"https:\\\/\\\/vitamincic.com\\\/si\\\/wp-content\\\/uploads\\\/sites\\\/2\\\/2024\\\/10\\\/Pachet-Slabire-si-Accelerare-Metabolism-L-Carnitina-Drenacel-768x933-ezgif.com-resize.jpg\",\"contentUrl\":\"https:\\\/\\\/vitamincic.com\\\/si\\\/wp-content\\\/uploads\\\/sites\\\/2\\\/2024\\\/10\\\/Pachet-Slabire-si-Accelerare-Metabolism-L-Carnitina-Drenacel-768x933-ezgif.com-resize.jpg\",\"width\":800,\"height\":800},{\"@type\":\"BreadcrumbList\",\"@id\":\"https:\\\/\\\/vitamincic.com\\\/si\\\/product\\\/paket-za-hujsanje-in-pospesevanje-metabolizma-l-karnitin-drenacel\\\/#breadcrumb\",\"itemListElement\":[{\"@type\":\"ListItem\",\"position\":1,\"name\":\"Po\u010detna stranica\",\"item\":\"https:\\\/\\\/vitamincic.com\\\/si\\\/\"},{\"@type\":\"ListItem\",\"position\":2,\"name\":\"Trgovina\",\"item\":\"https:\\\/\\\/vitamincic.com\\\/si\\\/trgovina\\\/\"},{\"@type\":\"ListItem\",\"position\":3,\"name\":\"Paket za huj\u0161anje in pospe\u0161evanje metabolizma: L-karnitin + Drenacel\"}]},{\"@type\":\"WebSite\",\"@id\":\"https:\\\/\\\/vitamincic.com\\\/si\\\/#website\",\"url\":\"https:\\\/\\\/vitamincic.com\\\/si\\\/\",\"name\":\"Vitamincic Slovenia\",\"description\":\"Ponudite vitaminsko naravno kozmetiko beljakovinska prehranska dopolnila za zdravje in lepoto. Kupiti na spletu.\",\"publisher\":{\"@id\":\"https:\\\/\\\/vitamincic.com\\\/si\\\/#organization\"},\"potentialAction\":[{\"@type\":\"SearchAction\",\"target\":{\"@type\":\"EntryPoint\",\"urlTemplate\":\"https:\\\/\\\/vitamincic.com\\\/si\\\/?s={search_term_string}\"},\"query-input\":{\"@type\":\"PropertyValueSpecification\",\"valueRequired\":true,\"valueName\":\"search_term_string\"}}],\"inLanguage\":\"sl-SI\"},{\"@type\":\"Organization\",\"@id\":\"https:\\\/\\\/vitamincic.com\\\/si\\\/#organization\",\"name\":\"Vitamin\u010di\u0107 - e-Natura\",\"url\":\"https:\\\/\\\/vitamincic.com\\\/si\\\/\",\"logo\":{\"@type\":\"ImageObject\",\"inLanguage\":\"sl-SI\",\"@id\":\"https:\\\/\\\/vitamincic.com\\\/si\\\/#\\\/schema\\\/logo\\\/image\\\/\",\"url\":\"https:\\\/\\\/vitamincic.com\\\/si\\\/wp-content\\\/uploads\\\/sites\\\/2\\\/2021\\\/03\\\/Vitaminic-logo-1.png\",\"contentUrl\":\"https:\\\/\\\/vitamincic.com\\\/si\\\/wp-content\\\/uploads\\\/sites\\\/2\\\/2021\\\/03\\\/Vitaminic-logo-1.png\",\"width\":400,\"height\":115,\"caption\":\"Vitamin\u010di\u0107 - e-Natura\"},\"image\":{\"@id\":\"https:\\\/\\\/vitamincic.com\\\/si\\\/#\\\/schema\\\/logo\\\/image\\\/\"}}]}<\/script>\n<!-- \/ Yoast SEO plugin. -->","yoast_head_json":{"title":"Paket za huj\u0161anje in pospe\u0161evanje metabolizma: L-karnitin + Drenacel - Vitamincic Slovenia","robots":{"index":"index","follow":"follow","max-snippet":"max-snippet:-1","max-image-preview":"max-image-preview:large","max-video-preview":"max-video-preview:-1"},"canonical":"https:\/\/vitamincic.com\/si\/product\/paket-za-hujsanje-in-pospesevanje-metabolizma-l-karnitin-drenacel\/","og_locale":"sl_SI","og_type":"article","og_title":"Paket za huj\u0161anje in pospe\u0161evanje metabolizma: L-karnitin + Drenacel - Vitamincic Slovenia","og_description":"Teko\u010di L-karnitin 2000 mg za izgorevanje ma\u0161\u010dob in mi\u0161i\u010dni sistem, 100% veganski - 20 ampul Pospe\u0161evalec metabolizma, ki lahko spodbuja huj\u0161anje s transportom ma\u0161\u010dobe v celice in njeno pretvarjanjem v energijo. &nbsp; Drenacel za huj\u0161anje, regulacijo tranzita, napenjanje, diuretik, 100% naraven - 7 u\u010dinkovin - 250 ml Kompleksna formula iz 100% rastlinskih virov z diureti\u010dnim [&hellip;]","og_url":"https:\/\/vitamincic.com\/si\/product\/paket-za-hujsanje-in-pospesevanje-metabolizma-l-karnitin-drenacel\/","og_site_name":"Vitamincic Slovenia","article_modified_time":"2026-01-18T09:34:28+00:00","og_image":[{"width":800,"height":800,"url":"https:\/\/vitamincic.com\/si\/wp-content\/uploads\/sites\/2\/2024\/10\/Pachet-Slabire-si-Accelerare-Metabolism-L-Carnitina-Drenacel-768x933-ezgif.com-resize.jpg","type":"image\/jpeg"}],"twitter_card":"summary_large_image","twitter_misc":{"Est. reading time":"1 minuta"},"schema":{"@context":"https:\/\/schema.org","@graph":[{"@type":"WebPage","@id":"https:\/\/vitamincic.com\/si\/product\/paket-za-hujsanje-in-pospesevanje-metabolizma-l-karnitin-drenacel\/","url":"https:\/\/vitamincic.com\/si\/product\/paket-za-hujsanje-in-pospesevanje-metabolizma-l-karnitin-drenacel\/","name":"Paket za huj\u0161anje in pospe\u0161evanje metabolizma: L-karnitin + Drenacel - Vitamincic Slovenia","isPartOf":{"@id":"https:\/\/vitamincic.com\/si\/#website"},"primaryImageOfPage":{"@id":"https:\/\/vitamincic.com\/si\/product\/paket-za-hujsanje-in-pospesevanje-metabolizma-l-karnitin-drenacel\/#primaryimage"},"image":{"@id":"https:\/\/vitamincic.com\/si\/product\/paket-za-hujsanje-in-pospesevanje-metabolizma-l-karnitin-drenacel\/#primaryimage"},"thumbnailUrl":"https:\/\/vitamincic.com\/si\/wp-content\/uploads\/sites\/2\/2024\/10\/Pachet-Slabire-si-Accelerare-Metabolism-L-Carnitina-Drenacel-768x933-ezgif.com-resize.jpg","datePublished":"2024-10-04T16:26:33+00:00","dateModified":"2026-01-18T09:34:28+00:00","breadcrumb":{"@id":"https:\/\/vitamincic.com\/si\/product\/paket-za-hujsanje-in-pospesevanje-metabolizma-l-karnitin-drenacel\/#breadcrumb"},"inLanguage":"sl-SI","potentialAction":[{"@type":"ReadAction","target":["https:\/\/vitamincic.com\/si\/product\/paket-za-hujsanje-in-pospesevanje-metabolizma-l-karnitin-drenacel\/"]}]},{"@type":"ImageObject","inLanguage":"sl-SI","@id":"https:\/\/vitamincic.com\/si\/product\/paket-za-hujsanje-in-pospesevanje-metabolizma-l-karnitin-drenacel\/#primaryimage","url":"https:\/\/vitamincic.com\/si\/wp-content\/uploads\/sites\/2\/2024\/10\/Pachet-Slabire-si-Accelerare-Metabolism-L-Carnitina-Drenacel-768x933-ezgif.com-resize.jpg","contentUrl":"https:\/\/vitamincic.com\/si\/wp-content\/uploads\/sites\/2\/2024\/10\/Pachet-Slabire-si-Accelerare-Metabolism-L-Carnitina-Drenacel-768x933-ezgif.com-resize.jpg","width":800,"height":800},{"@type":"BreadcrumbList","@id":"https:\/\/vitamincic.com\/si\/product\/paket-za-hujsanje-in-pospesevanje-metabolizma-l-karnitin-drenacel\/#breadcrumb","itemListElement":[{"@type":"ListItem","position":1,"name":"Po\u010detna stranica","item":"https:\/\/vitamincic.com\/si\/"},{"@type":"ListItem","position":2,"name":"Trgovina","item":"https:\/\/vitamincic.com\/si\/trgovina\/"},{"@type":"ListItem","position":3,"name":"Paket za huj\u0161anje in pospe\u0161evanje metabolizma: L-karnitin + Drenacel"}]},{"@type":"WebSite","@id":"https:\/\/vitamincic.com\/si\/#website","url":"https:\/\/vitamincic.com\/si\/","name":"Vitamincic Slovenia","description":"Ponudite vitaminsko naravno kozmetiko beljakovinska prehranska dopolnila za zdravje in lepoto. Kupiti na spletu.","publisher":{"@id":"https:\/\/vitamincic.com\/si\/#organization"},"potentialAction":[{"@type":"SearchAction","target":{"@type":"EntryPoint","urlTemplate":"https:\/\/vitamincic.com\/si\/?s={search_term_string}"},"query-input":{"@type":"PropertyValueSpecification","valueRequired":true,"valueName":"search_term_string"}}],"inLanguage":"sl-SI"},{"@type":"Organization","@id":"https:\/\/vitamincic.com\/si\/#organization","name":"Vitamin\u010di\u0107 - e-Natura","url":"https:\/\/vitamincic.com\/si\/","logo":{"@type":"ImageObject","inLanguage":"sl-SI","@id":"https:\/\/vitamincic.com\/si\/#\/schema\/logo\/image\/","url":"https:\/\/vitamincic.com\/si\/wp-content\/uploads\/sites\/2\/2021\/03\/Vitaminic-logo-1.png","contentUrl":"https:\/\/vitamincic.com\/si\/wp-content\/uploads\/sites\/2\/2021\/03\/Vitaminic-logo-1.png","width":400,"height":115,"caption":"Vitamin\u010di\u0107 - e-Natura"},"image":{"@id":"https:\/\/vitamincic.com\/si\/#\/schema\/logo\/image\/"}}]}},"_links":{"self":[{"href":"https:\/\/vitamincic.com\/si\/wp-json\/wp\/v2\/product\/37698","targetHints":{"allow":["GET"]}}],"collection":[{"href":"https:\/\/vitamincic.com\/si\/wp-json\/wp\/v2\/product"}],"about":[{"href":"https:\/\/vitamincic.com\/si\/wp-json\/wp\/v2\/types\/product"}],"replies":[{"embeddable":true,"href":"https:\/\/vitamincic.com\/si\/wp-json\/wp\/v2\/comments?post=37698"}],"wp:featuredmedia":[{"embeddable":true,"href":"https:\/\/vitamincic.com\/si\/wp-json\/wp\/v2\/media\/37699"}],"wp:attachment":[{"href":"https:\/\/vitamincic.com\/si\/wp-json\/wp\/v2\/media?parent=37698"}],"wp:term":[{"taxonomy":"product_brand","embeddable":true,"href":"https:\/\/vitamincic.com\/si\/wp-json\/wp\/v2\/product_brand?post=37698"},{"taxonomy":"product_cat","embeddable":true,"href":"https:\/\/vitamincic.com\/si\/wp-json\/wp\/v2\/product_cat?post=37698"},{"taxonomy":"product_tag","embeddable":true,"href":"https:\/\/vitamincic.com\/si\/wp-json\/wp\/v2\/product_tag?post=37698"}],"curies":[{"name":"wp","href":"https:\/\/api.w.org\/{rel}","templated":true}]}}