{"id":38343,"date":"2026-01-29T05:42:13","date_gmt":"2026-01-29T05:42:13","guid":{"rendered":"https:\/\/vitamincic.com\/si\/?post_type=product&#038;p=38343"},"modified":"2026-01-29T05:42:14","modified_gmt":"2026-01-29T05:42:14","slug":"collagen-dream-500ml","status":"publish","type":"product","link":"https:\/\/vitamincic.com\/si\/product\/collagen-dream-500ml\/","title":{"rendered":"Collagen Dream 500ml"},"content":{"rendered":"<p data-start=\"102\" data-end=\"173\"><strong data-start=\"102\" data-end=\"173\">Collagen Dream \u2013 Sleep &amp; Skin Formula z 10.000 mg morskega kolagena<\/strong><\/p>\n<h3 data-start=\"175\" data-end=\"183\">Opis<\/h3>\n<p data-start=\"185\" data-end=\"677\">Swedish Nutra Collagen Dream je vrhunska teko\u010da no\u010dna kolagenska formula, zasnovana za podporo globokemu, regenerativnemu spancu, sprostitvi ter zdravi in mladostni ko\u017ei.<br data-start=\"355\" data-end=\"358\" \/>Vsebuje <strong data-start=\"366\" data-end=\"413\">10.000 mg hidroliziranega morskega kolagena<\/strong>, klju\u010dni aminokislini za podporo spanju <strong data-start=\"454\" data-end=\"481\">L-triptofan in L-teanin<\/strong> ter pomirjujo\u010do rastlinsko me\u0161anico, ki vklju\u010duje <strong data-start=\"532\" data-end=\"593\">korenino baldrijana, sivko, pasijonko, a\u0161vagando in hmelj<\/strong>. Formula pomaga telesu, da se pono\u010di obnovi, hkrati pa neguje ko\u017eo, lase in sklepe.<\/p>\n<p data-start=\"679\" data-end=\"878\">Obogatena z <strong data-start=\"691\" data-end=\"728\">magnezijem, cinkom in vitaminom C<\/strong>, Collagen Dream pomaga zmanj\u0161evati utrujenost in iz\u010drpanost, podpira \u017eiv\u010dni sistem, spodbuja sprostitev mi\u0161ic ter prispeva k naravni tvorbi kolagena.<\/p>\n<p data-start=\"880\" data-end=\"1013\">Teko\u010da oblika omogo\u010da <strong data-start=\"902\" data-end=\"945\">bolj\u0161o absorpcijo in hitrej\u0161e delovanje<\/strong>, z odli\u010dnim naravnim okusom jagodi\u010devja in brez dodanega sladkorja.<\/p>\n<h3 data-start=\"1015\" data-end=\"1036\">Klju\u010dne prednosti<\/h3>\n<p data-start=\"1038\" data-end=\"1422\">\u2728 Podpira globok, regenerativen spanec in sprostitev<br data-start=\"1090\" data-end=\"1093\" \/>\u2728 Izbolj\u0161uje elasti\u010dnost, vla\u017enost in \u010dvrstost ko\u017ee<br data-start=\"1144\" data-end=\"1147\" \/>\u2728 Pomaga zmanj\u0161evati stres, tesnobo in no\u010dni nemir<br data-start=\"1197\" data-end=\"1200\" \/>\u2728 Zmanj\u0161uje utrujenost in iz\u010drpanost<br data-start=\"1236\" data-end=\"1239\" \/>\u2728 Podpira sprostitev in regeneracijo mi\u0161ic<br data-start=\"1281\" data-end=\"1284\" \/>\u2728 Spodbuja zdrave lase, nohte in sklepe<br data-start=\"1323\" data-end=\"1326\" \/>\u2728 Teko\u010da formula z visoko absorpcijo \u2013 ne\u017ena za prebavo<br data-start=\"1381\" data-end=\"1384\" \/>\u2728 Brez sladkorja, laktoze in glutena<\/p>\n<h3 data-start=\"1424\" data-end=\"1448\">Za koga je primeren?<\/h3>\n<p data-start=\"1450\" data-end=\"1479\">Idealen za odrasle, ki imajo:<\/p>\n<ul data-start=\"1481\" data-end=\"1726\">\n<li data-start=\"1481\" data-end=\"1527\">\n<p data-start=\"1483\" data-end=\"1527\">te\u017eave z uspavanjem ali ohranjanjem spanca<\/p>\n<\/li>\n<li data-start=\"1528\" data-end=\"1579\">\n<p data-start=\"1530\" data-end=\"1579\">no\u010dno tesnobo, stres ali pretirano razmi\u0161ljanje<\/p>\n<\/li>\n<li data-start=\"1580\" data-end=\"1625\">\n<p data-start=\"1582\" data-end=\"1625\">suho, pusto ko\u017eo ali vidne znake staranja<\/p>\n<\/li>\n<li data-start=\"1626\" data-end=\"1673\">\n<p data-start=\"1628\" data-end=\"1673\">mi\u0161i\u010dno utrujenost, no\u010dne kr\u010de ali napetost<\/p>\n<\/li>\n<li data-start=\"1674\" data-end=\"1726\">\n<p data-start=\"1676\" data-end=\"1726\">hiter \u017eivljenjski slog ali neurejen spalni ritem<\/p>\n<\/li>\n<\/ul>\n<h3 data-start=\"1728\" data-end=\"1777\">Aktivne sestavine (na 25 ml dnevnega odmerka)<\/h3>\n<ul data-start=\"1779\" data-end=\"2197\">\n<li data-start=\"1779\" data-end=\"1840\">\n<p data-start=\"1781\" data-end=\"1840\">Hidroliziran morski kolagen (tip I &amp; III) \u2013 <strong data-start=\"1825\" data-end=\"1838\">10.000 mg<\/strong><\/p>\n<\/li>\n<li data-start=\"1841\" data-end=\"1869\">\n<p data-start=\"1843\" data-end=\"1869\">L-triptofan \u2013 <strong data-start=\"1857\" data-end=\"1867\">500 mg<\/strong><\/p>\n<\/li>\n<li data-start=\"1870\" data-end=\"1895\">\n<p data-start=\"1872\" data-end=\"1895\">L-teanin \u2013 <strong data-start=\"1883\" data-end=\"1893\">200 mg<\/strong><\/p>\n<\/li>\n<li data-start=\"1896\" data-end=\"1932\">\n<p data-start=\"1898\" data-end=\"1932\">Magnezij \u2013 <strong data-start=\"1909\" data-end=\"1930\">150 mg (40 % NRV)<\/strong><\/p>\n<\/li>\n<li data-start=\"1933\" data-end=\"1965\">\n<p data-start=\"1935\" data-end=\"1965\">Cink \u2013 <strong data-start=\"1942\" data-end=\"1963\">10 mg (100 % NRV)<\/strong><\/p>\n<\/li>\n<li data-start=\"1966\" data-end=\"2003\">\n<p data-start=\"1968\" data-end=\"2003\">Vitamin C \u2013 <strong data-start=\"1980\" data-end=\"2001\">80 mg (100 % NRV)<\/strong><\/p>\n<\/li>\n<li data-start=\"2004\" data-end=\"2029\">\n<p data-start=\"2006\" data-end=\"2029\">A\u0161vaganda \u2013 <strong data-start=\"2018\" data-end=\"2027\">50 mg<\/strong><\/p>\n<\/li>\n<li data-start=\"2030\" data-end=\"2066\">\n<p data-start=\"2032\" data-end=\"2066\">Korenina baldrijana \u2013 <strong data-start=\"2054\" data-end=\"2064\">100 mg<\/strong><\/p>\n<\/li>\n<li data-start=\"2067\" data-end=\"2088\">\n<p data-start=\"2069\" data-end=\"2088\">Sivka \u2013 <strong data-start=\"2077\" data-end=\"2086\">50 mg<\/strong><\/p>\n<\/li>\n<li data-start=\"2089\" data-end=\"2128\">\n<p data-start=\"2091\" data-end=\"2128\">Hmelj (Humulus lupulus) \u2013 <strong data-start=\"2117\" data-end=\"2126\">50 mg<\/strong><\/p>\n<\/li>\n<li data-start=\"2129\" data-end=\"2163\">\n<p data-start=\"2131\" data-end=\"2163\">Izvle\u010dek pasijonke \u2013 <strong data-start=\"2152\" data-end=\"2161\">25 mg<\/strong><\/p>\n<\/li>\n<li data-start=\"2164\" data-end=\"2197\">\n<p data-start=\"2166\" data-end=\"2197\">Hialuronska kislina \u2013 <strong data-start=\"2188\" data-end=\"2197\">50 mg<\/strong><\/p>\n<\/li>\n<\/ul>\n<p data-start=\"2199\" data-end=\"2265\">Naravni okus jagodi\u010devja \u2022 100 % naravna barva \u2022 Slajeno s stevijo<\/p>\n<h3 data-start=\"2267\" data-end=\"2284\">Na\u010din uporabe<\/h3>\n<p data-start=\"2286\" data-end=\"2452\">Zau\u017eijte <strong data-start=\"2295\" data-end=\"2318\">25 ml enkrat dnevno<\/strong>, zve\u010der <strong data-start=\"2327\" data-end=\"2355\">30\u201360 minut pred spanjem<\/strong>.<br data-start=\"2356\" data-end=\"2359\" \/>Pred uporabo dobro pretresite.<br data-start=\"2389\" data-end=\"2392\" \/>Po odprtju hranite v hladilniku in porabite v <strong data-start=\"2438\" data-end=\"2451\">2 mesecih<\/strong>.<\/p>\n<h3 data-start=\"2454\" data-end=\"2491\">Alergeni in varnostne informacije<\/h3>\n<p data-start=\"2493\" data-end=\"2715\">Vsebuje ribe.<br data-start=\"2506\" data-end=\"2509\" \/>Brez sladkorja, glutena, soje, laktoze, brez GSO.<br data-start=\"2558\" data-end=\"2561\" \/>Prehranska dopolnila niso nadomestilo za uravnote\u017eeno prehrano.<br data-start=\"2624\" data-end=\"2627\" \/>\u010ce ste nose\u010di, dojite ali jemljete zdravila, se posvetujte z zdravstvenim strokovnjakom.<\/p>\n<h3 data-start=\"2717\" data-end=\"2730\">Pakiranje<\/h3>\n<p data-start=\"2732\" data-end=\"2857\">\ud83d\udce6 Steklenica 500 ml = zaloga za 20 dni<br data-start=\"2771\" data-end=\"2774\" \/>\ud83c\uddf8\ud83c\uddea Izdelano na \u0160vedskem | HACCP &amp; GMP certificirano | 100 % reciklabilna embala\u017ea<\/p>\n","protected":false},"excerpt":{"rendered":"<p>Globok spanec &amp; obnova ko\u017ee \u2022 10.000 mg morskega kolagena \u2022 naravni okus jagodi\u010devja<\/p>\n","protected":false},"featured_media":38344,"comment_status":"open","ping_status":"closed","template":"","meta":[],"product_brand":[],"product_cat":[2546],"product_tag":[2608],"class_list":{"0":"post-38343","1":"product","2":"type-product","3":"status-publish","4":"has-post-thumbnail","6":"product_cat-lepota","7":"product_tag-swedish-nutra","9":"first","10":"instock","11":"sale","12":"taxable","13":"shipping-taxable","14":"purchasable","15":"product-type-simple"},"yoast_head":"<!-- This site is optimized with the Yoast SEO plugin v27.3 - https:\/\/yoast.com\/product\/yoast-seo-wordpress\/ -->\n<title>Collagen Dream 500ml - Vitamincic Slovenia<\/title>\n<meta name=\"robots\" content=\"index, follow, max-snippet:-1, max-image-preview:large, max-video-preview:-1\" \/>\n<link rel=\"canonical\" href=\"https:\/\/vitamincic.com\/si\/product\/collagen-dream-500ml\/\" \/>\n<meta property=\"og:locale\" content=\"sl_SI\" \/>\n<meta property=\"og:type\" content=\"article\" \/>\n<meta property=\"og:title\" content=\"Collagen Dream 500ml - Vitamincic Slovenia\" \/>\n<meta property=\"og:description\" content=\"Globok spanec &amp; obnova ko\u017ee \u2022 10.000 mg morskega kolagena \u2022 naravni okus jagodi\u010devja\" \/>\n<meta property=\"og:url\" content=\"https:\/\/vitamincic.com\/si\/product\/collagen-dream-500ml\/\" \/>\n<meta property=\"og:site_name\" content=\"Vitamincic Slovenia\" \/>\n<meta property=\"article:modified_time\" content=\"2026-01-29T05:42:14+00:00\" \/>\n<meta property=\"og:image\" content=\"https:\/\/vitamincic.com\/si\/wp-content\/uploads\/sites\/2\/2026\/01\/SwedishNutra-CollagenDream1-ezgif.com-optipng-1.png\" \/>\n\t<meta property=\"og:image:width\" content=\"1200\" \/>\n\t<meta property=\"og:image:height\" content=\"1200\" \/>\n\t<meta property=\"og:image:type\" content=\"image\/png\" \/>\n<meta name=\"twitter:card\" content=\"summary_large_image\" \/>\n<meta name=\"twitter:label1\" content=\"Est. reading time\" \/>\n\t<meta name=\"twitter:data1\" content=\"3 minute\" \/>\n<script type=\"application\/ld+json\" class=\"yoast-schema-graph\">{\"@context\":\"https:\\\/\\\/schema.org\",\"@graph\":[{\"@type\":\"WebPage\",\"@id\":\"https:\\\/\\\/vitamincic.com\\\/si\\\/product\\\/collagen-dream-500ml\\\/\",\"url\":\"https:\\\/\\\/vitamincic.com\\\/si\\\/product\\\/collagen-dream-500ml\\\/\",\"name\":\"Collagen Dream 500ml - Vitamincic Slovenia\",\"isPartOf\":{\"@id\":\"https:\\\/\\\/vitamincic.com\\\/si\\\/#website\"},\"primaryImageOfPage\":{\"@id\":\"https:\\\/\\\/vitamincic.com\\\/si\\\/product\\\/collagen-dream-500ml\\\/#primaryimage\"},\"image\":{\"@id\":\"https:\\\/\\\/vitamincic.com\\\/si\\\/product\\\/collagen-dream-500ml\\\/#primaryimage\"},\"thumbnailUrl\":\"https:\\\/\\\/vitamincic.com\\\/si\\\/wp-content\\\/uploads\\\/sites\\\/2\\\/2026\\\/01\\\/SwedishNutra-CollagenDream1-ezgif.com-optipng-1.png\",\"datePublished\":\"2026-01-29T05:42:13+00:00\",\"dateModified\":\"2026-01-29T05:42:14+00:00\",\"breadcrumb\":{\"@id\":\"https:\\\/\\\/vitamincic.com\\\/si\\\/product\\\/collagen-dream-500ml\\\/#breadcrumb\"},\"inLanguage\":\"sl-SI\",\"potentialAction\":[{\"@type\":\"ReadAction\",\"target\":[\"https:\\\/\\\/vitamincic.com\\\/si\\\/product\\\/collagen-dream-500ml\\\/\"]}]},{\"@type\":\"ImageObject\",\"inLanguage\":\"sl-SI\",\"@id\":\"https:\\\/\\\/vitamincic.com\\\/si\\\/product\\\/collagen-dream-500ml\\\/#primaryimage\",\"url\":\"https:\\\/\\\/vitamincic.com\\\/si\\\/wp-content\\\/uploads\\\/sites\\\/2\\\/2026\\\/01\\\/SwedishNutra-CollagenDream1-ezgif.com-optipng-1.png\",\"contentUrl\":\"https:\\\/\\\/vitamincic.com\\\/si\\\/wp-content\\\/uploads\\\/sites\\\/2\\\/2026\\\/01\\\/SwedishNutra-CollagenDream1-ezgif.com-optipng-1.png\",\"width\":1200,\"height\":1200},{\"@type\":\"BreadcrumbList\",\"@id\":\"https:\\\/\\\/vitamincic.com\\\/si\\\/product\\\/collagen-dream-500ml\\\/#breadcrumb\",\"itemListElement\":[{\"@type\":\"ListItem\",\"position\":1,\"name\":\"Po\u010detna stranica\",\"item\":\"https:\\\/\\\/vitamincic.com\\\/si\\\/\"},{\"@type\":\"ListItem\",\"position\":2,\"name\":\"Trgovina\",\"item\":\"https:\\\/\\\/vitamincic.com\\\/si\\\/trgovina\\\/\"},{\"@type\":\"ListItem\",\"position\":3,\"name\":\"Collagen Dream 500ml\"}]},{\"@type\":\"WebSite\",\"@id\":\"https:\\\/\\\/vitamincic.com\\\/si\\\/#website\",\"url\":\"https:\\\/\\\/vitamincic.com\\\/si\\\/\",\"name\":\"Vitamincic Slovenia\",\"description\":\"Ponudite vitaminsko naravno kozmetiko beljakovinska prehranska dopolnila za zdravje in lepoto. Kupiti na spletu.\",\"publisher\":{\"@id\":\"https:\\\/\\\/vitamincic.com\\\/si\\\/#organization\"},\"potentialAction\":[{\"@type\":\"SearchAction\",\"target\":{\"@type\":\"EntryPoint\",\"urlTemplate\":\"https:\\\/\\\/vitamincic.com\\\/si\\\/?s={search_term_string}\"},\"query-input\":{\"@type\":\"PropertyValueSpecification\",\"valueRequired\":true,\"valueName\":\"search_term_string\"}}],\"inLanguage\":\"sl-SI\"},{\"@type\":\"Organization\",\"@id\":\"https:\\\/\\\/vitamincic.com\\\/si\\\/#organization\",\"name\":\"Vitamin\u010di\u0107 - e-Natura\",\"url\":\"https:\\\/\\\/vitamincic.com\\\/si\\\/\",\"logo\":{\"@type\":\"ImageObject\",\"inLanguage\":\"sl-SI\",\"@id\":\"https:\\\/\\\/vitamincic.com\\\/si\\\/#\\\/schema\\\/logo\\\/image\\\/\",\"url\":\"https:\\\/\\\/vitamincic.com\\\/si\\\/wp-content\\\/uploads\\\/sites\\\/2\\\/2021\\\/03\\\/Vitaminic-logo-1.png\",\"contentUrl\":\"https:\\\/\\\/vitamincic.com\\\/si\\\/wp-content\\\/uploads\\\/sites\\\/2\\\/2021\\\/03\\\/Vitaminic-logo-1.png\",\"width\":400,\"height\":115,\"caption\":\"Vitamin\u010di\u0107 - e-Natura\"},\"image\":{\"@id\":\"https:\\\/\\\/vitamincic.com\\\/si\\\/#\\\/schema\\\/logo\\\/image\\\/\"}}]}<\/script>\n<!-- \/ Yoast SEO plugin. -->","yoast_head_json":{"title":"Collagen Dream 500ml - Vitamincic Slovenia","robots":{"index":"index","follow":"follow","max-snippet":"max-snippet:-1","max-image-preview":"max-image-preview:large","max-video-preview":"max-video-preview:-1"},"canonical":"https:\/\/vitamincic.com\/si\/product\/collagen-dream-500ml\/","og_locale":"sl_SI","og_type":"article","og_title":"Collagen Dream 500ml - Vitamincic Slovenia","og_description":"Globok spanec &amp; obnova ko\u017ee \u2022 10.000 mg morskega kolagena \u2022 naravni okus jagodi\u010devja","og_url":"https:\/\/vitamincic.com\/si\/product\/collagen-dream-500ml\/","og_site_name":"Vitamincic Slovenia","article_modified_time":"2026-01-29T05:42:14+00:00","og_image":[{"width":1200,"height":1200,"url":"https:\/\/vitamincic.com\/si\/wp-content\/uploads\/sites\/2\/2026\/01\/SwedishNutra-CollagenDream1-ezgif.com-optipng-1.png","type":"image\/png"}],"twitter_card":"summary_large_image","twitter_misc":{"Est. reading time":"3 minute"},"schema":{"@context":"https:\/\/schema.org","@graph":[{"@type":"WebPage","@id":"https:\/\/vitamincic.com\/si\/product\/collagen-dream-500ml\/","url":"https:\/\/vitamincic.com\/si\/product\/collagen-dream-500ml\/","name":"Collagen Dream 500ml - Vitamincic Slovenia","isPartOf":{"@id":"https:\/\/vitamincic.com\/si\/#website"},"primaryImageOfPage":{"@id":"https:\/\/vitamincic.com\/si\/product\/collagen-dream-500ml\/#primaryimage"},"image":{"@id":"https:\/\/vitamincic.com\/si\/product\/collagen-dream-500ml\/#primaryimage"},"thumbnailUrl":"https:\/\/vitamincic.com\/si\/wp-content\/uploads\/sites\/2\/2026\/01\/SwedishNutra-CollagenDream1-ezgif.com-optipng-1.png","datePublished":"2026-01-29T05:42:13+00:00","dateModified":"2026-01-29T05:42:14+00:00","breadcrumb":{"@id":"https:\/\/vitamincic.com\/si\/product\/collagen-dream-500ml\/#breadcrumb"},"inLanguage":"sl-SI","potentialAction":[{"@type":"ReadAction","target":["https:\/\/vitamincic.com\/si\/product\/collagen-dream-500ml\/"]}]},{"@type":"ImageObject","inLanguage":"sl-SI","@id":"https:\/\/vitamincic.com\/si\/product\/collagen-dream-500ml\/#primaryimage","url":"https:\/\/vitamincic.com\/si\/wp-content\/uploads\/sites\/2\/2026\/01\/SwedishNutra-CollagenDream1-ezgif.com-optipng-1.png","contentUrl":"https:\/\/vitamincic.com\/si\/wp-content\/uploads\/sites\/2\/2026\/01\/SwedishNutra-CollagenDream1-ezgif.com-optipng-1.png","width":1200,"height":1200},{"@type":"BreadcrumbList","@id":"https:\/\/vitamincic.com\/si\/product\/collagen-dream-500ml\/#breadcrumb","itemListElement":[{"@type":"ListItem","position":1,"name":"Po\u010detna stranica","item":"https:\/\/vitamincic.com\/si\/"},{"@type":"ListItem","position":2,"name":"Trgovina","item":"https:\/\/vitamincic.com\/si\/trgovina\/"},{"@type":"ListItem","position":3,"name":"Collagen Dream 500ml"}]},{"@type":"WebSite","@id":"https:\/\/vitamincic.com\/si\/#website","url":"https:\/\/vitamincic.com\/si\/","name":"Vitamincic Slovenia","description":"Ponudite vitaminsko naravno kozmetiko beljakovinska prehranska dopolnila za zdravje in lepoto. Kupiti na spletu.","publisher":{"@id":"https:\/\/vitamincic.com\/si\/#organization"},"potentialAction":[{"@type":"SearchAction","target":{"@type":"EntryPoint","urlTemplate":"https:\/\/vitamincic.com\/si\/?s={search_term_string}"},"query-input":{"@type":"PropertyValueSpecification","valueRequired":true,"valueName":"search_term_string"}}],"inLanguage":"sl-SI"},{"@type":"Organization","@id":"https:\/\/vitamincic.com\/si\/#organization","name":"Vitamin\u010di\u0107 - e-Natura","url":"https:\/\/vitamincic.com\/si\/","logo":{"@type":"ImageObject","inLanguage":"sl-SI","@id":"https:\/\/vitamincic.com\/si\/#\/schema\/logo\/image\/","url":"https:\/\/vitamincic.com\/si\/wp-content\/uploads\/sites\/2\/2021\/03\/Vitaminic-logo-1.png","contentUrl":"https:\/\/vitamincic.com\/si\/wp-content\/uploads\/sites\/2\/2021\/03\/Vitaminic-logo-1.png","width":400,"height":115,"caption":"Vitamin\u010di\u0107 - e-Natura"},"image":{"@id":"https:\/\/vitamincic.com\/si\/#\/schema\/logo\/image\/"}}]}},"_links":{"self":[{"href":"https:\/\/vitamincic.com\/si\/wp-json\/wp\/v2\/product\/38343","targetHints":{"allow":["GET"]}}],"collection":[{"href":"https:\/\/vitamincic.com\/si\/wp-json\/wp\/v2\/product"}],"about":[{"href":"https:\/\/vitamincic.com\/si\/wp-json\/wp\/v2\/types\/product"}],"replies":[{"embeddable":true,"href":"https:\/\/vitamincic.com\/si\/wp-json\/wp\/v2\/comments?post=38343"}],"wp:featuredmedia":[{"embeddable":true,"href":"https:\/\/vitamincic.com\/si\/wp-json\/wp\/v2\/media\/38344"}],"wp:attachment":[{"href":"https:\/\/vitamincic.com\/si\/wp-json\/wp\/v2\/media?parent=38343"}],"wp:term":[{"taxonomy":"product_brand","embeddable":true,"href":"https:\/\/vitamincic.com\/si\/wp-json\/wp\/v2\/product_brand?post=38343"},{"taxonomy":"product_cat","embeddable":true,"href":"https:\/\/vitamincic.com\/si\/wp-json\/wp\/v2\/product_cat?post=38343"},{"taxonomy":"product_tag","embeddable":true,"href":"https:\/\/vitamincic.com\/si\/wp-json\/wp\/v2\/product_tag?post=38343"}],"curies":[{"name":"wp","href":"https:\/\/api.w.org\/{rel}","templated":true}]}}